{"id":5422,"date":"2025-03-25T17:43:58","date_gmt":"2025-03-25T16:43:58","guid":{"rendered":"https:\/\/skrivanek.sk\/szakszeru-forditasok\/"},"modified":"2025-03-31T14:51:02","modified_gmt":"2025-03-31T12:51:02","slug":"szakszeru-forditasok","status":"publish","type":"page","link":"https:\/\/dev.skrivanek.sk\/hu\/forditasok\/szakszeru-forditasok\/","title":{"rendered":"Szakszer\u0171 ford\u00edt\u00e1sok"},"content":{"rendered":"<div id=\"pl-5422\"  class=\"panel-layout\" ><div id=\"pg-5422-0\"  class=\"panel-grid panel-has-style\" ><div class=\"siteorigin-panels-stretch panel-row-style panel-row-style-for-5422-0\" data-stretch-type=\"full\" ><div id=\"pgc-5422-0-0\"  class=\"panel-grid-cell\" ><div id=\"panel-5422-0-0-0\" class=\"so-panel widget widget_wpa9-card-l panel-first-child panel-last-child\" data-index=\"0\" ><div\n\t\t\t\n\t\t\tclass=\"so-widget-wpa9-card-l so-widget-wpa9-card-l-default-c93e1481a745-5422\"\n\t\t\t\n\t\t>\n\n<div class=\"wpa9-card wpa9-card-l-container d-flex flex-wrap wpa9-columns-2\">\n\n\t\n\t\t\n\t<div class=\"wpa9-card-l-panel wpa9-panel shadow rounded d-flex flex-column justify-content-between\">\n\n\t\t<div>\n\t\t\t\t\t\t\t<span class=\"wpa9-panel-icon icon\" style=\"display: none; background-image: url('https:\/\/dev.skrivanek.sk\/wp-content\/uploads\/2021\/01\/ico-odbornypreklad.svg')\"><\/span>\n\t\t\t<span class=\"wpa9-panel-icon icon\" style=\"mask-image: url(https:\/\/dev.skrivanek.sk\/wp-content\/uploads\/2021\/01\/ico-odbornypreklad.svg); -webkit-mask-image: url(https:\/\/dev.skrivanek.sk\/wp-content\/uploads\/2021\/01\/ico-odbornypreklad.svg);\"><\/span>\n\t\t\n\t\t\t\t\t\t\t\t<h2 class=\"wpa9-panel-title\">Ford\u00edt\u00e1sok az aut\u00f3ipar sz\u00e1m\u00e1ra<\/h2>\n\t\t\n\t\t\t\t\t\t\t<div class=\"wpa9-panel-content\"><p>Legyen az \u00d6n egyedi \u00e9rt\u00e9kes\u00edt\u00e9si pontja a kiv\u00e9teles formatervez\u00e9s, a vezet\u0151i k\u00e9nyelem vagy a prec\u00edz v\u00e1lt\u00e1s, aut\u00f3ipari szakford\u00edt\u00f3ink mindezt \u00d6n helyett. Ugyanolyan szenved\u00e9lyesen rajonganak az aut\u00f3k\u00e9rt, mint \u00d6n, \u00e9s az aut\u00f3ipar egy adott ter\u00fclet\u00e9nek szaknyelv\u00e9t A-t\u00f3l Z-ig ismerik.<\/p>\n<\/div>\n\t\t\t\t<\/div>\n\n\t\t\n\t<\/div>\n\n\t\t\n\t<div class=\"wpa9-card-l-panel wpa9-panel shadow rounded d-flex flex-column justify-content-between\">\n\n\t\t<div>\n\t\t\t\t\t\t\t<span class=\"wpa9-panel-icon icon\" style=\"display: none; background-image: url('https:\/\/dev.skrivanek.sk\/wp-content\/uploads\/2021\/03\/ico-medicinsky-preklad.svg')\"><\/span>\n\t\t\t<span class=\"wpa9-panel-icon icon\" style=\"mask-image: url(https:\/\/dev.skrivanek.sk\/wp-content\/uploads\/2021\/03\/ico-medicinsky-preklad.svg); -webkit-mask-image: url(https:\/\/dev.skrivanek.sk\/wp-content\/uploads\/2021\/03\/ico-medicinsky-preklad.svg);\"><\/span>\n\t\t\n\t\t\t\t\t\t\t\t<h2 class=\"wpa9-panel-title\">Orvosi ford\u00edt\u00e1sok<\/h2>\n\t\t\n\t\t\t\t\t\t\t<div class=\"wpa9-panel-content\"><div class=\"box-content\">\n<p>Az orvosi ford\u00edt\u00e1sokhoz csak olyan szakk\u00e9pzett ford\u00edt\u00f3kat \u00e9s nyelv\u00e9szeket v\u00e1lasztunk, akik ismerik a szakmai terminol\u00f3gi\u00e1t \u00e9s gyakorlatot. Ezeknek a ford\u00edt\u00f3knak szigor\u00fa kiv\u00e1laszt\u00e1si folyamaton kell \u00e1tesni\u00fck, hogy meger\u0151s\u00edts\u00e9k szak\u00e9rtelm\u00fcket \u00e9s szakter\u00fcleti tud\u00e1sukat. Ak\u00e1r az onkol\u00f3gia, ak\u00e1r a farmakol\u00f3gia vagy a klinikai orvostudom\u00e1ny a szakter\u00fclete, mi mindig megtal\u00e1ljuk a megfelel\u0151 szak\u00e9rt\u0151t.<\/p>\n<\/div>\n<\/div>\n\t\t\t\t<\/div>\n\n\t\t\n\t<\/div>\n\n\t\t\n\t<div class=\"wpa9-card-l-panel wpa9-panel shadow rounded d-flex flex-column justify-content-between\">\n\n\t\t<div>\n\t\t\t\t\t\t\t<span class=\"wpa9-panel-icon icon\" style=\"display: none; background-image: url('https:\/\/dev.skrivanek.sk\/wp-content\/uploads\/2021\/01\/ico-obecnypreklad.svg')\"><\/span>\n\t\t\t<span class=\"wpa9-panel-icon icon\" style=\"mask-image: url(https:\/\/dev.skrivanek.sk\/wp-content\/uploads\/2021\/01\/ico-obecnypreklad.svg); -webkit-mask-image: url(https:\/\/dev.skrivanek.sk\/wp-content\/uploads\/2021\/01\/ico-obecnypreklad.svg);\"><\/span>\n\t\t\n\t\t\t\t\t\t\t\t<h2 class=\"wpa9-panel-title\">P\u00e9nz\u00fcgyi ford\u00edt\u00e1sok<\/h2>\n\t\t\n\t\t\t\t\t\t\t<div class=\"wpa9-panel-content\"><div class=\"box-content\">\n<p>Ford\u00edt\u00f3ink otthonosan mozognak a p\u00e9nz\u00fcgyi vil\u00e1gban. A p\u00e9nz\u00fcgyi ford\u00edt\u00e1soknak megvannak a maguk saj\u00e1toss\u00e1gai \u00e9s bevett terminol\u00f3gi\u00e1ja, ford\u00edt\u00f3ink nemcsak nyelv\u00e9szek, hanem a p\u00e9nz\u00fcgyi \u00e1gazat k\u00fcl\u00f6nb\u00f6z\u0151 ter\u00fcletein k\u00e9pzett szakemberek is. 80 k\u00fcl\u00f6nb\u00f6z\u0151 nyelvre ford\u00edtj\u00e1k le b\u00e1rmelyik dokumentum\u00e1t.<\/p>\n<\/div>\n<\/div>\n\t\t\t\t<\/div>\n\n\t\t\n\t<\/div>\n\n\t\t\n\t<div class=\"wpa9-card-l-panel wpa9-panel shadow rounded d-flex flex-column justify-content-between\">\n\n\t\t<div>\n\t\t\t\t\t\t\t<span class=\"wpa9-panel-icon icon\" style=\"display: none; background-image: url('https:\/\/dev.skrivanek.sk\/wp-content\/uploads\/2021\/03\/ico-jazykove-zkousky.svg')\"><\/span>\n\t\t\t<span class=\"wpa9-panel-icon icon\" style=\"mask-image: url(https:\/\/dev.skrivanek.sk\/wp-content\/uploads\/2021\/03\/ico-jazykove-zkousky.svg); -webkit-mask-image: url(https:\/\/dev.skrivanek.sk\/wp-content\/uploads\/2021\/03\/ico-jazykove-zkousky.svg);\"><\/span>\n\t\t\n\t\t\t\t\t\t\t\t<h2 class=\"wpa9-panel-title\">M\u0171szaki ford\u00edt\u00e1sok<\/h2>\n\t\t\n\t\t\t\t\t\t\t<div class=\"wpa9-panel-content\"><p>Ak\u00e1r hardvert gy\u00e1rt, ak\u00e1r szoftvert tervez, ak\u00e1r t\u00e1vk\u00f6zl\u00e9si megold\u00e1sokat sz\u00e1ll\u00edt, ak\u00e1r platformokat \u00fczemeltet, ak\u00e1r m\u00e1s term\u00e9ket vagy szolg\u00e1ltat\u00e1st ny\u00fajt, az \u00d6n ipar\u00e1ga a vil\u00e1g egyik legversenyk\u00e9pesebb ipar\u00e1ga. A magas sz\u00ednvonal\u00fa m\u0171szaki ford\u00edt\u00e1sok \u00e9s azok lokaliz\u00e1ci\u00f3ja szint\u00e9n az er\u0151ss\u00e9g\u00fcnk.<\/p>\n<\/div>\n\t\t\t\t<\/div>\n\n\t\t\n\t<\/div>\n\n\t\t\n\t<div class=\"wpa9-card-l-panel wpa9-panel shadow rounded d-flex flex-column justify-content-between\">\n\n\t\t<div>\n\t\t\t\t\t\t\t<span class=\"wpa9-panel-icon icon\" style=\"display: none; background-image: url('https:\/\/dev.skrivanek.sk\/wp-content\/uploads\/2021\/03\/ico-certifikovana-spolecnost.svg')\"><\/span>\n\t\t\t<span class=\"wpa9-panel-icon icon\" style=\"mask-image: url(https:\/\/dev.skrivanek.sk\/wp-content\/uploads\/2021\/03\/ico-certifikovana-spolecnost.svg); -webkit-mask-image: url(https:\/\/dev.skrivanek.sk\/wp-content\/uploads\/2021\/03\/ico-certifikovana-spolecnost.svg);\"><\/span>\n\t\t\n\t\t\t\t\t\t\t\t<h2 class=\"wpa9-panel-title\">Ford\u00edt\u00e1sok a k\u00f6zszf\u00e9ra sz\u00e1m\u00e1ra<\/h2>\n\t\t\n\t\t\t\t\t\t\t<div class=\"wpa9-panel-content\"><p>A Skrivanek \u00e1tfog\u00f3 nyelvi szolg\u00e1ltat\u00e1sokat ny\u00fajt, hangs\u00falyt fektetve a min\u0151s\u00e9gre, a biztons\u00e1gra \u00e9s a modern technol\u00f3gi\u00e1ra. \u00d6r\u00f6mmel tesz\u00fcnk eleget a k\u00f6zszf\u00e9ra k\u00fcl\u00f6nleges ig\u00e9nyeinek. Ezek a projektek kih\u00edv\u00e1st \u00e9s elk\u00f6telezetts\u00e9get jelentenek sz\u00e1munkra.<\/p>\n<\/div>\n\t\t\t\t<\/div>\n\n\t\t\n\t<\/div>\n\n\t\t\n\t<div class=\"wpa9-card-l-panel wpa9-panel shadow rounded d-flex flex-column justify-content-between\">\n\n\t\t<div>\n\t\t\t\t\t\t\t<span class=\"wpa9-panel-icon icon\" style=\"display: none; background-image: url('https:\/\/dev.skrivanek.sk\/wp-content\/uploads\/2021\/03\/ico-seznam.svg')\"><\/span>\n\t\t\t<span class=\"wpa9-panel-icon icon\" style=\"mask-image: url(https:\/\/dev.skrivanek.sk\/wp-content\/uploads\/2021\/03\/ico-seznam.svg); -webkit-mask-image: url(https:\/\/dev.skrivanek.sk\/wp-content\/uploads\/2021\/03\/ico-seznam.svg);\"><\/span>\n\t\t\n\t\t\t\t\t\t\t\t<h2 class=\"wpa9-panel-title\">Egy\u00e9b \u00e1gazatok<\/h2>\n\t\t\n\t\t\t\t\t\t\t<div class=\"wpa9-panel-content\"><p>M\u00e1s \u00e1gazatokban is v\u00e1llalunk ford\u00edt\u00e1sokat:<\/p>\n<ul>\n<li>Jog<\/li>\n<li>Informatika \u00e9s t\u00e1vk\u00f6zl\u00e9s<\/li>\n<li>Energia \u00e9s nyersanyagok<\/li>\n<li>Turizmus, vend\u00e9gl\u00e1t\u00e1s \u00e9s gasztron\u00f3mia<\/li>\n<li>Fogyaszt\u00f3i elektronika \u00e9s elektrotechnika<\/li>\n<li>Multim\u00e9dia \u00e9s j\u00e1t\u00e9kok<\/li>\n<\/ul>\n<\/div>\n\t\t\t\t<\/div>\n\n\t\t\n\t<\/div>\n\n\t\t\n\t\n<\/div>\n<\/div><\/div><\/div><\/div><\/div><div id=\"pg-5422-1\"  class=\"panel-grid panel-no-style\" ><div id=\"pgc-5422-1-0\"  class=\"panel-grid-cell\" ><div id=\"panel-5422-1-0-0\" class=\"so-panel widget widget_skrv-incl-widget panel-first-child panel-last-child\" data-index=\"1\" ><div\n\t\t\t\n\t\t\tclass=\"so-widget-skrv-incl-widget so-widget-skrv-incl-widget-default-c93e1481a745-5422\"\n\t\t\t\n\t\t><div id=\"pl-5741\"  class=\"panel-layout\" ><div id=\"pg-5741-0\"  class=\"panel-grid panel-no-style\" ><div id=\"pgc-5741-0-0\"  class=\"panel-grid-cell\" ><div id=\"panel-5741-0-0-0\" class=\"so-panel widget widget_wpa9-accordion panel-first-child panel-last-child\" data-index=\"0\" ><div\n\t\t\t\n\t\t\tclass=\"so-widget-wpa9-accordion so-widget-wpa9-accordion-default-c93e1481a745-5422\"\n\t\t\t\n\t\t><h3 class=\"widget-title\">Gyakran k\u00e9rdezitek.<\/h3><div class=\"wpa9-accordion\">\n\t<div class=\"wpa9-accordion-panel\" id=\"wpa9-accordion-panel-milyen-formatumban-kuldhetem-el\">\n\n\t\t<div class=\"wpa9-accordion-toggler d-flex\" data-panel=\"milyen-formatumban-kuldhetem-el\" role=\"button\" aria-controls=\"wpa9-accordion-panel-milyen-formatumban-kuldhetem-el\" aria-expanded=\"false\">\n\n\t\t\t<div class=\"wpa9-accordion-icon wpa9-accordion-icon-open\"><\/div>\n\n\t\t\t<div class=\"wpa9-accordion-title\">Milyen form\u00e1tumban k\u00fcldhetem el?<\/div>\n\n\t\t<\/div>\n\n\t\t<div class=\"wpa9-accordion-content\" role=\"region\">\n\t\t\t<p>B\u00e1rmilyen. Nem sz\u00e1m\u00edt, milyen form\u00e1tumban k\u00fcldi el nek\u00fcnk, boldogulunk az inx, indd, PDF f\u00e1jlokkal, leford\u00edtjuk az \u00d6n weboldal\u00e1t \u00e9s m\u00e9g sok m\u00e1st.<\/p>\n\t\t<\/div>\n\n\t<\/div>\n\t<div class=\"wpa9-accordion-panel\" id=\"wpa9-accordion-panel-mennyibe-fog-ez-kerulni\">\n\n\t\t<div class=\"wpa9-accordion-toggler d-flex\" data-panel=\"mennyibe-fog-ez-kerulni\" role=\"button\" aria-controls=\"wpa9-accordion-panel-mennyibe-fog-ez-kerulni\" aria-expanded=\"false\">\n\n\t\t\t<div class=\"wpa9-accordion-icon wpa9-accordion-icon-open\"><\/div>\n\n\t\t\t<div class=\"wpa9-accordion-title\">Mennyibe fog ez ker\u00fclni?<\/div>\n\n\t\t<\/div>\n\n\t\t<div class=\"wpa9-accordion-content\" role=\"region\">\n\t\t\t<p>A pontos \u00e1rat el\u0151re megtudhatja egyetlen sz\u00f3val. Egyszer\u0171en k\u00fcldje el a megrendel\u00e9st, \u00e9s mi megmondjuk, mennyibe ker\u00fclne a ford\u00edt\u00e1s.<\/p>\n\t\t<\/div>\n\n\t<\/div>\n\t<div class=\"wpa9-accordion-panel\" id=\"wpa9-accordion-panel-mikor-lesz-kesz-a-forditas\">\n\n\t\t<div class=\"wpa9-accordion-toggler d-flex\" data-panel=\"mikor-lesz-kesz-a-forditas\" role=\"button\" aria-controls=\"wpa9-accordion-panel-mikor-lesz-kesz-a-forditas\" aria-expanded=\"false\">\n\n\t\t\t<div class=\"wpa9-accordion-icon wpa9-accordion-icon-open\"><\/div>\n\n\t\t\t<div class=\"wpa9-accordion-title\">Mikor lesz k\u00e9sz a ford\u00edt\u00e1s?<\/div>\n\n\t\t<\/div>\n\n\t\t<div class=\"wpa9-accordion-content\" role=\"region\">\n\t\t\t<p>Pontosan abban az id\u0151pontban, amelyet el\u0151re megbesz\u00e9l\u00fcnk.<\/p>\n\t\t<\/div>\n\n\t<\/div>\n<\/div>\n<\/div><\/div><\/div><\/div><\/div><\/div><\/div><\/div><\/div><div id=\"pg-5422-2\"  class=\"panel-grid panel-no-style\" ><div id=\"pgc-5422-2-0\"  class=\"panel-grid-cell\" ><div id=\"panel-5422-2-0-0\" class=\"so-panel widget widget_wpa9-card-s panel-first-child panel-last-child\" data-index=\"2\" ><div\n\t\t\t\n\t\t\tclass=\"so-widget-wpa9-card-s so-widget-wpa9-card-s-default-c93e1481a745-5422\"\n\t\t\t\n\t\t><div class=\"wpa9-card wpa9-card-s wide positive\">\n\n\t<div class=\"wpa9-card-wrapper container\">\n\n\t\t<div class=\"wpa9-card-text\">\n\t\t\t<h2 class=\"wpa9-card-title\">B\u00e1rmilyen ter\u00fcletr\u0151l is legyen sz\u00f3, mi gondoskodunk a ford\u00edt\u00e1s\u00e1r\u00f3l. <\/h2>\n\t\t\t\t\t<\/div>\n\n\t\t\t\t<div class=\"meta meta-buttons d-flex flex-row justify-content-center\">\n\t\t\t\t\t\t\t<a class=\"btn btn-negative show-inquiry-form\" href=\"https:\/\/dev.skrivanek.sk\/dopyt\/\" title=\"Rendel\u00e9s k\u00fcld\u00e9se\">Rendel\u00e9s k\u00fcld\u00e9se<\/a>\n\t\t\t\t<\/div>\n\t\t\n\t<\/div>\n\n<\/div>\n<\/div><\/div><\/div><\/div><div id=\"pg-5422-3\"  class=\"panel-grid panel-no-style\" ><div id=\"pgc-5422-3-0\"  class=\"panel-grid-cell\" ><div id=\"panel-5422-3-0-0\" class=\"so-panel widget widget_skrv-incl-widget panel-first-child panel-last-child\" data-index=\"3\" ><div\n\t\t\t\n\t\t\tclass=\"so-widget-skrv-incl-widget so-widget-skrv-incl-widget-default-c93e1481a745-5422\"\n\t\t\t\n\t\t><div id=\"pl-5735\"  class=\"panel-layout\" ><div id=\"pg-5735-0\"  class=\"panel-grid panel-has-style\" ><div class=\"siteorigin-panels-stretch panel-row-style panel-row-style-for-5735-0\" data-stretch-type=\"full\" ><div id=\"pgc-5735-0-0\"  class=\"panel-grid-cell\" ><div id=\"panel-5735-0-0-0\" class=\"so-panel widget widget_skrv-testimonials panel-first-child panel-last-child\" data-index=\"0\" ><div\n\t\t\t\n\t\t\tclass=\"so-widget-skrv-testimonials so-widget-skrv-testimonials-default-c93e1481a745-5422\"\n\t\t\t\n\t\t>\n\n<div class=\"skrv-testimonials\">\n\n    \n  <h3 class=\"widget-title\"><span class=\"title-wrapper\"><span class=\"title\">Hiteless\u00e9g, gyorsas\u00e1g<br \/>\u00e9s a szolg\u00e1ltat\u00e1sok magas min\u0151s\u00e9ge<\/span><\/span><\/h3>\n  <div id=\"skrv-testimonial\" class=\"carousel slide\" data-bs-interval=\"4000\" data-bs-ride=\"carousel\" data-bs-touch=\"true\">\n    <div class=\"carousel-inner\">\n                <div class=\"skrv-testimonial-item carousel-item active\">\n        <div class=\"d-block\">\n                    <blockquote class=\"skrv-testimonial-text\">\u201eA Skriv\u00e1nek s.r.o. \u00e9vek \u00f3ta turisztikai kalauzaink \u00e9s t\u00f6bbnyelv\u0171 k\u00f6nyveink ford\u00edt\u00e1sainak sz\u00e1ll\u00edt\u00f3ja. Nagyon el\u00e9gedettek vagyunk a teljes k\u00f6r\u0171 szolg\u00e1ltat\u00e1ssal \u00e9s a ny\u00fajtott szolg\u00e1ltat\u00e1sok min\u0151s\u00e9g\u00e9vel.\"<\/blockquote>\n          <h6 class=\"skrv-testimonial-client\">Vydavatelstv\u00ed MCU s.r.o., \u010cesk\u00fd Krumlov<\/h6>\n        <\/div>\n      <\/div>\n                <div class=\"skrv-testimonial-item carousel-item\">\n        <div class=\"d-block\">\n                    <blockquote class=\"skrv-testimonial-text\">\u201eNagyon el\u00e9gedettek vagyunk a Sk\u0159iv\u00e1nek s.r.o. szolg\u00e1ltat\u00e1saival. K\u00fcl\u00f6n\u00f6sen nagyra \u00e9rt\u00e9kelj\u00fck az oktat\u00f3k szakmai sz\u00ednvonal\u00e1t \u00e9s azt, hogy minden k\u00e9r\u00e9s\u00fcnknek azonnal eleget tettek.\"<\/blockquote>\n          <h6 class=\"skrv-testimonial-client\">LANNUTTI CZECH, s.r.o., Louka u Litv\u00ednova<\/h6>\n        <\/div>\n      <\/div>\n                <div class=\"skrv-testimonial-item carousel-item\">\n        <div class=\"d-block\">\n                    <blockquote class=\"skrv-testimonial-text\">\u201eA Sk\u0159iv\u00e1nek s.r.o. nyelvoktat\u00e1si szolg\u00e1ltat\u00e1sait id\u0151ben, megfelel\u0151en \u00e9s szakszer\u0171en ny\u00fajtotta.\"<\/blockquote>\n          <h6 class=\"skrv-testimonial-client\">MICONEX, s.r.o., Liberec<\/h6>\n        <\/div>\n      <\/div>\n                <div class=\"skrv-testimonial-item carousel-item\">\n        <div class=\"d-block\">\n                    <blockquote class=\"skrv-testimonial-text\">\u201eNagyon el\u00e9gedettek vagyunk a m\u0171szaki sz\u00f6vegek, p\u00e9ld\u00e1ul a k\u00e9zik\u00f6nyvek \u00e9s a haszn\u00e1lati utas\u00edt\u00e1sok ford\u00edt\u00e1s\u00e1val, de a kommunik\u00e1ci\u00f3val \u00e9s a hat\u00e1rid\u0151k betart\u00e1s\u00e1val is. Csak aj\u00e1nlani tudjuk a Sk\u0159iv\u00e1nek s.r.o.-val val\u00f3 egy\u00fcttm\u0171k\u00f6d\u00e9st.\"<\/blockquote>\n          <h6 class=\"skrv-testimonial-client\">ALPLA, spol. s.r.o., Byst\u0159ice<\/h6>\n        <\/div>\n      <\/div>\n                <div class=\"skrv-testimonial-item carousel-item\">\n        <div class=\"d-block\">\n                    <blockquote class=\"skrv-testimonial-text\">\u201eAnnak \u00e9rdek\u00e9ben, hogy alkalmazottaink a munk\u00e1jukhoz sz\u00fcks\u00e9ges megfelel\u0151 nyelvtud\u00e1ssal rendelkezzenek, 2006 \u00f3ta egy\u00fcttm\u0171k\u00f6d\u00fcnk a Sk\u0159iv\u00e1nek ford\u00edt\u00f3 irod\u00e1val. El\u00e9gedettek vagyunk nyelvtanfolyamaink min\u0151s\u00e9g\u00e9vel, amit az is al\u00e1t\u00e1maszt, hogy az elm\u00falt \u00e9vekben b\u0151v\u00edtett\u00fck angol nyelvtanfolyamainkat. Az egy\u00fcttm\u0171k\u00f6d\u00e9s z\u00f6kken\u0151mentes, ez\u00e9rt a j\u00f6v\u0151ben is ig\u00e9nybe k\u00edv\u00e1njuk venni a szolg\u00e1ltat\u00e1saikat.\"<\/blockquote>\n          <h6 class=\"skrv-testimonial-client\">Zeelandia, spol. s r.o., Mal\u0161ice<\/h6>\n        <\/div>\n      <\/div>\n        <\/div>\n\n    <a class=\"carousel-control-prev\" href=\"#0\" data-bs-target=\"#skrv-testimonial\" role=\"button\" data-bs-slide=\"prev\">\n      <span class=\"carousel-control-prev-icon\" aria-hidden=\"true\"><\/span>\n      <span class=\"sr-only\">Previous<\/span>\n    <\/a>\n    <a class=\"carousel-control-next\" href=\"#0\" data-bs-target=\"#skrv-testimonial\" role=\"button\" data-bs-slide=\"next\">\n      <span class=\"carousel-control-next-icon\" aria-hidden=\"true\"><\/span>\n      <span class=\"sr-only\">Next<\/span>\n    <\/a>\n\n    <ol class=\"carousel-indicators hidden\">\n                <li data-bs-target=\"#skrv-testimonial\" data-bs-slide-to=\"0\" class=\"active\"><\/li>\n                <li data-bs-target=\"#skrv-testimonial\" data-bs-slide-to=\"1\" class=\"\"><\/li>\n                <li data-bs-target=\"#skrv-testimonial\" data-bs-slide-to=\"2\" class=\"\"><\/li>\n                <li data-bs-target=\"#skrv-testimonial\" data-bs-slide-to=\"3\" class=\"\"><\/li>\n                <li data-bs-target=\"#skrv-testimonial\" data-bs-slide-to=\"4\" class=\"\"><\/li>\n        <\/ol>\n  <\/div>\n\n<\/div>\n\n<\/div><\/div><\/div><\/div><\/div><\/div><\/div><\/div><\/div><\/div><\/div>","protected":false},"excerpt":{"rendered":"<p>Ford\u00edt\u00e1sok az aut\u00f3ipar sz\u00e1m\u00e1ra Legyen az \u00d6n egyedi \u00e9rt\u00e9kes\u00edt\u00e9si pontja a kiv\u00e9teles formatervez\u00e9s, a vezet\u0151i k\u00e9nyelem vagy a prec\u00edz v\u00e1lt\u00e1s, aut\u00f3ipari szakford\u00edt\u00f3ink mindezt \u00d6n helyett. Ugyanolyan szenved\u00e9lyesen rajonganak az aut\u00f3k\u00e9rt, mint \u00d6n, \u00e9s az aut\u00f3ipar egy adott ter\u00fclet\u00e9nek szaknyelv\u00e9t A-t\u00f3l Z-ig ismerik. Orvosi ford\u00edt\u00e1sok Az orvosi ford\u00edt\u00e1sokhoz csak olyan szakk\u00e9pzett ford\u00edt\u00f3kat \u00e9s nyelv\u00e9szeket v\u00e1lasztunk, akik [&hellip;]<\/p>\n","protected":false},"author":1,"featured_media":0,"parent":5424,"menu_order":0,"comment_status":"closed","ping_status":"closed","template":"","meta":{"_acf_changed":false,"footnotes":""},"class_list":["post-5422","page","type-page","status-publish","hentry"],"acf":[],"_links":{"self":[{"href":"https:\/\/dev.skrivanek.sk\/hu\/wp-json\/wp\/v2\/pages\/5422","targetHints":{"allow":["GET"]}}],"collection":[{"href":"https:\/\/dev.skrivanek.sk\/hu\/wp-json\/wp\/v2\/pages"}],"about":[{"href":"https:\/\/dev.skrivanek.sk\/hu\/wp-json\/wp\/v2\/types\/page"}],"author":[{"embeddable":true,"href":"https:\/\/dev.skrivanek.sk\/hu\/wp-json\/wp\/v2\/users\/1"}],"replies":[{"embeddable":true,"href":"https:\/\/dev.skrivanek.sk\/hu\/wp-json\/wp\/v2\/comments?post=5422"}],"version-history":[{"count":4,"href":"https:\/\/dev.skrivanek.sk\/hu\/wp-json\/wp\/v2\/pages\/5422\/revisions"}],"predecessor-version":[{"id":6054,"href":"https:\/\/dev.skrivanek.sk\/hu\/wp-json\/wp\/v2\/pages\/5422\/revisions\/6054"}],"up":[{"embeddable":true,"href":"https:\/\/dev.skrivanek.sk\/hu\/wp-json\/wp\/v2\/pages\/5424"}],"wp:attachment":[{"href":"https:\/\/dev.skrivanek.sk\/hu\/wp-json\/wp\/v2\/media?parent=5422"}],"curies":[{"name":"wp","href":"https:\/\/api.w.org\/{rel}","templated":true}]}}