{"id":5419,"date":"2025-03-25T17:43:58","date_gmt":"2025-03-25T16:43:58","guid":{"rendered":"https:\/\/skrivanek.sk\/tolmacsolas\/"},"modified":"2025-03-27T07:42:33","modified_gmt":"2025-03-27T06:42:33","slug":"tolmacsolas","status":"publish","type":"page","link":"https:\/\/dev.skrivanek.sk\/hu\/tolmacsolas\/","title":{"rendered":"Tolm\u00e1csol\u00e1s"},"content":{"rendered":"<div id=\"pl-5419\"  class=\"panel-layout\" ><div id=\"pg-5419-0\"  class=\"panel-grid panel-has-style\" ><div class=\"siteorigin-panels-stretch panel-row-style panel-row-style-for-5419-0\" data-stretch-type=\"full\" ><div id=\"pgc-5419-0-0\"  class=\"panel-grid-cell\" ><div id=\"panel-5419-0-0-0\" class=\"so-panel widget widget_wpa9-card-m panel-first-child panel-last-child\" data-index=\"0\" ><div\n\t\t\t\n\t\t\tclass=\"so-widget-wpa9-card-m so-widget-wpa9-card-m-default-c93e1481a745-5419\"\n\t\t\t\n\t\t>\n\n<section class=\"wpa9-card wpa9-card-m-container d-flex flex-wrap justify-content-center bHIpEs\">\n\n\t\n\t\t\n\t\t\t\n\t<article class=\"wpa9-card-m-panel wpa9-panel \">\n\t<a class=\"rounded\" href=\"https:\/\/dev.skrivanek.sk\/tlmocenie\/tlumocenie-na-konferencii\/\" title=\"Tolm\u00e1csol\u00e1s konferenci\u00e1kon\">\n\t\t\t\t<header class=\"d-block flex-wrap pb-4\">\n\t\t\t\t\t\t\t<span class=\"wpa9-card-icon icon d-none\" style=\"background-image: url('https:\/\/dev.skrivanek.sk\/wp-content\/uploads\/2021\/03\/icon-circle.svg')\"><\/span>\n\t\t\t\t<span class=\"wpa9-card-icon icon\" style=\"mask-image: url(https:\/\/dev.skrivanek.sk\/wp-content\/uploads\/2021\/03\/icon-circle.svg); -webkit-mask-image: url(https:\/\/dev.skrivanek.sk\/wp-content\/uploads\/2021\/03\/icon-circle.svg);\"><\/span>\n\t\t\t\n\t\t\t\t\t\t\t\t<h2 class=\"wpa9-card-title\">Tolm\u00e1csol\u00e1s konferenci\u00e1kon<\/h2>\n\t\t\t\t<\/header>\n\n\t\t\t\t<main class=\"wpa9-card-content\"><p>Legal\u00e1bb 2 tolm\u00e1cs gondoskodik a szinkron- vagy konferencia tolm\u00e1csol\u00e1sr\u00f3l 40 nyelv kombin\u00e1ci\u00f3j\u00e1ban. Azonnal \u00e9s k\u00e9sedelem n\u00e9lk\u00fcl minden inform\u00e1ci\u00f3t k\u00f6zvet\u00edtenek \u00d6nnek, amelyre sz\u00fcks\u00e9ge van ahhoz, hogy \u00e9lvezze a\u00a0besz\u00e9det.<\/p>\n<p>\u00a0<\/p>\n<\/main>\n\t\t\n\t<\/a>\t<\/article>\n\t\t\n\t\t\t\n\t<article class=\"wpa9-card-m-panel wpa9-panel \">\n\t<a class=\"rounded\" href=\"https:\/\/dev.skrivanek.sk\/tlmocenie\/tlmocenie-na-obchodnej-schodzke\/\" title=\"Tolm\u00e1csol\u00e1s \u00fczleti megbesz\u00e9l\u00e9sen\">\n\t\t\t\t<header class=\"d-block flex-wrap pb-4\">\n\t\t\t\t\t\t\t<span class=\"wpa9-card-icon icon d-none\" style=\"background-image: url('https:\/\/dev.skrivanek.sk\/wp-content\/uploads\/2021\/03\/icon-circle.svg')\"><\/span>\n\t\t\t\t<span class=\"wpa9-card-icon icon\" style=\"mask-image: url(https:\/\/dev.skrivanek.sk\/wp-content\/uploads\/2021\/03\/icon-circle.svg); -webkit-mask-image: url(https:\/\/dev.skrivanek.sk\/wp-content\/uploads\/2021\/03\/icon-circle.svg);\"><\/span>\n\t\t\t\n\t\t\t\t\t\t\t\t<h2 class=\"wpa9-card-title\">Tolm\u00e1csol\u00e1s \u00fczleti megbesz\u00e9l\u00e9sen<\/h2>\n\t\t\t\t<\/header>\n\n\t\t\t\t<main class=\"wpa9-card-content\"><p>A tolm\u00e1cs r\u00f6vid id\u0151szakonk\u00e9nt leford\u00edtja \u00d6nnek az \u00f6sszes inform\u00e1ci\u00f3t a m\u00e1sik nyelvr\u0151l. Tolm\u00e1csolunk <span class=\"caps\">szlov\u00e1kiai<\/span> tal\u00e1lkoz\u00f3kon \u00e9s k\u00fclf\u00f6ldi\u00a0utakon egyar\u00e1nt.<\/p>\n<\/main>\n\t\t\n\t<\/a>\t<\/article>\n\t\t\n\t\t\t\n\t<article class=\"wpa9-card-m-panel wpa9-panel \">\n\t<a class=\"rounded\" href=\"https:\/\/dev.skrivanek.sk\/tlmocenie\/sudne-tlmocenie\/\" title=\"B\u00edr\u00f3s\u00e1gi tolm\u00e1csol\u00e1s\">\n\t\t\t\t<header class=\"d-block flex-wrap pb-4\">\n\t\t\t\t\t\t\t<span class=\"wpa9-card-icon icon d-none\" style=\"background-image: url('https:\/\/dev.skrivanek.sk\/wp-content\/uploads\/2021\/03\/icon-circle.svg')\"><\/span>\n\t\t\t\t<span class=\"wpa9-card-icon icon\" style=\"mask-image: url(https:\/\/dev.skrivanek.sk\/wp-content\/uploads\/2021\/03\/icon-circle.svg); -webkit-mask-image: url(https:\/\/dev.skrivanek.sk\/wp-content\/uploads\/2021\/03\/icon-circle.svg);\"><\/span>\n\t\t\t\n\t\t\t\t\t\t\t\t<h2 class=\"wpa9-card-title\">B\u00edr\u00f3s\u00e1gi tolm\u00e1csol\u00e1s<\/h2>\n\t\t\t\t<\/header>\n\n\t\t\t\t<main class=\"wpa9-card-content\"><p>A f\u00fcggetlen \u00e9s p\u00e1rtatlan tolm\u00e1cs b\u00edr\u00f3s\u00e1gi elj\u00e1r\u00e1st, esk\u00fcv\u0151t vagy k\u00f6zjegyz\u0151i \u00e9rtekezletet\u00a0tolm\u00e1csol.<\/p>\n<\/main>\n\t\t\n\t<\/a>\t<\/article>\n\t\t\n\t\t\t\n\t<article class=\"wpa9-card-m-panel wpa9-panel \">\n\t<a class=\"rounded\" href=\"https:\/\/dev.skrivanek.sk\/tlmocenie\/tlmocenie-na-dialku\/\" title=\"T\u00e1vtolm\u00e1csol\u00e1s\">\n\t\t\t\t<header class=\"d-block flex-wrap pb-4\">\n\t\t\t\t\t\t\t<span class=\"wpa9-card-icon icon d-none\" style=\"background-image: url('https:\/\/dev.skrivanek.sk\/wp-content\/uploads\/2021\/03\/icon-circle.svg')\"><\/span>\n\t\t\t\t<span class=\"wpa9-card-icon icon\" style=\"mask-image: url(https:\/\/dev.skrivanek.sk\/wp-content\/uploads\/2021\/03\/icon-circle.svg); -webkit-mask-image: url(https:\/\/dev.skrivanek.sk\/wp-content\/uploads\/2021\/03\/icon-circle.svg);\"><\/span>\n\t\t\t\n\t\t\t\t\t\t\t\t<h2 class=\"wpa9-card-title\">T\u00e1vtolm\u00e1csol\u00e1s<\/h2>\n\t\t\t\t<\/header>\n\n\t\t\t\t<main class=\"wpa9-card-content\"><p>Egy hivat\u00e1sos tolm\u00e1cs pontosan \u00e9rtelmezi a videoh\u00edv\u00e1st, panaszt vagy egy\u00e9b olyan helyzeteket, amikor esetleg nem kell a helysz\u00ednen \u00a0lennie.<\/p>\n<\/main>\n\t\t\n\t<\/a>\t<\/article>\n\t\t\n\n\t\t\n\t\n<\/section>\n<\/div><\/div><\/div><\/div><\/div><div id=\"pg-5419-1\"  class=\"panel-grid panel-no-style\" ><div id=\"pgc-5419-1-0\"  class=\"panel-grid-cell\" ><div id=\"panel-5419-1-0-0\" class=\"so-panel widget widget_wpa9-steps panel-first-child panel-last-child\" data-index=\"1\" ><div\n\t\t\t\n\t\t\tclass=\"so-widget-wpa9-steps so-widget-wpa9-steps-default-c93e1481a745-5419\"\n\t\t\t\n\t\t><h3 class=\"widget-title\">Tolm\u00e1csol\u00e1s a legmagasabb szinten<\/h3><div class=\"wpa9-steps\">\n\t<div class=\"wpa9-steps-togglers d-flex flex-wrap justify-content-center\" data-wpa9-interval=\"7000\">\n\t\t\t\n\t\t<div class=\"wpa9-steps-toggler-wrapper wpa9-steps-active\" id=\"wpa9-steps-toggler-panel-0\">\n\t\t\t<div class=\"wpa9-steps-toggler f-headlines d-flex align-items-center justify-content-center\" data-content=\"panel-0\" role=\"button\">\n\t\t\t\t\t\t\t\t<span class=\"wpa9-step-title\">Hivat\u00e1sos tolm\u00e1csok<\/span>\n\t\t\t\t\t\t\t<\/div>\n\t\t\t<div class=\"wpa9-steps-decoration\"><\/div>\n\t\t<\/div>\n\t\t<div class=\"wpa9-steps-content wpa9-steps-active\" role=\"region\" id=\"wpa9-steps-content-panel-0\">\n\t\t\t<p style=\"text-align: center;\">Fokozott k\u00f6vetelm\u00e9nyeket t\u00e1masztunk a pontoss\u00e1ggal szemben. Tolm\u00e1csainkkal biztos lehet benne, hogy a tolm\u00e1csol\u00e1s helyesen fog t\u00f6rt\u00e9nni.<\/p>\n\t\t<\/div>\n\t\t<div class=\"wpa9-steps-hyphen hyphen-visible\"><\/div>\t\t\t\n\t\t<div class=\"wpa9-steps-toggler-wrapper\" id=\"wpa9-steps-toggler-panel-1\">\n\t\t\t<div class=\"wpa9-steps-toggler f-headlines d-flex align-items-center justify-content-center\" data-content=\"panel-1\" role=\"button\">\n\t\t\t\t\t\t\t\t<span class=\"wpa9-step-title\">10 tudom\u00e1ny\u00e1g, 96 szakter\u00fclet<\/span>\n\t\t\t\t\t\t\t<\/div>\n\t\t\t<div class=\"wpa9-steps-decoration\"><\/div>\n\t\t<\/div>\n\t\t<div class=\"wpa9-steps-content\" role=\"region\" id=\"wpa9-steps-content-panel-1\">\n\t\t\t<p style=\"text-align: center;\">\u00d6sszesen 10 ter\u00fcleten ny\u00fajtunk b\u00edr\u00f3s\u00e1gi tolm\u00e1csol\u00e1st, t\u00e1vtolm\u00e1csol\u00e1st \u00e9s egy\u00e9b tolm\u00e1csol\u00e1si form\u00e1kat.<\/p>\n\t\t<\/div>\n\t\t<div class=\"wpa9-steps-hyphen hyphen-visible\"><\/div>\t\t\t\n\t\t<div class=\"wpa9-steps-toggler-wrapper\" id=\"wpa9-steps-toggler-panel-2\">\n\t\t\t<div class=\"wpa9-steps-toggler f-headlines d-flex align-items-center justify-content-center\" data-content=\"panel-2\" role=\"button\">\n\t\t\t\t\t\t\t\t<span class=\"wpa9-step-title\">Online tolm\u00e1csol\u00e1s<\/span>\n\t\t\t\t\t\t\t<\/div>\n\t\t\t<div class=\"wpa9-steps-decoration\"><\/div>\n\t\t<\/div>\n\t\t<div class=\"wpa9-steps-content\" role=\"region\" id=\"wpa9-steps-content-panel-2\">\n\t\t\t<p style=\"text-align: center;\">Online tolm\u00e1csol\u00e1st biztos\u00edtunk, amely t\u00f6k\u00e9letes alternat\u00edv\u00e1ja a hagyom\u00e1nyos tolm\u00e1csol\u00e1snak, \u00e9s nagy el\u0151nye, hogy <strong>id\u0151t \u00e9s<\/strong> p\u00e9nzt <strong>takar\u00edt meg<\/strong>.<\/p>\n\t\t<\/div>\n\t\t<div class=\"wpa9-steps-hyphen hyphen-visible\"><\/div>\t\t\t\n\t\t<div class=\"wpa9-steps-toggler-wrapper\" id=\"wpa9-steps-toggler-panel-3\">\n\t\t\t<div class=\"wpa9-steps-toggler f-headlines d-flex align-items-center justify-content-center\" data-content=\"panel-3\" role=\"button\">\n\t\t\t\t\t\t\t\t<span class=\"wpa9-step-title\">A tolm\u00e1csol\u00e1s k\u00fcl\u00f6nb\u00f6z\u0151 t\u00edpusai<\/span>\n\t\t\t\t\t\t\t<\/div>\n\t\t\t<div class=\"wpa9-steps-decoration\"><\/div>\n\t\t<\/div>\n\t\t<div class=\"wpa9-steps-content\" role=\"region\" id=\"wpa9-steps-content-panel-3\">\n\t\t\t<p style=\"text-align: center;\">Megfelel\u0151 tolm\u00e1csot tal\u00e1lunk \u00d6nnek a konferenci\u00e1ra, \u00fczleti tal\u00e1lkoz\u00f3ra vagy m\u00e1s rendezv\u00e9nyre, amelyen r\u00e9szt vesz.<\/p>\n\t\t<\/div>\n\t\t\t\t<\/div>\n\t<div class=\"wpa9-steps-contents-wrapper\">\n\t\t\t\t\t<div class=\"wpa9-steps-content _step_4_1 wpa9-steps-active\" role=\"region\" id=\"wpa9-steps-content-panel-0\">\n\t\t\t<p style=\"text-align: center;\">Fokozott k\u00f6vetelm\u00e9nyeket t\u00e1masztunk a pontoss\u00e1ggal szemben. Tolm\u00e1csainkkal biztos lehet benne, hogy a tolm\u00e1csol\u00e1s helyesen fog t\u00f6rt\u00e9nni.<\/p>\n\t\t<\/div>\n\t\t\t\t\t<div class=\"wpa9-steps-content _step_4_2\" role=\"region\" id=\"wpa9-steps-content-panel-1\">\n\t\t\t<p style=\"text-align: center;\">\u00d6sszesen 10 ter\u00fcleten ny\u00fajtunk b\u00edr\u00f3s\u00e1gi tolm\u00e1csol\u00e1st, t\u00e1vtolm\u00e1csol\u00e1st \u00e9s egy\u00e9b tolm\u00e1csol\u00e1si form\u00e1kat.<\/p>\n\t\t<\/div>\n\t\t\t\t\t<div class=\"wpa9-steps-content _step_4_3\" role=\"region\" id=\"wpa9-steps-content-panel-2\">\n\t\t\t<p style=\"text-align: center;\">Online tolm\u00e1csol\u00e1st biztos\u00edtunk, amely t\u00f6k\u00e9letes alternat\u00edv\u00e1ja a hagyom\u00e1nyos tolm\u00e1csol\u00e1snak, \u00e9s nagy el\u0151nye, hogy <strong>id\u0151t \u00e9s<\/strong> p\u00e9nzt <strong>takar\u00edt meg<\/strong>.<\/p>\n\t\t<\/div>\n\t\t\t\t\t<div class=\"wpa9-steps-content _step_4_4\" role=\"region\" id=\"wpa9-steps-content-panel-3\">\n\t\t\t<p style=\"text-align: center;\">Megfelel\u0151 tolm\u00e1csot tal\u00e1lunk \u00d6nnek a konferenci\u00e1ra, \u00fczleti tal\u00e1lkoz\u00f3ra vagy m\u00e1s rendezv\u00e9nyre, amelyen r\u00e9szt vesz.<\/p>\n\t\t<\/div>\n\t\t<\/div>\n\t<\/div>\n<\/div><\/div><\/div><\/div><div id=\"pg-5419-2\"  class=\"panel-grid panel-has-style\" ><div class=\"siteorigin-panels-stretch panel-row-style panel-row-style-for-5419-2\" data-stretch-type=\"full\" ><div id=\"pgc-5419-2-0\"  class=\"panel-grid-cell panel-grid-cell-empty\" ><\/div><\/div><\/div><div id=\"pg-5419-3\"  class=\"panel-grid panel-no-style\" ><div id=\"pgc-5419-3-0\"  class=\"panel-grid-cell\" ><div id=\"panel-5419-3-0-0\" class=\"so-panel widget widget_skrv-incl-widget panel-first-child panel-last-child\" data-index=\"2\" ><div\n\t\t\t\n\t\t\tclass=\"so-widget-skrv-incl-widget so-widget-skrv-incl-widget-default-c93e1481a745-5419\"\n\t\t\t\n\t\t><div id=\"pl-5862\"  class=\"panel-layout\" ><div id=\"pg-5862-0\"  class=\"panel-grid panel-no-style\" ><div id=\"pgc-5862-0-0\"  class=\"panel-grid-cell\" ><div id=\"panel-5862-0-0-0\" class=\"so-panel widget widget_wpa9-card-s panel-first-child panel-last-child\" data-index=\"0\" ><div\n\t\t\t\n\t\t\tclass=\"so-widget-wpa9-card-s so-widget-wpa9-card-s-default-c93e1481a745-5419\"\n\t\t\t\n\t\t><div class=\"wpa9-card wpa9-card-s narrow positive\">\n\n\t<div class=\"wpa9-card-wrapper container\">\n\n\t\t<div class=\"wpa9-card-text\">\n\t\t\t<h2 class=\"wpa9-card-title\">Nem tudja, milyen tolm\u00e1csol\u00e1sra van sz\u00fcks\u00e9ge?<\/h2>\n\t\t\t<div class=\"wpa9-card-content\"><p style=\"text-align: center\">\u00cdrjon nek\u00fcnk.<\/p>\n<pre id=\"tw-target-text\" class=\"tw-data-text tw-text-large XcVN5d tw-ta\" dir=\"ltr\" data-placeholder=\"Preklad\"><\/pre>\n<\/div>\t\t<\/div>\n\n\t\t\t\t<div class=\"meta meta-buttons d-flex flex-row justify-content-center\">\n\t\t\t\t\t\t\t<a class=\"btn btn-negative show-inquiry-form\" href=\"https:\/\/dev.skrivanek.sk\/dopyt\/\" title=\"Rendel\u00e9s k\u00fcld\u00e9se\">Rendel\u00e9s k\u00fcld\u00e9se<\/a>\n\t\t\t\t<\/div>\n\t\t\n\t<\/div>\n\n<\/div>\n<\/div><\/div><\/div><\/div><\/div><\/div><\/div><\/div><\/div><\/div>","protected":false},"excerpt":{"rendered":"<p>Tolm\u00e1csol\u00e1s konferenci\u00e1kon Legal\u00e1bb 2 tolm\u00e1cs gondoskodik a szinkron- vagy konferencia tolm\u00e1csol\u00e1sr\u00f3l 40 nyelv kombin\u00e1ci\u00f3j\u00e1ban. Azonnal \u00e9s k\u00e9sedelem n\u00e9lk\u00fcl minden inform\u00e1ci\u00f3t k\u00f6zvet\u00edtenek \u00d6nnek, amelyre sz\u00fcks\u00e9ge van ahhoz, hogy \u00e9lvezze a\u00a0besz\u00e9det. \u00a0 Tolm\u00e1csol\u00e1s \u00fczleti megbesz\u00e9l\u00e9sen A tolm\u00e1cs r\u00f6vid id\u0151szakonk\u00e9nt leford\u00edtja \u00d6nnek az \u00f6sszes inform\u00e1ci\u00f3t a m\u00e1sik nyelvr\u0151l. Tolm\u00e1csolunk szlov\u00e1kiai tal\u00e1lkoz\u00f3kon \u00e9s k\u00fclf\u00f6ldi\u00a0utakon egyar\u00e1nt. B\u00edr\u00f3s\u00e1gi tolm\u00e1csol\u00e1s A f\u00fcggetlen [&hellip;]<\/p>\n","protected":false},"author":1,"featured_media":0,"parent":0,"menu_order":0,"comment_status":"closed","ping_status":"closed","template":"","meta":{"_acf_changed":false,"footnotes":""},"class_list":["post-5419","page","type-page","status-publish","hentry"],"acf":[],"_links":{"self":[{"href":"https:\/\/dev.skrivanek.sk\/hu\/wp-json\/wp\/v2\/pages\/5419","targetHints":{"allow":["GET"]}}],"collection":[{"href":"https:\/\/dev.skrivanek.sk\/hu\/wp-json\/wp\/v2\/pages"}],"about":[{"href":"https:\/\/dev.skrivanek.sk\/hu\/wp-json\/wp\/v2\/types\/page"}],"author":[{"embeddable":true,"href":"https:\/\/dev.skrivanek.sk\/hu\/wp-json\/wp\/v2\/users\/1"}],"replies":[{"embeddable":true,"href":"https:\/\/dev.skrivanek.sk\/hu\/wp-json\/wp\/v2\/comments?post=5419"}],"version-history":[{"count":4,"href":"https:\/\/dev.skrivanek.sk\/hu\/wp-json\/wp\/v2\/pages\/5419\/revisions"}],"predecessor-version":[{"id":5863,"href":"https:\/\/dev.skrivanek.sk\/hu\/wp-json\/wp\/v2\/pages\/5419\/revisions\/5863"}],"wp:attachment":[{"href":"https:\/\/dev.skrivanek.sk\/hu\/wp-json\/wp\/v2\/media?parent=5419"}],"curies":[{"name":"wp","href":"https:\/\/api.w.org\/{rel}","templated":true}]}}