{"id":5411,"date":"2025-03-25T17:43:57","date_gmt":"2025-03-25T16:43:57","guid":{"rendered":"https:\/\/skrivanek.sk\/jazykova-skola-hu\/online-oktatas\/"},"modified":"2025-03-25T18:01:52","modified_gmt":"2025-03-25T17:01:52","slug":"online-oktatas","status":"publish","type":"page","link":"https:\/\/dev.skrivanek.sk\/hu\/nyelviskola\/online-oktatas\/","title":{"rendered":"Online oktat\u00e1s"},"content":{"rendered":"<div id=\"pl-5411\"  class=\"panel-layout\" ><div id=\"pg-5411-0\"  class=\"panel-grid panel-no-style\" ><div id=\"pgc-5411-0-0\"  class=\"panel-grid-cell\" ><div id=\"panel-5411-0-0-0\" class=\"so-panel widget widget_wpa9-card-l panel-first-child panel-last-child\" data-index=\"0\" ><div\n\t\t\t\n\t\t\tclass=\"so-widget-wpa9-card-l so-widget-wpa9-card-l-default-c93e1481a745-5411\"\n\t\t\t\n\t\t>\n\n<div class=\"wpa9-card wpa9-card-l-container d-flex flex-wrap wpa9-columns-2\">\n\n\t\n\t\t\n\t<div class=\"wpa9-card-l-panel wpa9-panel shadow rounded d-flex flex-column justify-content-between\">\n\n\t\t<div>\n\t\t\t\t\t\t\t<span class=\"wpa9-panel-icon icon\" style=\"display: none; background-image: url('https:\/\/dev.skrivanek.sk\/wp-content\/uploads\/2021\/01\/ico-lokalizace.svg')\"><\/span>\n\t\t\t<span class=\"wpa9-panel-icon icon\" style=\"mask-image: url(https:\/\/dev.skrivanek.sk\/wp-content\/uploads\/2021\/01\/ico-lokalizace.svg); -webkit-mask-image: url(https:\/\/dev.skrivanek.sk\/wp-content\/uploads\/2021\/01\/ico-lokalizace.svg);\"><\/span>\n\t\t\n\t\t\t\t\t\t\t\t<h2 class=\"wpa9-panel-title\">Az online oktat\u00e1ssal k\u00e9nyelmesen, otthona k\u00e9nyelm\u00e9b\u0151l tanulhat idegen nyelveket.<\/h2>\n\t\t\n\t\t\t\t\t\t\t<div class=\"wpa9-panel-content\"><p>Az online tanul\u00e1s sokkal t\u00f6bb el\u0151nyt k\u00edn\u00e1l, mint amennyit els\u0151 pillant\u00e1sra gondoln\u00e1nk.<\/p>\n<p>- <b>Id\u0151megtakar\u00edt\u00e1s<\/b> - nem kell megjelennie az \u00f3r\u00e1kon, egyszer\u0171en otthonr\u00f3l tanulhat, vagy ha munkaid\u0151re esik az \u00f3ra, akkor a t\u00e1rgyal\u00f3b\u00f3l vagy az irod\u00e1b\u00f3l is csatlakozhat.<\/p>\n<p>- <b>Nagyobb rugalmass\u00e1g<\/b> - mivel sem \u00d6nnek, sem oktat\u00f3j\u00e1nak nem kell bej\u00e1rnia az \u00f3r\u00e1kra, sokkal <b>t\u00f6bb v\u00e1laszt\u00e1si<\/b>lehet\u0151s\u00e9ge van az \u00f3r\u00e1k id\u0151pontj\u00e1t illet\u0151en. Szeretne kor\u00e1n reggel, munka el\u0151tt tanulni? Vagy \u00e9ppens\u00e9ggel munka ut\u00e1n kiszell\u0151ztetni a fej\u00e9t egy idegen nyelvnek k\u00f6sz\u00f6nhet\u0151en? A Skype-oktat\u00e1sban ez nem jelent probl\u00e9m\u00e1t. Az \u00d6n szakm\u00e1ja sok utaz\u00e1st ig\u00e9nyel, ez\u00e9rt kimarad a hagyom\u00e1nyos oktat\u00e1sb\u00f3l? Az online \u00f3r\u00e1k nem helyhez k\u00f6t\u00f6ttek, \u00d6n csak egy Skype-h\u00edv\u00e1snyira van oktat\u00f3j\u00e1t\u00f3l.<\/p>\n<p>- <b>Fejlessze technikai k\u00e9szs\u00e9geit<\/b> - B\u00e1r a Skype nem ig\u00e9nyel nagy technikai tud\u00e1st, \u00e9rdemes megtanulni, hogyan kell hat\u00e9konyan haszn\u00e1lni ezeket az eszk\u00f6z\u00f6ket, hogy az idegennyelv-tud\u00e1s mellett tov\u00e1bbi <b>k\u00e9szs\u00e9gekkel<\/b> is b\u0151v\u00edtse \u00f6n\u00e9letrajz\u00e1t.<\/p>\n<p>- <b>Kommunikat\u00edv \u00e9s interakt\u00edv \u00f3r\u00e1k<\/b> - mikor m\u00e1skor tesztelheti a c\u00e9lnyelven t\u00f6rt\u00e9n\u0151 videokonferencia lebonyol\u00edt\u00e1s\u00e1nak k\u00e9pess\u00e9g\u00e9t, mint a Skype-\u00f3r\u00e1kon? Ezen k\u00edv\u00fcl sz\u00e1mos interakt\u00edv online gyakorlatot is tal\u00e1l, gyakorolja a besz\u00e9det, a sz\u00f6veghallgat\u00e1st, az \u00edr\u00e1st \u00e9s az olvas\u00e1st. Az online \u00f3r\u00e1k \u00edgy legal\u00e1bb olyan hat\u00e9konyak lesznek, mint a hagyom\u00e1nyos, szem\u00e9lyes oktat\u00e1s. A Skrivanek nyelviskola term\u00e9szetesen ragaszkodik az Effecto m\u00f3dszer elveihez, azaz a kommunik\u00e1ci\u00f3ra, a gyakorlatias \u00e9s re\u00e1lis nyelvhaszn\u00e1latra helyezi a hangs\u00falyt.<\/p>\n<p>- <b>Egy utols\u00f3 tan\u00e1cs<\/b> - ha agg\u00f3dik, hogy az online tanul\u00e1s nem felel meg \u00d6nnek, vagy hogy szem\u00e9lytelen lesz, akkor csak <b>pr\u00f3b\u00e1ljon ki<\/b>n\u00e9h\u00e1ny leck\u00e9t! Ne agg\u00f3djon a leck\u00e9k kihagy\u00e1sa miatt, csak biztos\u00edtson helyet a napt\u00e1r\u00e1ban az online leck\u00e9knek, ahogy azt a hagyom\u00e1nyos leck\u00e9k eset\u00e9ben tenn\u00e9. A nem verb\u00e1lis kommunik\u00e1ci\u00f3t nagyon j\u00f3l helyettes\u00edti a webkamera, illetve az \u00d6n \u00e9s az el\u0151ad\u00f3 hangja.<\/p>\n<\/div>\n\t\t\t\t<\/div>\n\n\t\t\n\t<\/div>\n\n\t\t\n\t<div class=\"wpa9-card-l-panel wpa9-panel shadow rounded d-flex flex-column justify-content-between\">\n\n\t\t<div>\n\t\t\t\t\t\t\t<span class=\"wpa9-panel-icon icon\" style=\"display: none; background-image: url('https:\/\/dev.skrivanek.sk\/wp-content\/uploads\/2021\/01\/ico-bublina.svg')\"><\/span>\n\t\t\t<span class=\"wpa9-panel-icon icon\" style=\"mask-image: url(https:\/\/dev.skrivanek.sk\/wp-content\/uploads\/2021\/01\/ico-bublina.svg); -webkit-mask-image: url(https:\/\/dev.skrivanek.sk\/wp-content\/uploads\/2021\/01\/ico-bublina.svg);\"><\/span>\n\t\t\n\t\t\t\t\t\t\t\t<h2 class=\"wpa9-panel-title\">Tov\u00e1bbi inform\u00e1ci\u00f3k<\/h2>\n\t\t\n\t\t\t\t\t\t\t<div class=\"wpa9-panel-content\"><p><b>Nyelvi szintek:<\/b><\/p>\n<p><b>A1-t\u0151l C2-ig<\/b> - <b>teljesen kezd\u0151kt\u0151l<\/b> a <b>halad\u00f3 szintig<\/b>tan\u00edtunk, az \u00e1ltal\u00e1nos angolt\u00f3l az \u00fczleti franci\u00e1ig vagy a nemzetk\u00f6zi bizony\u00edtv\u00e1nyokra val\u00f3 felk\u00e9sz\u00edt\u00e9sig.<\/p>\n<p><b>Tan\u00edt\u00e1si id\u0151:<\/b><\/p>\n<p>az online leck\u00e9k rugalmasak. Csak az <b>oktat\u00f3val val\u00f3 meg\u00e1llapod\u00e1son m\u00falik<\/b>, hogy milyen id\u0151pontot v\u00e1laszt.<\/p>\n<p><b>\u00c1r<\/b><\/p>\n<p> <b>Nem k\u00f6telez\u0151 megrendel\u00e9shez<\/b> , vagy b\u00e1rmilyen k\u00e9rd\u00e9s eset\u00e9n, kattintson a MEGRENDEL\u00c9S MEGAD\u00c1SA gombra, \u00e9s koordin\u00e1toraink <b>v\u00e1laszolnak minden k\u00e9rd\u00e9s\u00e9re<\/b> , vagy szem\u00e9lyre szabott megrendel\u00e9st k\u00e9sz\u00edtenek \u00d6nnek.<\/p>\n<\/div>\n\t\t\t\t<\/div>\n\n\t\t\t\t<div class=\"meta meta-buttons d-flex flex-column flex-sm-row justify-content-center\">\n\t\t\t\t\t\t\t<a class=\"btn btn-negative show-inquiry-form\" href=\"https:\/\/dev.skrivanek.sk\/dopyt\/\" title=\"Rendel\u00e9s k\u00fcld\u00e9se\">Rendel\u00e9s k\u00fcld\u00e9se<\/a>\n\t\t\t\t<\/div>\n\t\t\n\t<\/div>\n\n\t\t\n\t<div class=\"wpa9-card-l-panel wpa9-panel shadow rounded d-flex flex-column justify-content-between\">\n\n\t\t<div>\n\t\t\t\t\t\t\t<span class=\"wpa9-panel-icon icon\" style=\"display: none; background-image: url('https:\/\/dev.skrivanek.sk\/wp-content\/uploads\/2021\/03\/ico-online-vyuka.svg')\"><\/span>\n\t\t\t<span class=\"wpa9-panel-icon icon\" style=\"mask-image: url(https:\/\/dev.skrivanek.sk\/wp-content\/uploads\/2021\/03\/ico-online-vyuka.svg); -webkit-mask-image: url(https:\/\/dev.skrivanek.sk\/wp-content\/uploads\/2021\/03\/ico-online-vyuka.svg);\"><\/span>\n\t\t\n\t\t\t\t\t\t\t\t<h2 class=\"wpa9-panel-title\">ONLINE nyelvek<\/h2>\n\t\t\n\t\t\t\t\t\t\t<div class=\"wpa9-panel-content\"><p>\u00a0<\/p>\n<p>T\u00f6bb mint 100 \u00e1ltal\u00e1nos \u00e9s szakmai ir\u00e1nyults\u00e1g\u00fa tanfolyamb\u00f3l \u00e1ll\u00f3 v\u00e1laszt\u00e9k. Piacvezet\u0151 az online\u00a0oktat\u00e1sban.<\/p>\n<p>MIT\u00a0NY\u00daJT A\u00a0TANFOLYAM?<\/p>\n<ul>\n<li>Min\u0151s\u00e9gi oktat\u00e1si tartalom, amelyet els\u0151sorban a\u00a0tanul\u00f3k ig\u00e9nyei szerint hoztak l\u00e9tre,<\/li>\n<li>egy online tanterem, amely alkalmazkodik a\u00a0PC-hez, t\u00e1blag\u00e9phez \u00e9s a\u00a0mobiltelefonhoz,<\/li>\n<li>egyszer\u0171en elmagyar\u00e1zott anyag r\u00f6vid tanulm\u00e1nyi szakaszokra bontva\u00a0,<\/li>\n<li>virtu\u00e1lis oktat\u00f3, aki v\u00e9gigvezeti \u00d6nt a\u00a0tanfolyamon,<\/li>\n<li>\u00a0sz\u00e1mos motiv\u00e1ci\u00f3s \u00e9s \u00a0j\u00e1t\u00e9kos elem (humor, meglepet\u00e9s pillanatok, seg\u00e9ddobozok, vide\u00f3 \u00a0 \u00a0 \u00e9rt\u00e9kel\u00e9sek,\u00a0stb.),<\/li>\n<li>\u00a0oktat\u00f3i t\u00e1mogat\u00e1s az online\u00a0cseveg\u00e9sen kereszt\u00fcl,<\/li>\n<li>\u00e1ttekint\u0151 statisztik\u00e1k a\u00a0tanfolyamon val\u00f3 el\u0151rehalad\u00e1sr\u00f3l,<\/li>\n<li>megb\u00edzhat\u00f3\u00a0IT\u00a0t\u00e1mogat\u00e1s.<\/li>\n<\/ul>\n<p><b>MIRE LESZ SZ\u00dcKS\u00c9GE\u00a0\u00a0<\/b><\/p>\n<ul>\n<li>Fejhallgat\u00f3 \u00e9s\u00a0mikrofon<\/li>\n<li>PC, mobil, t\u00e1blag\u00e9p\u00a0\u00a0internetkapcsolattal.<\/li>\n<\/ul>\n<\/div>\n\t\t\t\t<\/div>\n\n\t\t\n\t<\/div>\n\n\t\t\n\t\n<\/div>\n<\/div><\/div><\/div><\/div><\/div>","protected":false},"excerpt":{"rendered":"<p>Az online oktat\u00e1ssal k\u00e9nyelmesen, otthona k\u00e9nyelm\u00e9b\u0151l tanulhat idegen nyelveket. Az online tanul\u00e1s sokkal t\u00f6bb el\u0151nyt k\u00edn\u00e1l, mint amennyit els\u0151 pillant\u00e1sra gondoln\u00e1nk. &#8211; Id\u0151megtakar\u00edt\u00e1s &#8211; nem kell megjelennie az \u00f3r\u00e1kon, egyszer\u0171en otthonr\u00f3l tanulhat, vagy ha munkaid\u0151re esik az \u00f3ra, akkor a t\u00e1rgyal\u00f3b\u00f3l vagy az irod\u00e1b\u00f3l is csatlakozhat. &#8211; Nagyobb rugalmass\u00e1g &#8211; mivel sem \u00d6nnek, sem oktat\u00f3j\u00e1nak [&hellip;]<\/p>\n","protected":false},"author":1,"featured_media":0,"parent":5273,"menu_order":0,"comment_status":"closed","ping_status":"closed","template":"","meta":{"_acf_changed":false,"footnotes":""},"class_list":["post-5411","page","type-page","status-publish","hentry"],"acf":[],"_links":{"self":[{"href":"https:\/\/dev.skrivanek.sk\/hu\/wp-json\/wp\/v2\/pages\/5411","targetHints":{"allow":["GET"]}}],"collection":[{"href":"https:\/\/dev.skrivanek.sk\/hu\/wp-json\/wp\/v2\/pages"}],"about":[{"href":"https:\/\/dev.skrivanek.sk\/hu\/wp-json\/wp\/v2\/types\/page"}],"author":[{"embeddable":true,"href":"https:\/\/dev.skrivanek.sk\/hu\/wp-json\/wp\/v2\/users\/1"}],"replies":[{"embeddable":true,"href":"https:\/\/dev.skrivanek.sk\/hu\/wp-json\/wp\/v2\/comments?post=5411"}],"version-history":[{"count":4,"href":"https:\/\/dev.skrivanek.sk\/hu\/wp-json\/wp\/v2\/pages\/5411\/revisions"}],"predecessor-version":[{"id":5712,"href":"https:\/\/dev.skrivanek.sk\/hu\/wp-json\/wp\/v2\/pages\/5411\/revisions\/5712"}],"up":[{"embeddable":true,"href":"https:\/\/dev.skrivanek.sk\/hu\/wp-json\/wp\/v2\/pages\/5273"}],"wp:attachment":[{"href":"https:\/\/dev.skrivanek.sk\/hu\/wp-json\/wp\/v2\/media?parent=5411"}],"curies":[{"name":"wp","href":"https:\/\/api.w.org\/{rel}","templated":true}]}}