{"id":5406,"date":"2025-03-25T17:43:57","date_gmt":"2025-03-25T16:43:57","guid":{"rendered":"https:\/\/skrivanek.sk\/jazykova-skola-hu\/az-egyedulallo-effecto-oktatasi-modszer\/"},"modified":"2025-03-25T18:01:52","modified_gmt":"2025-03-25T17:01:52","slug":"az-egyedulallo-effecto-oktatasi-modszer","status":"publish","type":"page","link":"https:\/\/dev.skrivanek.sk\/hu\/nyelviskola\/az-egyedulallo-effecto-oktatasi-modszer\/","title":{"rendered":"Az egyed\u00fcl\u00e1ll\u00f3 Effecto\u00ae oktat\u00e1si m\u00f3dszer"},"content":{"rendered":"<div id=\"pl-5406\"  class=\"panel-layout\" ><div id=\"pg-5406-0\"  class=\"panel-grid panel-has-style\" ><div class=\"siteorigin-panels-stretch panel-row-style panel-row-style-for-5406-0\" data-stretch-type=\"full\" ><div id=\"pgc-5406-0-0\"  class=\"panel-grid-cell\" ><div id=\"panel-5406-0-0-0\" class=\"so-panel widget widget_wpa9-card-m panel-first-child panel-last-child\" data-index=\"0\" ><div\n\t\t\t\n\t\t\tclass=\"so-widget-wpa9-card-m so-widget-wpa9-card-m-default-c93e1481a745-5406\"\n\t\t\t\n\t\t>\n\n<section class=\"wpa9-card wpa9-card-m-container d-flex flex-wrap justify-content-center nDEGHd\">\n\n\t\n\t\t\n\t\t\t\n\t<article class=\"wpa9-card-m-panel wpa9-panel \">\n\t<div class=\"rounded\">\n\t\t\t\t<header class=\"d-block flex-wrap pb-4\">\n\t\t\t\n\t\t\t\t\t\t\t\t<h2 class=\"wpa9-card-title\">Saj\u00e1t oktat\u00e1si m\u00f3dszer<\/h2>\n\t\t\t\t<\/header>\n\n\t\t\t\t<main class=\"wpa9-card-content\"><p>T\u00f6bb mint 20 \u00e9ves tapasztalatot gy\u0171jt\u00f6tt\u00fcnk a nyelvoktat\u00e1s ter\u00e9n, hogy megalkossuk az Effecto\u00ae oktat\u00e1si m\u00f3dszert, amely a legfontosabb dolgot \u2013 a kommunik\u00e1ci\u00f3s k\u00e9pess\u00e9get \u2013\u00a0veszi figyelembe.<\/p>\n<\/main>\n\t\t\n\t<\/div>\t<\/article>\n\t\t\n\t\t\t\n\t<article class=\"wpa9-card-m-panel wpa9-panel \">\n\t<div class=\"rounded\">\n\t\t\t\t<header class=\"d-block flex-wrap pb-4\">\n\t\t\t\n\t\t\t\t\t\t\t\t<h2 class=\"wpa9-card-title\">Besz\u00e9lni kezd\u00fcnk<\/h2>\n\t\t\t\t<\/header>\n\n\t\t\t\t<main class=\"wpa9-card-content\"><p>Az oktat\u00e1s sor\u00e1n olyan h\u00e9tk\u00f6znapi helyzetekr\u0151l besz\u00e9l\u00fcnk, amelyek tiszteletben tartj\u00e1k az \u00d6n nyelvi szintj\u00e9t. Ez\u00e1ltal \u00f3r\u00e1r\u00f3l \u00f3r\u00e1ra jobban fog\u00a0besz\u00e9lni.<\/p>\n<\/main>\n\t\t\n\t<\/div>\t<\/article>\n\t\t\n\t\t\t\n\t<article class=\"wpa9-card-m-panel wpa9-panel \">\n\t<div class=\"rounded\">\n\t\t\t\t<header class=\"d-block flex-wrap pb-4\">\n\t\t\t\n\t\t\t\t\t\t\t\t<h2 class=\"wpa9-card-title\">Szintszab\u00e1lyoz\u00e1s<\/h2>\n\t\t\t\t<\/header>\n\n\t\t\t\t<main class=\"wpa9-card-content\"><p>A nyelvi szintet a tanfolyam kezdete el\u0151tt nyelvi audittal \u00e9s folyamatos tesztel\u00e9ssel igazoljuk. \u00cdgy megtudhatja,\u00a0hogyan teljes\u00edt.<\/p>\n<\/main>\n\t\t\n\t<\/div>\t<\/article>\n\t\t\n\n\t\t\n\t\n<\/section>\n<\/div><\/div><\/div><\/div><\/div><div id=\"pg-5406-1\"  class=\"panel-grid panel-no-style\" ><div id=\"pgc-5406-1-0\"  class=\"panel-grid-cell\" ><div id=\"panel-5406-1-0-0\" class=\"so-panel widget widget_wpa9-steps panel-first-child panel-last-child\" data-index=\"1\" ><div\n\t\t\t\n\t\t\tclass=\"so-widget-wpa9-steps so-widget-wpa9-steps-default-c93e1481a745-5406\"\n\t\t\t\n\t\t><div class=\"wpa9-steps\">\n\t<div class=\"wpa9-steps-togglers d-flex flex-wrap justify-content-center\" data-wpa9-interval=\"7000\">\n\t\t\t\n\t\t<div class=\"wpa9-steps-toggler-wrapper wpa9-steps-active\" id=\"wpa9-steps-toggler-panel-0\">\n\t\t\t<div class=\"wpa9-steps-toggler f-headlines d-flex align-items-center justify-content-center\" data-content=\"panel-0\" role=\"button\">\n\t\t\t\t\t\t\t\t<span class=\"wpa9-step-title\">Akt\u00edv r\u00e9szv\u00e9tel az oktat\u00e1son<\/span>\n\t\t\t\t\t\t\t<\/div>\n\t\t\t<div class=\"wpa9-steps-decoration\"><\/div>\n\t\t<\/div>\n\t\t<div class=\"wpa9-steps-content wpa9-steps-active\" role=\"region\" id=\"wpa9-steps-content-panel-0\">\n\t\t\t<p>Az oktat\u00e1s reakci\u00f3kon \u00e9s p\u00e1rbesz\u00e9deken alapul. Ez\u00e1ltal a nyelvhaszn\u00e1lat sokkal\u00a0term\u00e9szetesebb\u00e9 v\u00e1lik az \u00d6n sz\u00e1m\u00e1ra.<\/p>\n\t\t<\/div>\n\t\t<div class=\"wpa9-steps-hyphen hyphen-visible\"><\/div>\t\t\t\n\t\t<div class=\"wpa9-steps-toggler-wrapper\" id=\"wpa9-steps-toggler-panel-1\">\n\t\t\t<div class=\"wpa9-steps-toggler f-headlines d-flex align-items-center justify-content-center\" data-content=\"panel-1\" role=\"button\">\n\t\t\t\t\t\t\t\t<span class=\"wpa9-step-title\">Ihlet a jobb eredm\u00e9nyek\u00e9rt<\/span>\n\t\t\t\t\t\t\t<\/div>\n\t\t\t<div class=\"wpa9-steps-decoration\"><\/div>\n\t\t<\/div>\n\t\t<div class=\"wpa9-steps-content\" role=\"region\" id=\"wpa9-steps-content-panel-1\">\n\t\t\t<p>A tanfolyam megkezd\u00e9se el\u0151tt nyelvi auditot v\u00e9gz\u00fcnk az \u00d6n tud\u00e1s\u00e1r\u00f3l. A folyamatos tesztek seg\u00edtenek ellen\u0151rizni, hogy \u00e1ll. A tanfolyam v\u00e9g\u00e9n egy z\u00e1r\u00f3 nyelvvizsg\u00e1n ellen\u0151rizheti, hogy milyen szintre \u00a0jutott el.<\/p>\n\t\t<\/div>\n\t\t<div class=\"wpa9-steps-hyphen hyphen-visible\"><\/div>\t\t\t\n\t\t<div class=\"wpa9-steps-toggler-wrapper\" id=\"wpa9-steps-toggler-panel-2\">\n\t\t\t<div class=\"wpa9-steps-toggler f-headlines d-flex align-items-center justify-content-center\" data-content=\"panel-2\" role=\"button\">\n\t\t\t\t\t\t\t\t<span class=\"wpa9-step-title\">A tanfolyam tartalm\u00e1nak befoly\u00e1sol\u00e1sa<\/span>\n\t\t\t\t\t\t\t<\/div>\n\t\t\t<div class=\"wpa9-steps-decoration\"><\/div>\n\t\t<\/div>\n\t\t<div class=\"wpa9-steps-content\" role=\"region\" id=\"wpa9-steps-content-panel-2\">\n\t\t\t<p>A besz\u00e9lget\u00e9s t\u00e9m\u00e1inak kiv\u00e1laszt\u00e1s\u00e1val maga is befoly\u00e1solhatja a leck\u00e9k \u00f6sszet\u00e9tel\u00e9t. Az oktat\u00f3 kiv\u00e1lasztja azokat a gyakorlatokat, amelyek megfelelnek az \u00d6n\u00a0elv\u00e1r\u00e1sainak.<\/p>\n\t\t<\/div>\n\t\t<div class=\"wpa9-steps-hyphen hyphen-visible\"><\/div>\t\t\t\n\t\t<div class=\"wpa9-steps-toggler-wrapper\" id=\"wpa9-steps-toggler-panel-3\">\n\t\t\t<div class=\"wpa9-steps-toggler f-headlines d-flex align-items-center justify-content-center\" data-content=\"panel-3\" role=\"button\">\n\t\t\t\t\t\t\t\t<span class=\"wpa9-step-title\">Praktikus \u00e9s sz\u00f3rakoztat\u00f3<\/span>\n\t\t\t\t\t\t\t<\/div>\n\t\t\t<div class=\"wpa9-steps-decoration\"><\/div>\n\t\t<\/div>\n\t\t<div class=\"wpa9-steps-content\" role=\"region\" id=\"wpa9-steps-content-panel-3\">\n\t\t\t<p>Gyakorolja a nyelv k\u00f6zvetlen haszn\u00e1lat\u00e1t olyan kommunik\u00e1ci\u00f3s tev\u00e9kenys\u00e9gek sor\u00e1n, amelyek felk\u00e9sz\u00edtik \u00d6nt a gyakorlati \u00e9lethelyzetekre, \u00e9s amelyek sor\u00e1n \u00e9lvezni fogja a\u00a0tanul\u00e1st.<\/p>\n\t\t<\/div>\n\t\t<div class=\"wpa9-steps-hyphen hyphen-visible\"><\/div>\t\t\t\n\t\t<div class=\"wpa9-steps-toggler-wrapper\" id=\"wpa9-steps-toggler-panel-4\">\n\t\t\t<div class=\"wpa9-steps-toggler f-headlines d-flex align-items-center justify-content-center\" data-content=\"panel-4\" role=\"button\">\n\t\t\t\t\t\t\t\t<span class=\"wpa9-step-title\">Garancia<\/span>\n\t\t\t\t\t\t\t<\/div>\n\t\t\t<div class=\"wpa9-steps-decoration\"><\/div>\n\t\t<\/div>\n\t\t<div class=\"wpa9-steps-content\" role=\"region\" id=\"wpa9-steps-content-panel-4\">\n\t\t\t<p>Az Effecto m\u00f3dszer\u00fcnkkel olyan leck\u00e9ket kap, amelyek vil\u00e1gos \u00e9s hat\u00e9kony fel\u00e9p\u00edt\u00e9se garant\u00e1lja, hogy er\u0151fesz\u00edt\u00e9s\u00e9t\u00a0siker koron\u00e1zza.<\/p>\n\t\t<\/div>\n\t\t\t\t<\/div>\n\t<div class=\"wpa9-steps-contents-wrapper\">\n\t\t\t\t\t<div class=\"wpa9-steps-content _step_5_1 wpa9-steps-active\" role=\"region\" id=\"wpa9-steps-content-panel-0\">\n\t\t\t<p>Az oktat\u00e1s reakci\u00f3kon \u00e9s p\u00e1rbesz\u00e9deken alapul. Ez\u00e1ltal a nyelvhaszn\u00e1lat sokkal\u00a0term\u00e9szetesebb\u00e9 v\u00e1lik az \u00d6n sz\u00e1m\u00e1ra.<\/p>\n\t\t<\/div>\n\t\t\t\t\t<div class=\"wpa9-steps-content _step_5_2\" role=\"region\" id=\"wpa9-steps-content-panel-1\">\n\t\t\t<p>A tanfolyam megkezd\u00e9se el\u0151tt nyelvi auditot v\u00e9gz\u00fcnk az \u00d6n tud\u00e1s\u00e1r\u00f3l. A folyamatos tesztek seg\u00edtenek ellen\u0151rizni, hogy \u00e1ll. A tanfolyam v\u00e9g\u00e9n egy z\u00e1r\u00f3 nyelvvizsg\u00e1n ellen\u0151rizheti, hogy milyen szintre \u00a0jutott el.<\/p>\n\t\t<\/div>\n\t\t\t\t\t<div class=\"wpa9-steps-content _step_5_3\" role=\"region\" id=\"wpa9-steps-content-panel-2\">\n\t\t\t<p>A besz\u00e9lget\u00e9s t\u00e9m\u00e1inak kiv\u00e1laszt\u00e1s\u00e1val maga is befoly\u00e1solhatja a leck\u00e9k \u00f6sszet\u00e9tel\u00e9t. Az oktat\u00f3 kiv\u00e1lasztja azokat a gyakorlatokat, amelyek megfelelnek az \u00d6n\u00a0elv\u00e1r\u00e1sainak.<\/p>\n\t\t<\/div>\n\t\t\t\t\t<div class=\"wpa9-steps-content _step_5_4\" role=\"region\" id=\"wpa9-steps-content-panel-3\">\n\t\t\t<p>Gyakorolja a nyelv k\u00f6zvetlen haszn\u00e1lat\u00e1t olyan kommunik\u00e1ci\u00f3s tev\u00e9kenys\u00e9gek sor\u00e1n, amelyek felk\u00e9sz\u00edtik \u00d6nt a gyakorlati \u00e9lethelyzetekre, \u00e9s amelyek sor\u00e1n \u00e9lvezni fogja a\u00a0tanul\u00e1st.<\/p>\n\t\t<\/div>\n\t\t\t\t\t<div class=\"wpa9-steps-content _step_5_5\" role=\"region\" id=\"wpa9-steps-content-panel-4\">\n\t\t\t<p>Az Effecto m\u00f3dszer\u00fcnkkel olyan leck\u00e9ket kap, amelyek vil\u00e1gos \u00e9s hat\u00e9kony fel\u00e9p\u00edt\u00e9se garant\u00e1lja, hogy er\u0151fesz\u00edt\u00e9s\u00e9t\u00a0siker koron\u00e1zza.<\/p>\n\t\t<\/div>\n\t\t<\/div>\n\t<\/div>\n<\/div><\/div><\/div><\/div><div id=\"pg-5406-2\"  class=\"panel-grid panel-has-style\" ><div class=\"siteorigin-panels-stretch panel-row-style panel-row-style-for-5406-2\" data-stretch-type=\"full\" ><div id=\"pgc-5406-2-0\"  class=\"panel-grid-cell\" ><div id=\"panel-5406-2-0-0\" class=\"so-panel widget widget_wpa9-buttons-group panel-first-child panel-last-child\" data-index=\"2\" ><div\n\t\t\t\n\t\t\tclass=\"so-widget-wpa9-buttons-group so-widget-wpa9-buttons-group-default-7f91da832e02-5406\"\n\t\t\t\n\t\t>\n<h3 class=\"wpa9-buttons-group-title widget-title layout-negative\">Milyen t\u00edpus\u00fa tanfolyamokat k\u00edn\u00e1lunk?<\/h3>\n<div class=\"wpa9-buttons-group-wrapper\">\n\n\t<div class=\"wpa9-buttons-group d-flex flex-wrap justify-content-center\">\n\n\t\n\t\t\n\t\t<a class=\"wpa9-buttons-group-button btn btn-size-s btn-negative d-flex flex-row justify-content-center \" href=\"https:\/\/skrivanek.sk\/jazykova-skola\/katalog-kurzu\/\" id=\"wpa9-buttons-group-panel-csoportos-oktatas\" title=\"Csoportos oktat\u00e1s\"><span class=\"align-self-center\">Csoportos oktat\u00e1s<\/span><\/a>\n\n\t\n\t\t\n\t\t<a class=\"wpa9-buttons-group-button btn btn-size-s btn-negative d-flex flex-row justify-content-center \" href=\"https:\/\/skrivanek.sk\/jazykova-skola\/katalog-kurzu\/\" id=\"wpa9-buttons-group-panel-egyeni-oktatas\" title=\"Egy\u00e9ni oktat\u00e1s\"><span class=\"align-self-center\">Egy\u00e9ni oktat\u00e1s<\/span><\/a>\n\n\t\n\t\t\n\t\t<a class=\"wpa9-buttons-group-button btn btn-size-s btn-negative d-flex flex-row justify-content-center \" href=\"https:\/\/skrivanek.sk\/jazykova-skola\/katalog-kurzu\/\" id=\"wpa9-buttons-group-panel-minicsoportok\" title=\"Minicsoportok\"><span class=\"align-self-center\">Minicsoportok<\/span><\/a>\n\n\t\n\t\t\n\t\t<a class=\"wpa9-buttons-group-button btn btn-size-s btn-negative d-flex flex-row justify-content-center \" href=\"https:\/\/skrivanek.sk\/jazykova-skola\/katalog-kurzu\/\" id=\"wpa9-buttons-group-panel-online-oktatas\" title=\"Online oktat\u00e1s\"><span class=\"align-self-center\">Online oktat\u00e1s<\/span><\/a>\n\n\t\n\t\t\n\t\t<a class=\"wpa9-buttons-group-button btn btn-size-s btn-negative d-flex flex-row justify-content-center \" href=\"https:\/\/skrivanek.sk\/jazykova-skola\/katalog-kurzu\/\" id=\"wpa9-buttons-group-panel-kulfoldi-nyelvtanfolyamok\" title=\"K\u00fclf\u00f6ldi nyelvtanfolyamok\"><span class=\"align-self-center\">K\u00fclf\u00f6ldi nyelvtanfolyamok<\/span><\/a>\n\n\t\n\t<\/div>\n\n<\/div>\n<\/div><\/div><\/div><\/div><\/div><div id=\"pg-5406-3\"  class=\"panel-grid panel-no-style\" ><div id=\"pgc-5406-3-0\"  class=\"panel-grid-cell\" ><div id=\"panel-5406-3-0-0\" class=\"so-panel widget widget_wpa9-card-s panel-first-child panel-last-child\" data-index=\"3\" ><div\n\t\t\t\n\t\t\tclass=\"so-widget-wpa9-card-s so-widget-wpa9-card-s-default-c93e1481a745-5406\"\n\t\t\t\n\t\t><div class=\"wpa9-card wpa9-card-s narrow positive\">\n\n\t<div class=\"wpa9-card-wrapper container\">\n\n\t\t<div class=\"wpa9-card-text\">\n\t\t\t<h2 class=\"wpa9-card-title\">Szeretn\u00e9 fejleszteni idegen nyelvtud\u00e1s\u00e1t?<\/h2>\n\t\t\t<div class=\"wpa9-card-content\"><p style=\"text-align: center\">N\u00e9zze meg a tanfolyam-k\u00edn\u00e1latot, \u00e9s v\u00e1lassza ki a\u00a0megfelel\u0151t.<\/p>\n<\/div>\t\t<\/div>\n\n\t\t\t\t<div class=\"meta meta-buttons d-flex flex-row justify-content-center\">\n\t\t\t\t\t\t\t<a class=\"btn btn-negative \" href=\"#0\" title=\"Rendel\u00e9s k\u00fcld\u00e9se\">Rendel\u00e9s k\u00fcld\u00e9se<\/a>\n\t\t\t\t<\/div>\n\t\t\n\t<\/div>\n\n<\/div>\n<\/div><\/div><\/div><\/div><\/div>","protected":false},"excerpt":{"rendered":"<p>Saj\u00e1t oktat\u00e1si m\u00f3dszer T\u00f6bb mint 20 \u00e9ves tapasztalatot gy\u0171jt\u00f6tt\u00fcnk a nyelvoktat\u00e1s ter\u00e9n, hogy megalkossuk az Effecto\u00ae oktat\u00e1si m\u00f3dszert, amely a legfontosabb dolgot \u2013 a kommunik\u00e1ci\u00f3s k\u00e9pess\u00e9get \u2013\u00a0veszi figyelembe. Besz\u00e9lni kezd\u00fcnk Az oktat\u00e1s sor\u00e1n olyan h\u00e9tk\u00f6znapi helyzetekr\u0151l besz\u00e9l\u00fcnk, amelyek tiszteletben tartj\u00e1k az \u00d6n nyelvi szintj\u00e9t. Ez\u00e1ltal \u00f3r\u00e1r\u00f3l \u00f3r\u00e1ra jobban fog\u00a0besz\u00e9lni. Szintszab\u00e1lyoz\u00e1s A nyelvi szintet a tanfolyam [&hellip;]<\/p>\n","protected":false},"author":1,"featured_media":0,"parent":5273,"menu_order":0,"comment_status":"closed","ping_status":"closed","template":"","meta":{"_acf_changed":false,"footnotes":""},"class_list":["post-5406","page","type-page","status-publish","hentry"],"acf":[],"_links":{"self":[{"href":"https:\/\/dev.skrivanek.sk\/hu\/wp-json\/wp\/v2\/pages\/5406","targetHints":{"allow":["GET"]}}],"collection":[{"href":"https:\/\/dev.skrivanek.sk\/hu\/wp-json\/wp\/v2\/pages"}],"about":[{"href":"https:\/\/dev.skrivanek.sk\/hu\/wp-json\/wp\/v2\/types\/page"}],"author":[{"embeddable":true,"href":"https:\/\/dev.skrivanek.sk\/hu\/wp-json\/wp\/v2\/users\/1"}],"replies":[{"embeddable":true,"href":"https:\/\/dev.skrivanek.sk\/hu\/wp-json\/wp\/v2\/comments?post=5406"}],"version-history":[{"count":4,"href":"https:\/\/dev.skrivanek.sk\/hu\/wp-json\/wp\/v2\/pages\/5406\/revisions"}],"predecessor-version":[{"id":5708,"href":"https:\/\/dev.skrivanek.sk\/hu\/wp-json\/wp\/v2\/pages\/5406\/revisions\/5708"}],"up":[{"embeddable":true,"href":"https:\/\/dev.skrivanek.sk\/hu\/wp-json\/wp\/v2\/pages\/5273"}],"wp:attachment":[{"href":"https:\/\/dev.skrivanek.sk\/hu\/wp-json\/wp\/v2\/media?parent=5406"}],"curies":[{"name":"wp","href":"https:\/\/api.w.org\/{rel}","templated":true}]}}