{"id":5390,"date":"2025-03-25T17:43:56","date_gmt":"2025-03-25T16:43:56","guid":{"rendered":"https:\/\/skrivanek.sk\/rolunk\/"},"modified":"2025-03-25T18:01:51","modified_gmt":"2025-03-25T17:01:51","slug":"rolunk","status":"publish","type":"page","link":"https:\/\/dev.skrivanek.sk\/hu\/rolunk\/","title":{"rendered":"R\u00f3lunk"},"content":{"rendered":"<div id=\"pl-5390\"  class=\"panel-layout\" ><div id=\"pg-5390-0\"  class=\"panel-grid panel-has-style\" ><div class=\"siteorigin-panels-stretch panel-row-style panel-row-style-for-5390-0\" data-stretch-type=\"full\" ><div id=\"pgc-5390-0-0\"  class=\"panel-grid-cell\" ><div id=\"panel-5390-0-0-0\" class=\"so-panel widget widget_wpa9-card-m panel-first-child panel-last-child\" data-index=\"0\" ><div\n\t\t\t\n\t\t\tclass=\"so-widget-wpa9-card-m so-widget-wpa9-card-m-default-c93e1481a745-5390\"\n\t\t\t\n\t\t>\n\n<section class=\"wpa9-card wpa9-card-m-container d-flex flex-wrap justify-content-center roIW2L\">\n\n\t\n\t\t\n\t\t\t\n\t<article class=\"wpa9-card-m-panel wpa9-panel \">\n\t<div class=\"rounded\">\n\t\t\t\t<header class=\"d-block flex-wrap pb-4\">\n\t\t\t\t\t\t\t<span class=\"wpa9-card-icon icon d-none\" style=\"background-image: url('https:\/\/dev.skrivanek.sk\/wp-content\/uploads\/2021\/03\/icon-circle.svg')\"><\/span>\n\t\t\t\t<span class=\"wpa9-card-icon icon\" style=\"mask-image: url(https:\/\/dev.skrivanek.sk\/wp-content\/uploads\/2021\/03\/icon-circle.svg); -webkit-mask-image: url(https:\/\/dev.skrivanek.sk\/wp-content\/uploads\/2021\/03\/icon-circle.svg);\"><\/span>\n\t\t\t\n\t\t\t\t\t\t\t\t<h2 class=\"wpa9-card-title\">T\u00f6bb mint 20 \u00e9ves tapasztalat<\/h2>\n\t\t\t\t<\/header>\n\n\t\t\t\t<main class=\"wpa9-card-content\"><p>nyelvtanfolyamokkal, ford\u00edt\u00e1ssal \u00e9s tolm\u00e1csol\u00e1ssal. Imm\u00e1r\u00a01994 \u00f3ta m\u0171k\u00f6d\u00fcnk.<\/p>\n<\/main>\n\t\t\n\t<\/div>\t<\/article>\n\t\t\n\t\t\t\n\t<article class=\"wpa9-card-m-panel wpa9-panel \">\n\t<div class=\"rounded\">\n\t\t\t\t<header class=\"d-block flex-wrap pb-4\">\n\t\t\t\t\t\t\t<span class=\"wpa9-card-icon icon d-none\" style=\"background-image: url('https:\/\/dev.skrivanek.sk\/wp-content\/uploads\/2021\/03\/icon-circle.svg')\"><\/span>\n\t\t\t\t<span class=\"wpa9-card-icon icon\" style=\"mask-image: url(https:\/\/dev.skrivanek.sk\/wp-content\/uploads\/2021\/03\/icon-circle.svg); -webkit-mask-image: url(https:\/\/dev.skrivanek.sk\/wp-content\/uploads\/2021\/03\/icon-circle.svg);\"><\/span>\n\t\t\t\n\t\t\t\t\t\t\t\t<h2 class=\"wpa9-card-title\">Kirendelts\u00e9gek 15 orsz\u00e1gban<\/h2>\n\t\t\t\t<\/header>\n\n\t\t\t\t<main class=\"wpa9-card-content\"><p>A Skrivanek\u00a0N\u00e9metorsz\u00e1gban, az Egyes\u00fclt Kir\u00e1lys\u00e1gban vagy ak\u00e1r <span class=\"caps\">az Egyes\u00fclt \u00c1llamokban<\/span>is jelen van. \u00cdgy a\u00a0vil\u00e1g minden t\u00e1j\u00e1r\u00f3l egy\u00fcttm\u0171k\u00f6dhet vel\u00fcnk.<\/p>\n<\/main>\n\t\t\n\t<\/div>\t<\/article>\n\t\t\n\t\t\t\n\t<article class=\"wpa9-card-m-panel wpa9-panel \">\n\t<div class=\"rounded\">\n\t\t\t\t<header class=\"d-block flex-wrap pb-4\">\n\t\t\t\t\t\t\t<span class=\"wpa9-card-icon icon d-none\" style=\"background-image: url('https:\/\/dev.skrivanek.sk\/wp-content\/uploads\/2021\/03\/icon-circle.svg')\"><\/span>\n\t\t\t\t<span class=\"wpa9-card-icon icon\" style=\"mask-image: url(https:\/\/dev.skrivanek.sk\/wp-content\/uploads\/2021\/03\/icon-circle.svg); -webkit-mask-image: url(https:\/\/dev.skrivanek.sk\/wp-content\/uploads\/2021\/03\/icon-circle.svg);\"><\/span>\n\t\t\t\n\t\t\t\t\t\t\t\t<h2 class=\"wpa9-card-title\">Tan\u00fas\u00edtott c\u00e9g<\/h2>\n\t\t\t\t<\/header>\n\n\t\t\t\t<main class=\"wpa9-card-content\"><p>Tev\u00e9kenys\u00e9g\u00fcnk k\u00fcl\u00f6nb\u00f6z\u0151 <a title=\"V\u00e1llalati tan\u00fas\u00edt\u00e1s\" href=\"https:\/\/www.skrivanek.sk\/sk\/certifikacia-spolocnosti\" data-entity-substitution=\"canonical\" data-entity-type=\"node\" data-entity-uuid=\"a959a105-0edd-41da-a051-9b522d30d402\">tan\u00fas\u00edtv\u00e1nyokhoz<\/a>k\u00f6t\u00f6tt, ezzel biztos\u00edtva szolg\u00e1ltat\u00e1saink magas sz\u00ednvonal\u00e1t\u00a0.<\/p>\n<\/main>\n\t\t\n\t<\/div>\t<\/article>\n\t\t\n\n\t\t\n\t\n<\/section>\n<\/div><\/div><\/div><\/div><\/div><div id=\"pg-5390-1\"  class=\"panel-grid panel-no-style\" ><div id=\"pgc-5390-1-0\"  class=\"panel-grid-cell panel-grid-cell-empty\" ><\/div><\/div><div id=\"pg-5390-2\"  class=\"panel-grid panel-has-style\" ><div class=\"siteorigin-panels-stretch panel-row-style panel-row-style-for-5390-2\" data-stretch-type=\"full\" ><div id=\"pgc-5390-2-0\"  class=\"panel-grid-cell\" ><div id=\"panel-5390-2-0-0\" class=\"so-panel widget widget_wpa9-buttons-group panel-first-child panel-last-child\" data-index=\"1\" ><div\n\t\t\t\n\t\t\tclass=\"so-widget-wpa9-buttons-group so-widget-wpa9-buttons-group-default-7f91da832e02-5390\"\n\t\t\t\n\t\t>\n<h3 class=\"wpa9-buttons-group-title widget-title layout-negative\">Az al\u00e1bbiakat k\u00edn\u00e1ljuk<\/h3>\n<div class=\"wpa9-buttons-group-wrapper\">\n\n\t<div class=\"wpa9-buttons-group d-flex flex-wrap justify-content-center\">\n\n\t\n\t\t\n\t\t<a class=\"wpa9-buttons-group-button btn btn-size-s btn-negative d-flex flex-row justify-content-center disabled \" href=\"#0\" id=\"wpa9-buttons-group-panel-vallalati-nyelvi-kepzes\" title=\"V\u00e1llalati nyelvi k\u00e9pz\u00e9s\"><span class=\"align-self-center\">V\u00e1llalati nyelvi k\u00e9pz\u00e9s<\/span><\/a>\n\n\t\n\t\t\n\t\t<a class=\"wpa9-buttons-group-button btn btn-size-s btn-negative d-flex flex-row justify-content-center disabled \" href=\"#0\" id=\"wpa9-buttons-group-panel-online-oktatas\" title=\"Online oktat\u00e1s\"><span class=\"align-self-center\">Online oktat\u00e1s<\/span><\/a>\n\n\t\n\t\t\n\t\t<a class=\"wpa9-buttons-group-button btn btn-size-s btn-negative d-flex flex-row justify-content-center \" href=\"https:\/\/dev.skrivanek.sk\/preklady\/\" id=\"wpa9-buttons-group-panel-szovegek-forditasa-es-lektoralasa\" title=\"Sz\u00f6vegek ford\u00edt\u00e1sa \u00e9s lektor\u00e1l\u00e1sa\"><span class=\"align-self-center\">Sz\u00f6vegek ford\u00edt\u00e1sa \u00e9s lektor\u00e1l\u00e1sa<\/span><\/a>\n\n\t\n\t\t\n\t\t<a class=\"wpa9-buttons-group-button btn btn-size-s btn-negative d-flex flex-row justify-content-center \" href=\"https:\/\/dev.skrivanek.sk\/tlmocenie\/\" id=\"wpa9-buttons-group-panel-tolmacsolas-minden-tipusu-rendezvenyen\" title=\"Tolm\u00e1csol\u00e1s minden t\u00edpus\u00fa rendezv\u00e9nyen\"><span class=\"align-self-center\">Tolm\u00e1csol\u00e1s minden t\u00edpus\u00fa rendezv\u00e9nyen<\/span><\/a>\n\n\t\n\t<\/div>\n\n<\/div>\n<\/div><\/div><\/div><\/div><\/div><div id=\"pg-5390-3\"  class=\"panel-grid panel-no-style\" ><div id=\"pgc-5390-3-0\"  class=\"panel-grid-cell\" ><div id=\"panel-5390-3-0-0\" class=\"so-panel widget widget_wpa9-card-l panel-first-child panel-last-child\" data-index=\"2\" ><div\n\t\t\t\n\t\t\tclass=\"so-widget-wpa9-card-l so-widget-wpa9-card-l-default-c93e1481a745-5390\"\n\t\t\t\n\t\t>\n\n<div class=\"wpa9-card wpa9-card-l-container d-flex flex-wrap wpa9-columns-3\">\n\n\t\n\t\t\n\t<div class=\"wpa9-card-l-panel wpa9-panel shadow rounded d-flex flex-column justify-content-between\">\n\n\t\t<div>\n\t\t\t\t\t\t\t<span class=\"wpa9-panel-icon icon\" style=\"display: none; background-image: url('https:\/\/dev.skrivanek.sk\/wp-content\/uploads\/2023\/02\/high-res-10-consec-years.png')\"><\/span>\n\t\t\t<span class=\"wpa9-panel-icon icon\" style=\"mask-image: url(https:\/\/dev.skrivanek.sk\/wp-content\/uploads\/2023\/02\/high-res-10-consec-years-948x520.png); -webkit-mask-image: url(https:\/\/dev.skrivanek.sk\/wp-content\/uploads\/2023\/02\/high-res-10-consec-years-948x520.png);\"><\/span>\n\t\t\n\t\t\t\t\t\t\t\t<h2 class=\"wpa9-panel-title\">D\u00edj<\/h2>\n\t\t\n\t\t\t\t\t\t\t\t<figure>\n\t\t\t\t<img decoding=\"async\" src=\"https:\/\/dev.skrivanek.sk\/wp-content\/uploads\/2023\/02\/high-res-10-consec-years-948x520.png\" alt=\"D\u00edj\" class=\"img-responsive\" style=\"width:80%\"\/>\n\t\t\t<\/figure>\n\t\t\t\t\t\t\t<div class=\"wpa9-panel-content\"><p>2021-ben\u00a0a CSA Research a TOP 100 Global Language Providers k\u00f6z\u00e9 sorolt minket.<\/p>\n<\/div>\n\t\t\t\t<\/div>\n\n\t\t\n\t<\/div>\n\n\t\t\n\t<div class=\"wpa9-card-l-panel wpa9-panel shadow rounded d-flex flex-column justify-content-between\">\n\n\t\t<div>\n\t\t\t\t\n\t\t\t\t\t\t\t\t<h2 class=\"wpa9-panel-title\">V\u00e1llalati tan\u00fas\u00edt\u00e1s<\/h2>\n\t\t\n\t\t\t\t\t\t\t<div class=\"wpa9-panel-content\"><p>2002-ben az ipar\u00e1gban az els\u0151k k\u00f6z\u00f6tt vezett\u00fck be az <span class=\"caps\">EN<\/span> <span class=\"caps\">ISO<\/span> 9001 szerinti min\u0151s\u00e9gir\u00e1ny\u00edt\u00e1si rendszert. Sikeresen bevezett\u00fck a leg\u00fajabb <span class=\"caps\">EN<\/span> 17100-as szakter\u00fcleti szabv\u00e1nyt is. A Skrivanek Nyelviskola k\u00fcl\u00f6nb\u00f6z\u0151 t\u00edpus\u00fa nyelvvizsg\u00e1kra k\u00e9sz\u00edt fel, t\u00f6bbek k\u00f6z\u00f6tt a Cambridge English Language Assessment nyelvvizsg\u00e1ra. N\u00e9zze meg, milyen egy\u00e9b tan\u00fas\u00edtv\u00e1nyokkal\u00a0rendelkez\u00fcnk.<\/p>\n<\/div>\n\t\t\t\t<\/div>\n\n\t\t\t\t<div class=\"meta meta-buttons d-flex flex-column flex-sm-row justify-content-center\">\n\t\t\t\t\t<a class=\"btn \" href=\"https:\/\/dev.skrivanek.sk\/o-nas\/certifikacia-spolocnosti\/\" title=\"R\u00e9szletek\">R\u00e9szletek<\/a>\n\t\t\t\t\t\t<\/div>\n\t\t\n\t<\/div>\n\n\t\t\n\t<div class=\"wpa9-card-l-panel wpa9-panel shadow rounded d-flex flex-column justify-content-between\">\n\n\t\t<div>\n\t\t\t\t\n\t\t\t\t\t\t\t\t<h2 class=\"wpa9-panel-title\">Alapelveink \u00e9s c\u00e9ljaink<\/h2>\n\t\t\n\t\t\t\t\t\t\t\t<figure>\n\t\t\t\t<img decoding=\"async\" src=\"https:\/\/dev.skrivanek.sk\/wp-content\/uploads\/2021\/02\/bezpecnostni-politika-informaci-nahled-v3.jpg\" alt=\"Alapelveink \u00e9s c\u00e9ljaink\" class=\"img-responsive\" style=\"width:100%\"\/>\n\t\t\t<\/figure>\n\t\t\t\t\t\t\t<div class=\"wpa9-panel-content\"><p>A v\u00e1llalati elvek \u00e9s c\u00e9lok mindenkit \u00f6sszek\u00f6tnek a v\u00e1llalatunkban, a tulajdonosokat, a c\u00e9gvezet\u00e9st \u00e9s az alkalmazottakat. \u0150k k\u00e9pezik siker\u00fcnk alapj\u00e1t.<\/p>\n<\/div>\n\t\t\t\t<\/div>\n\n\t\t\t\t<div class=\"meta meta-buttons d-flex flex-column flex-sm-row justify-content-center\">\n\t\t\t\t\t<a class=\"btn \" href=\"#0\" title=\"R\u00e9szletek\">R\u00e9szletek<\/a>\n\t\t\t\t\t\t<\/div>\n\t\t\n\t<\/div>\n\n\t\t\n\t\n<\/div>\n<\/div><\/div><\/div><\/div><div id=\"pg-5390-4\"  class=\"panel-grid panel-has-style\" ><div class=\"siteorigin-panels-stretch panel-row-style panel-row-style-for-5390-4\" data-stretch-type=\"full\" ><div id=\"pgc-5390-4-0\"  class=\"panel-grid-cell\" ><div id=\"panel-5390-4-0-0\" class=\"so-panel widget widget_skrv-incl-widget panel-first-child panel-last-child\" data-index=\"3\" ><div\n\t\t\t\n\t\t\tclass=\"so-widget-skrv-incl-widget so-widget-skrv-incl-widget-default-c93e1481a745-5390\"\n\t\t\t\n\t\t><div id=\"pl-1749\"  class=\"panel-layout\" ><div id=\"pg-1749-0\"  class=\"panel-grid panel-no-style\" ><div id=\"pgc-1749-0-0\"  class=\"panel-grid-cell\" ><div id=\"panel-1749-0-0-0\" class=\"so-panel widget widget_wpa9-card-s panel-first-child panel-last-child\" data-index=\"0\" ><div\n\t\t\t\n\t\t\tclass=\"so-widget-wpa9-card-s so-widget-wpa9-card-s-default-c93e1481a745-5390\"\n\t\t\t\n\t\t><div class=\"wpa9-card wpa9-card-s narrow positive\">\n\n\t<div class=\"wpa9-card-wrapper container\">\n\n\t\t<div class=\"wpa9-card-text\">\n\t\t\t<h2 class=\"wpa9-card-title\">Potrebujete preklad? H\u013ead\u00e1te tlmo\u010dn\u00edka alebo jazykov\u00fd kurz?<\/h2>\n\t\t\t<div class=\"wpa9-card-content\"><p style=\"text-align: center\">Vytvor\u00edme v\u00e1m cenov\u00fa ponuku na mieru.<\/p>\n<p>&nbsp;<\/p>\n<\/div>\t\t<\/div>\n\n\t\t\t\t<div class=\"meta meta-buttons d-flex flex-row justify-content-center\">\n\t\t\t\t\t\t\t<a class=\"btn btn-negative show-inquiry-form\" href=\"https:\/\/dev.skrivanek.sk\/dopyt\/\" title=\"Zasla\u0165 objedn\u00e1vku\">Zasla\u0165 objedn\u00e1vku<\/a>\n\t\t\t\t<\/div>\n\t\t\n\t<\/div>\n\n<\/div>\n<\/div><\/div><\/div><\/div><\/div><\/div><\/div><\/div><\/div><\/div><\/div>","protected":false},"excerpt":{"rendered":"<p>T\u00f6bb mint 20 \u00e9ves tapasztalat nyelvtanfolyamokkal, ford\u00edt\u00e1ssal \u00e9s tolm\u00e1csol\u00e1ssal. Imm\u00e1r\u00a01994 \u00f3ta m\u0171k\u00f6d\u00fcnk. Kirendelts\u00e9gek 15 orsz\u00e1gban A Skrivanek\u00a0N\u00e9metorsz\u00e1gban, az Egyes\u00fclt Kir\u00e1lys\u00e1gban vagy ak\u00e1r az Egyes\u00fclt \u00c1llamokbanis jelen van. \u00cdgy a\u00a0vil\u00e1g minden t\u00e1j\u00e1r\u00f3l egy\u00fcttm\u0171k\u00f6dhet vel\u00fcnk. Tan\u00fas\u00edtott c\u00e9g Tev\u00e9kenys\u00e9g\u00fcnk k\u00fcl\u00f6nb\u00f6z\u0151 tan\u00fas\u00edtv\u00e1nyokhozk\u00f6t\u00f6tt, ezzel biztos\u00edtva szolg\u00e1ltat\u00e1saink magas sz\u00ednvonal\u00e1t\u00a0. Az al\u00e1bbiakat k\u00edn\u00e1ljuk V\u00e1llalati nyelvi k\u00e9pz\u00e9s Online oktat\u00e1s Sz\u00f6vegek ford\u00edt\u00e1sa \u00e9s lektor\u00e1l\u00e1sa [&hellip;]<\/p>\n","protected":false},"author":1,"featured_media":0,"parent":0,"menu_order":0,"comment_status":"closed","ping_status":"closed","template":"","meta":{"_acf_changed":false,"footnotes":""},"class_list":["post-5390","page","type-page","status-publish","hentry"],"acf":[],"_links":{"self":[{"href":"https:\/\/dev.skrivanek.sk\/hu\/wp-json\/wp\/v2\/pages\/5390","targetHints":{"allow":["GET"]}}],"collection":[{"href":"https:\/\/dev.skrivanek.sk\/hu\/wp-json\/wp\/v2\/pages"}],"about":[{"href":"https:\/\/dev.skrivanek.sk\/hu\/wp-json\/wp\/v2\/types\/page"}],"author":[{"embeddable":true,"href":"https:\/\/dev.skrivanek.sk\/hu\/wp-json\/wp\/v2\/users\/1"}],"replies":[{"embeddable":true,"href":"https:\/\/dev.skrivanek.sk\/hu\/wp-json\/wp\/v2\/comments?post=5390"}],"version-history":[{"count":4,"href":"https:\/\/dev.skrivanek.sk\/hu\/wp-json\/wp\/v2\/pages\/5390\/revisions"}],"predecessor-version":[{"id":5700,"href":"https:\/\/dev.skrivanek.sk\/hu\/wp-json\/wp\/v2\/pages\/5390\/revisions\/5700"}],"wp:attachment":[{"href":"https:\/\/dev.skrivanek.sk\/hu\/wp-json\/wp\/v2\/media?parent=5390"}],"curies":[{"name":"wp","href":"https:\/\/api.w.org\/{rel}","templated":true}]}}