{"id":5387,"date":"2025-03-25T17:43:56","date_gmt":"2025-03-25T16:43:56","guid":{"rendered":"https:\/\/skrivanek.sk\/kapcsolat\/"},"modified":"2025-03-26T20:24:12","modified_gmt":"2025-03-26T19:24:12","slug":"kapcsolat","status":"publish","type":"page","link":"https:\/\/dev.skrivanek.sk\/hu\/kapcsolat\/","title":{"rendered":"Kapcsolat"},"content":{"rendered":"<div id=\"pl-5387\"  class=\"panel-layout\" ><div id=\"pg-5387-0\"  class=\"panel-grid panel-has-style\" ><div class=\"siteorigin-panels-stretch panel-row-style panel-row-style-for-5387-0\" id=\"all-branches\" data-stretch-type=\"full\" ><div id=\"pgc-5387-0-0\"  class=\"panel-grid-cell\" ><div id=\"panel-5387-0-0-0\" class=\"so-panel widget widget_siteorigin-panels-postloop panel-first-child panel-last-child\" data-index=\"0\" ><h3 class=\"widget-title\">Na\u0161e pobo\u010dky<\/h3>\n\n  <!-- .posts -->\n  <div class=\"loop-places row\">\n\n\t  \n    <!-- article -->\n    <article class=\"col-12 col-md-6 shadow rounded post-5845 skrv-place type-skrv-place status-publish has-post-thumbnail hentry\" id=\"post-5845\">\n\n      <div class=\"entry-container\">\n\n        <header class=\"place-header\">\n          <span class=\"icon icon-location icon-outline\"><\/span><h3 class=\"post-title place-title f-general\">Bratislava<\/h3>\n        <\/header>\n\n        <address class=\"place-gm-info\"><p><span class=\"address-line1\">Jaro\u0161ova 1<\/span><br \/>\n<span class=\"postal-code\">831 03<\/span> <span class=\"locality\">Bratislava<\/span><br \/>\n<span class=\"country\">Slovensko<\/span><\/p>\n<p><strong>Nyelviskola<\/strong><br \/>\nE-mail: <a href=\"javascript:secureDecryptAndNavigate('D+CvSC5OqGivUT2eaYhquNLufBm8+ns0HH92nMeRPRs5bVvnjUYTBnvbGogyKJNnEuQ\/SALr\/ZQmjYn3gv7UBRrBpxPZePpGkSj5XWj+I51Esjm7', '7b1a4fcbd15cdc4ff298d45c643aedac25b9f5dfd3b401621c50aebc320da748')\">bra&#116;i&#115;&#108;&#97;va&#64;&#115;&#107;ol&#97;.&#115;&#107;r&#105;&#118;anek&#46;sk<\/a><br \/>\n<span class=\"caps\">GSM<\/span>: +421 902 904\u00a0153<\/p>\n<p><strong>Ford\u00edt\u00e1s \u00e9s tolm\u00e1csol\u00e1s<\/strong><br \/>\nE-mail: <a href=\"javascript:secureDecryptAndNavigate('6gNC5g2zBMgQecgM3sMsysBmhTSSZHRjNN9KN6m99pPKj8nC68nllvcBsMOXOkCyVY9xo5os60mKZ932jV5PX\/LshDbpFIfpkjDmZw==', '7b1a4fcbd15cdc4ff298d45c643aedac25b9f5dfd3b401621c50aebc320da748')\">&#112;&#114;&#101;&#107;l&#97;&#100;y&#64;sk&#114;&#105;&#118;ane&#107;.&#115;k<\/a><br \/>\n<span class=\"caps\">GSM<\/span>: +421 903 220\u00a0055<\/p>\n<p><strong>Igazgat\u00f3 Szlov\u00e1kia<\/strong><br \/>\nIng. Katar\u00edna Tk\u00e1\u010dov\u00e1<br \/>\nE-mail:\u00a0<a href=\"javascript:secureDecryptAndNavigate('+GWjk1Aewl4c1ZRAI6+AGTCRNfP\/RjxgEO4oIQy9nLdDBSVy083KDdGFrfMoxU5bckTD7PVUu2cdPxFtVAAEZlBEDUGfCPGPrEs7KMQSCQJfIzxy', '7b1a4fcbd15cdc4ff298d45c643aedac25b9f5dfd3b401621c50aebc320da748')\">k&#97;t&#97;rin&#97;.tk&#97;&#99;&#111;&#118;a&#64;&#115;&#107;r&#105;va&#110;&#101;k&#46;&#115;k<\/a><br \/>\n<span class=\"caps\">GSM<\/span>: +421 902\u00a0904\u00a0149<\/p>\n<\/address>\n\n        \n        \n        <figure class=\"thumbnail\">\n          <a href=\"https:\/\/dev.skrivanek.sk\/hu\/office\/bratislava\/\" class=\"\" title=\"Bratislava\">\n            <img decoding=\"async\" src=\"https:\/\/dev.skrivanek.sk\/wp-content\/uploads\/2021\/02\/jarosova-slider-3-1-512x340.jpg\" alt=\"jarosova-slider-3\" \/>\n            <span class=\"btn btn-light\">Details<\/span>\n          <\/a>\n        <\/figure>\n\n        \n      <\/div>\n\n    <\/article>\n    <!-- \/article -->\n\n    \n    <!-- article -->\n    <article class=\"col-12 col-md-6 shadow rounded post-5855 skrv-place type-skrv-place status-publish has-post-thumbnail hentry\" id=\"post-5855\">\n\n      <div class=\"entry-container\">\n\n        <header class=\"place-header\">\n          <span class=\"icon icon-location icon-outline\"><\/span><h3 class=\"post-title place-title f-general\">Ko\u0161ice<\/h3>\n        <\/header>\n\n        <address class=\"place-gm-info\"><p><span class=\"address-line1\">Werferova 1<\/span><br \/>\n<span class=\"postal-code\">040 11<\/span> <span class=\"locality\">Ko\u0161ice<\/span><br \/>\n<span class=\"country\">Slovensko<\/span><\/p>\n<p><strong>Nyelviskola<\/strong><br \/>\nEmail: <a href=\"javascript:secureDecryptAndNavigate('yJIDfn68+KRbc+RAG7nH6wHb0\/y\/0WJm1f8ecfayfwqT4SRroAxaHJefFnjSCXAIYEVh4NiGeB2OOQmJtN+YVwV4fNOV6IHSY4Rjv9pUaGQ=', '7b1a4fcbd15cdc4ff298d45c643aedac25b9f5dfd3b401621c50aebc320da748')\">&#107;&#111;&#115;&#105;&#99;&#101;&#64;s&#107;&#111;la.&#115;k&#114;i&#118;an&#101;k.sk<\/a> <\/a><br \/>\n<span class=\"caps\">GSM<\/span>: +421 910 584\u00a0184<\/p>\n<p><strong>Ford\u00edt\u00e1s \u00e9s tolm\u00e1csol\u00e1s<\/strong><br \/>\nEmail: <a href=\"javascript:secureDecryptAndNavigate('J9Puf2OJ+67DHXAxfywvB9KgSRsOFzG\/qe5nFp5lXK8pKwuutAbFYMyJj\/6ftHqPC14x864vuSCVMSQCpAIO0+ckR\/KrE2LExZwMIQ==', '7b1a4fcbd15cdc4ff298d45c643aedac25b9f5dfd3b401621c50aebc320da748')\">&#112;&#114;ekla&#100;&#121;&#64;s&#107;r&#105;v&#97;&#110;&#101;k.sk<\/a><br \/>\n<span class=\"caps\">GSM<\/span>: +421 910 584 184<\/p>\n<p><strong>Igazgat\u00f3 Szlov\u00e1kia<\/strong><br \/>\nIng. Katar\u00edna Tk\u00e1\u010dov\u00e1<br \/>\nE-mail:\u00a0<a href=\"javascript:secureDecryptAndNavigate('vlVmuTMuh4OQPnTKg\/glR+ez\/beKjL7a+VWvcfsDAagBsM\/+0RSpEa0hxZWFjbPMiCyLnCutkwvuTcbbX4LQdnnD0Cu8tgJcEfhnSDtRAPD8x+lY', '7b1a4fcbd15cdc4ff298d45c643aedac25b9f5dfd3b401621c50aebc320da748')\">&#107;at&#97;&#114;in&#97;.&#116;ka&#99;&#111;v&#97;&#64;skri&#118;&#97;&#110;ek&#46;sk<\/a><br \/>\n<span class=\"caps\">GSM<\/span>: +421 902 904\u00a0149<\/p>\n<\/address>\n\n        \n        \n        <figure class=\"thumbnail\">\n          <a href=\"https:\/\/dev.skrivanek.sk\/hu\/office\/kosice\/\" class=\"\" title=\"Ko\u0161ice\">\n            <img decoding=\"async\" src=\"https:\/\/dev.skrivanek.sk\/wp-content\/uploads\/2021\/02\/aston-512x340.jpg\" alt=\"aston\" \/>\n            <span class=\"btn btn-light\">Details<\/span>\n          <\/a>\n        <\/figure>\n\n        \n      <\/div>\n\n    <\/article>\n    <!-- \/article -->\n\n    \n    \n  <\/div>\n  <!-- \/posts -->\n\n<\/div><\/div><\/div><\/div><\/div>","protected":false},"excerpt":{"rendered":"<p>Na\u0161e pobo\u010dky Bratislava Jaro\u0161ova 1 831 03 Bratislava Slovensko Nyelviskola E-mail: &#98;&#114;a&#116;&#105;sla&#118;&#97;&#64;skol&#97;&#46;s&#107;riv&#97;n&#101;&#107;.&#115;&#107; GSM: +421 902 904\u00a0153 Ford\u00edt\u00e1s \u00e9s tolm\u00e1csol\u00e1s E-mail: p&#114;e&#107;lad&#121;&#64;&#115;&#107;&#114;&#105;v&#97;&#110;e&#107;&#46;&#115;k GSM: +421 903 220\u00a0055 Igazgat\u00f3 Szlov\u00e1kia Ing. Katar\u00edna Tk\u00e1\u010dov\u00e1 E-mail:\u00a0&#107;a&#116;&#97;r&#105;&#110;&#97;.&#116;kaco&#118;a&#64;&#115;&#107;&#114;&#105;&#118;&#97;&#110;&#101;k&#46;sk GSM: +421 902\u00a0904\u00a0149 Details Ko\u0161ice Werferova 1 040 11 Ko\u0161ice Slovensko Nyelviskola Email: k&#111;&#115;&#105;ce&#64;s&#107;ola.&#115;krivanek.s&#107; GSM: +421 910 584\u00a0184 Ford\u00edt\u00e1s \u00e9s tolm\u00e1csol\u00e1s Email: &#112;&#114;ekl&#97;dy&#64;s&#107;r&#105;v&#97;ne&#107;.s&#107; GSM: [&hellip;]<\/p>\n","protected":false},"author":1,"featured_media":0,"parent":0,"menu_order":0,"comment_status":"closed","ping_status":"closed","template":"template-parts\/page-template__contact.php","meta":{"_acf_changed":false,"footnotes":""},"class_list":["post-5387","page","type-page","status-publish","hentry"],"acf":[],"_links":{"self":[{"href":"https:\/\/dev.skrivanek.sk\/hu\/wp-json\/wp\/v2\/pages\/5387","targetHints":{"allow":["GET"]}}],"collection":[{"href":"https:\/\/dev.skrivanek.sk\/hu\/wp-json\/wp\/v2\/pages"}],"about":[{"href":"https:\/\/dev.skrivanek.sk\/hu\/wp-json\/wp\/v2\/types\/page"}],"author":[{"embeddable":true,"href":"https:\/\/dev.skrivanek.sk\/hu\/wp-json\/wp\/v2\/users\/1"}],"replies":[{"embeddable":true,"href":"https:\/\/dev.skrivanek.sk\/hu\/wp-json\/wp\/v2\/comments?post=5387"}],"version-history":[{"count":4,"href":"https:\/\/dev.skrivanek.sk\/hu\/wp-json\/wp\/v2\/pages\/5387\/revisions"}],"predecessor-version":[{"id":5841,"href":"https:\/\/dev.skrivanek.sk\/hu\/wp-json\/wp\/v2\/pages\/5387\/revisions\/5841"}],"wp:attachment":[{"href":"https:\/\/dev.skrivanek.sk\/hu\/wp-json\/wp\/v2\/media?parent=5387"}],"curies":[{"name":"wp","href":"https:\/\/api.w.org\/{rel}","templated":true}]}}