{"id":5369,"date":"2025-03-25T17:43:56","date_gmt":"2025-03-25T16:43:56","guid":{"rendered":"https:\/\/skrivanek.sk\/cegvezetes\/"},"modified":"2025-03-28T11:36:30","modified_gmt":"2025-03-28T10:36:30","slug":"cegvezetes","status":"publish","type":"page","link":"https:\/\/dev.skrivanek.sk\/hu\/rolunk\/cegvezetes\/","title":{"rendered":"C\u00e9gvezet\u00e9s"},"content":{"rendered":"<div id=\"pl-5369\"  class=\"panel-layout\" ><div id=\"pg-5369-0\"  class=\"panel-grid panel-has-style\" ><div class=\"panel-row-style panel-row-style-for-5369-0\" ><div id=\"pgc-5369-0-0\"  class=\"panel-grid-cell\" ><div id=\"panel-5369-0-0-0\" class=\"so-panel widget widget_wpa9-editor-ext panel-first-child panel-last-child\" data-index=\"0\" ><div\n\t\t\t\n\t\t\tclass=\"so-widget-wpa9-editor-ext so-widget-wpa9-editor-ext-default-c93e1481a745-5369\"\n\t\t\t\n\t\t>\n<div class=\"siteorigin-widget-tinymce textwidget\">\n\t<h4 class=\"wpa9-icon d-flex flex-row\" style=\"margin-bottom:20px\"><span class=\"icon icon-location icon-xxl icon-outline\"><\/span><span class=\"wpa9-icon-content\">Adresa<\/span><\/h4>\n<p>SKRIVANEK SLOVAKIA, s.r.o.<br \/>\n<span class=\"address-line1\">Mlynsk\u00e1 22<\/span><br \/>\n<span class=\"postal-code\">040 01<\/span> <span class=\"locality\">Ko\u0161ice<\/span><br \/>\n<span class=\"country\">Szlov\u00e1kia<\/span><\/p>\n<p><a href=\"https:\/\/www.google.cz\/maps\/place\/Skrivanek+Slovensko\/@48.7214339,21.2591032,17z\/data=!3m1!4b1!4m5!3m4!1s0x473ee07ad80c2201:0x7ae6957a958b48c4!8m2!3d48.7214339!4d21.2612919\" target=\"_blank\" rel=\"noopener\">48.7214858N, 21.2612781E<\/a><\/p>\n<\/div>\n<\/div><\/div><\/div><div id=\"pgc-5369-0-1\"  class=\"panel-grid-cell\" ><div id=\"panel-5369-0-1-0\" class=\"so-panel widget widget_wpa9-editor-ext panel-first-child panel-last-child\" data-index=\"1\" ><div\n\t\t\t\n\t\t\tclass=\"so-widget-wpa9-editor-ext so-widget-wpa9-editor-ext-default-c93e1481a745-5369\"\n\t\t\t\n\t\t>\n<div class=\"siteorigin-widget-tinymce textwidget\">\n\t<h4 class=\"wpa9-icon d-flex flex-row\" style=\"margin-bottom:20px\"><span class=\"icon icon-location icon-xxl icon-outline\"><\/span><span class=\"wpa9-icon-content\">Kontakt<\/span><\/h4>\n<p><a href=\"javascript:secureDecryptAndNavigate('KsAjZSmfHP1guT9zHMLwPnSsoJMghuZ8vQHbul23wOAwHOv9+35YlbQkqoKn5UFC07uNBrf3rjKPxTiuzW6alruA31T7n+IfOG8fsdMYMUqn5Fl0', '7b1a4fcbd15cdc4ff298d45c643aedac25b9f5dfd3b401621c50aebc320da748')\" target=\"_blank\" rel=\"noopener\">katar&#105;n&#97;.tkaco&#118;a&#64;&#115;&#107;&#114;&#105;van&#101;k.&#115;k<\/a><\/p>\n<p>\u00a0<\/p>\n<\/div>\n<\/div><\/div><\/div><div id=\"pgc-5369-0-2\"  class=\"panel-grid-cell\" ><div id=\"panel-5369-0-2-0\" class=\"so-panel widget widget_wpa9-editor-ext panel-first-child panel-last-child\" data-index=\"2\" ><div\n\t\t\t\n\t\t\tclass=\"so-widget-wpa9-editor-ext so-widget-wpa9-editor-ext-default-c93e1481a745-5369\"\n\t\t\t\n\t\t>\n<div class=\"siteorigin-widget-tinymce textwidget\">\n\t<h4 class=\"wpa9-icon d-flex flex-row\" style=\"margin-bottom:20px\"><span class=\"icon icon-location icon-xxl icon-outline\"><\/span><span class=\"wpa9-icon-content\">Faktura\u010dn\u00e9 \u00fadaje<\/span><\/h4>\n<p>SKRIVANEK SLOVAKIA, s.r.o.<br \/>\n<span class=\"address-line1\">Mlynsk\u00e1 22<\/span><br \/>\n<span class=\"postal-code\">040 01<\/span> <span class=\"locality\">Ko\u0161ice<\/span><br \/>\n<span class=\"country\">Szlov\u00e1kia<\/span><\/p>\n<p>C\u00e9gjegyz\u00e9ksz\u00e1m: 36 409 812<br \/>\nK\u00f6z\u00f6ss\u00e9gi (EU) ad\u00f3sz\u00e1m: SK2020107958<\/p>\n<p>A t\u00e1rsas\u00e1g bejegy. a kassai I. ker\u00fcleti b\u00edr\u00f3s\u00e1g c\u00e9gjegyz\u00e9k\u00e9ben, r\u00e9szl.: Sro, bet\u00e9t sz: 39425\/V.<\/p>\n<\/div>\n<\/div><\/div><\/div><\/div><\/div><div id=\"pg-5369-1\"  class=\"panel-grid panel-has-style\" ><div class=\"siteorigin-panels-stretch panel-row-style panel-row-style-for-5369-1\" data-stretch-type=\"full\" ><div id=\"pgc-5369-1-0\"  class=\"panel-grid-cell\" ><div id=\"panel-5369-1-0-0\" class=\"so-panel widget widget_wpa9-team-members panel-first-child panel-last-child\" data-index=\"3\" ><div\n\t\t\t\n\t\t\tclass=\"so-widget-wpa9-team-members so-widget-wpa9-team-members-default-c93e1481a745-5369\"\n\t\t\t\n\t\t>\n\n<h3 class=\"widget-title\">C\u00e9gvezet\u00e9s<\/h3>\n<div class=\"wpa9-team-members row\">\n\n\t\n\t\t\n\t\t\n\t\t\t<div class=\"wpa9-team-members-panel col-12 col-md-6\">\n\n\t\t\t\t\t\t\t<figure class=\"wpa9-team-members-image\">\n\t\t\t\t\t<img alt=\"pavel-skrivanek\" decoding=\"async\" src=\"https:\/\/dev.skrivanek.sk\/wp-content\/uploads\/2021\/02\/pavel-skrivanek.png\" alt=\"\" class=\"img-responsive\" \/>\n\t\t\t\t<\/figure>\n\n\t\t\t\t<h4 class=\"wpa9-team-members-name\">Ing. Pavel Sk\u0159iv\u00e1nek<\/h4>\n\n\t\t\t\t<div class=\"wpa9-team-members-position\">c\u00e9gtulajdonos<\/div>\n\t\t\t\t<div class=\"wpa9-team-members-email\"><a href=\"javascript:secureDecryptAndNavigate('\/JJFe7oIxlJhqSBep5bmLbvlGeylUb\/Y5MWsHYhfYliHm60bDo8OcFEkM1nGzJ5xIltZG50WkadpygXbX+7MNne6GZ\/FbqgID2t7OR4elXEyay8=', '7b1a4fcbd15cdc4ff298d45c643aedac25b9f5dfd3b401621c50aebc320da748')\" title=\"Send e-mail to Ing. Pavel Sk\u0159iv\u00e1nek\">&#112;&#97;vel.skri&#118;a&#110;e&#107;&#64;&#115;&#107;&#114;iv&#97;nek.c&#122;<\/a><\/div>\n\t\t\t\t<div class=\"wpa9-team-members-phone\"><\/div>\n\t\t\t\t<div class=\"wpa9-team-members-description\"><\/div>\n\n\t\t\t<\/div>\n\n\t\t\n\t\t\t<div class=\"wpa9-team-members-panel col-12 col-md-6\">\n\n\t\t\t\t\t\t\t<figure class=\"wpa9-team-members-image\">\n\t\t\t\t\t<img alt=\"ab-00696-948x520\" decoding=\"async\" src=\"https:\/\/dev.skrivanek.sk\/wp-content\/uploads\/2024\/06\/ab-00696-948x520.jpg\" alt=\"\" class=\"img-responsive\" \/>\n\t\t\t\t<\/figure>\n\n\t\t\t\t<h4 class=\"wpa9-team-members-name\">Ing. Katar\u00edna Tk\u00e1\u010dov\u00e1<\/h4>\n\n\t\t\t\t<div class=\"wpa9-team-members-position\">igazgat\u00f3 Szlov\u00e1kia<\/div>\n\t\t\t\t<div class=\"wpa9-team-members-email\"><a href=\"javascript:secureDecryptAndNavigate('\/sWM3IqDIHAoRx1lFUfHaDKvGA81s9rzIeoowzhn95nmusDaG0MwbxnM0h5rhhcgU9bs24YB4CST4JFvdWDXdvU5acUdgGrQYrimdJdcstLU6Q4g', '7b1a4fcbd15cdc4ff298d45c643aedac25b9f5dfd3b401621c50aebc320da748')\" title=\"Send e-mail to Ing. Katar\u00edna Tk\u00e1\u010dov\u00e1\">&#107;ata&#114;&#105;n&#97;&#46;&#116;k&#97;&#99;ova&#64;&#115;k&#114;iv&#97;nek&#46;sk<\/a><\/div>\n\t\t\t\t<div class=\"wpa9-team-members-phone\"><\/div>\n\t\t\t\t<div class=\"wpa9-team-members-description\"><\/div>\n\n\t\t\t<\/div>\n\n\t\t\n\t\n<\/div>\n<\/div><\/div><\/div><\/div><\/div><div id=\"pg-5369-2\"  class=\"panel-grid panel-no-style\" ><div id=\"pgc-5369-2-0\"  class=\"panel-grid-cell\" ><div id=\"panel-5369-2-0-0\" class=\"so-panel widget widget_wpa9-card-s panel-first-child panel-last-child\" data-index=\"4\" ><div\n\t\t\t\n\t\t\tclass=\"so-widget-wpa9-card-s so-widget-wpa9-card-s-default-c93e1481a745-5369\"\n\t\t\t\n\t\t><div class=\"wpa9-card wpa9-card-s narrow positive\">\n\n\t<div class=\"wpa9-card-wrapper container\">\n\n\t\t<div class=\"wpa9-card-text\">\n\t\t\t<h2 class=\"wpa9-card-title\">Seg\u00edts\u00e9gre van sz\u00fcks\u00e9ge ford\u00edt\u00e1ssal, tolm\u00e1csol\u00e1ssal vagy nyelvtanfolyamokkal kapcsolatban?<\/h2>\n\t\t\t<div class=\"wpa9-card-content\"><p style=\"text-align: center\">Vegye fel a kapcsolatot kirendelts\u00e9geink k\u00e9pvisel\u0151ivel.<\/p><\/div>\t\t<\/div>\n\n\t\t\t\t<div class=\"meta meta-buttons d-flex flex-row justify-content-center\">\n\t\t\t\t\t<a class=\"btn \" href=\"https:\/\/dev.skrivanek.sk\/kontakt\/\" title=\"V\u00e1lasszon kirendelts\u00e9get\">V\u00e1lasszon kirendelts\u00e9get<\/a>\n\t\t\t\t\t\t<\/div>\n\t\t\n\t<\/div>\n\n<\/div>\n<\/div><\/div><\/div><\/div><\/div>","protected":false},"excerpt":{"rendered":"<p>Adresa SKRIVANEK SLOVAKIA, s.r.o. Mlynsk\u00e1 22 040 01 Ko\u0161ice Szlov\u00e1kia 48.7214858N, 21.2612781E Kontakt &#107;&#97;&#116;a&#114;&#105;&#110;a.&#116;k&#97;c&#111;&#118;&#97;&#64;&#115;&#107;r&#105;v&#97;nek&#46;sk \u00a0 Faktura\u010dn\u00e9 \u00fadaje SKRIVANEK SLOVAKIA, s.r.o. Mlynsk\u00e1 22 040 01 Ko\u0161ice Szlov\u00e1kia C\u00e9gjegyz\u00e9ksz\u00e1m: 36 409 812 K\u00f6z\u00f6ss\u00e9gi (EU) ad\u00f3sz\u00e1m: SK2020107958 A t\u00e1rsas\u00e1g bejegy. a kassai I. ker\u00fcleti b\u00edr\u00f3s\u00e1g c\u00e9gjegyz\u00e9k\u00e9ben, r\u00e9szl.: Sro, bet\u00e9t sz: 39425\/V. C\u00e9gvezet\u00e9s Ing. Pavel Sk\u0159iv\u00e1nek c\u00e9gtulajdonos &#112;&#97;v&#101;l.&#115;kr&#105;&#118;&#97;&#110;&#101;k&#64;skr&#105;v&#97;&#110;e&#107;&#46;cz Ing. [&hellip;]<\/p>\n","protected":false},"author":1,"featured_media":0,"parent":5390,"menu_order":0,"comment_status":"closed","ping_status":"closed","template":"","meta":{"_acf_changed":false,"footnotes":""},"class_list":["post-5369","page","type-page","status-publish","hentry"],"acf":[],"_links":{"self":[{"href":"https:\/\/dev.skrivanek.sk\/hu\/wp-json\/wp\/v2\/pages\/5369","targetHints":{"allow":["GET"]}}],"collection":[{"href":"https:\/\/dev.skrivanek.sk\/hu\/wp-json\/wp\/v2\/pages"}],"about":[{"href":"https:\/\/dev.skrivanek.sk\/hu\/wp-json\/wp\/v2\/types\/page"}],"author":[{"embeddable":true,"href":"https:\/\/dev.skrivanek.sk\/hu\/wp-json\/wp\/v2\/users\/1"}],"replies":[{"embeddable":true,"href":"https:\/\/dev.skrivanek.sk\/hu\/wp-json\/wp\/v2\/comments?post=5369"}],"version-history":[{"count":4,"href":"https:\/\/dev.skrivanek.sk\/hu\/wp-json\/wp\/v2\/pages\/5369\/revisions"}],"predecessor-version":[{"id":6039,"href":"https:\/\/dev.skrivanek.sk\/hu\/wp-json\/wp\/v2\/pages\/5369\/revisions\/6039"}],"up":[{"embeddable":true,"href":"https:\/\/dev.skrivanek.sk\/hu\/wp-json\/wp\/v2\/pages\/5390"}],"wp:attachment":[{"href":"https:\/\/dev.skrivanek.sk\/hu\/wp-json\/wp\/v2\/media?parent=5369"}],"curies":[{"name":"wp","href":"https:\/\/api.w.org\/{rel}","templated":true}]}}