{"id":5353,"date":"2025-03-25T17:43:55","date_gmt":"2025-03-25T16:43:55","guid":{"rendered":"https:\/\/skrivanek.sk\/vallalati-tanusitas\/"},"modified":"2025-03-28T11:38:09","modified_gmt":"2025-03-28T10:38:09","slug":"vallalati-tanusitas","status":"publish","type":"page","link":"https:\/\/dev.skrivanek.sk\/hu\/rolunk\/vallalati-tanusitas\/","title":{"rendered":"V\u00e1llalati tan\u00fas\u00edt\u00e1s"},"content":{"rendered":"<div id=\"pl-5353\"  class=\"panel-layout\" ><div id=\"pg-5353-0\"  class=\"panel-grid panel-has-style\" ><div class=\"siteorigin-panels-stretch panel-row-padding-none panel-row-style panel-row-style-for-5353-0\" data-stretch-type=\"full\" ><div id=\"pgc-5353-0-0\"  class=\"panel-grid-cell\" ><div id=\"panel-5353-0-0-0\" class=\"so-panel widget widget_wpa9-editor-ext panel-first-child panel-last-child\" data-index=\"0\" ><div\n\t\t\t\n\t\t\tclass=\"so-widget-wpa9-editor-ext so-widget-wpa9-editor-ext-default-c93e1481a745-5353\"\n\t\t\t\n\t\t>\n<div class=\"siteorigin-widget-tinymce textwidget\">\n\t<p>2002-ben az ipar\u00e1gban az els\u0151k k\u00f6z\u00f6tt vezett\u00fck be az <span class=\"caps\">EN<\/span> <span class=\"caps\">ISO<\/span> 9001 szerinti min\u0151s\u00e9gir\u00e1ny\u00edt\u00e1si rendszert. Sikeresen bevezett\u00fck a leg\u00fajabb <span class=\"caps\">EN<\/span> 17100-as szakter\u00fcleti szabv\u00e1nyt is. A Skrivanek Nyelviskola k\u00fcl\u00f6nb\u00f6z\u0151 t\u00edpus\u00fa nyelvvizsg\u00e1kra k\u00e9sz\u00edt fel, t\u00f6bbek k\u00f6z\u00f6tt a Cambridge English Language Assessment nyelvvizsg\u00e1ra. N\u00e9zze meg, milyen egy\u00e9b tan\u00fas\u00edtv\u00e1nyokkal\u00a0rendelkez\u00fcnk.<\/p>\n<\/div>\n<\/div><\/div><\/div><\/div><\/div><div id=\"pg-5353-1\"  class=\"panel-grid panel-no-style\" ><div id=\"pgc-5353-1-0\"  class=\"panel-grid-cell\" ><div id=\"panel-5353-1-0-0\" class=\"so-panel widget widget_wpa9-card-l panel-first-child panel-last-child\" data-index=\"1\" ><div\n\t\t\t\n\t\t\tclass=\"so-widget-wpa9-card-l so-widget-wpa9-card-l-default-c93e1481a745-5353\"\n\t\t\t\n\t\t>\n\n<div class=\"wpa9-card wpa9-card-l-container d-flex flex-wrap wpa9-columns-2\">\n\n\t\n\t\t\n\t<div class=\"wpa9-card-l-panel wpa9-panel shadow rounded d-flex flex-column justify-content-between\">\n\n\t\t<div>\n\t\t\t\t\n\t\t\t\t\t\t\t\t<h2 class=\"wpa9-panel-title\">ISO tan\u00fas\u00edtv\u00e1nyok<\/h2>\n\t\t\n\t\t\t\t\t\t\t<div class=\"wpa9-panel-content\"><p>A legismertebb szabv\u00e1ny az<span class=\"caps\">ISO<\/span> 9001, amely a min\u0151s\u00e9gir\u00e1ny\u00edt\u00e1si rendszerrel szemben t\u00e1masztott k\u00f6vetelm\u00e9nyeket hat\u00e1rozza meg, \u00e9s amelyet m\u00e9g 2002-ben vezett\u00fcnk be. Napjainkban\u00a0sz\u00e1mos m\u00e1s rendszerszabv\u00e1nyt is alkalmaznak a gyakorlatban.<\/p>\n<ul>\n<li><a href=\"https:\/\/skrivanek.sk\/wp-content\/uploads\/2025\/01\/27001-eng.pdf\" target=\"_blank\" rel=\"noopener\"><span class=\"link\"><span class=\"innerText\">Tan\u00fas\u00edtv\u00e1ny\u00a0<span class=\"caps\">EN<\/span>\u00a0<span class=\"caps\">ISO<\/span> 9001:2015 min\u0151s\u00e9gir\u00e1ny\u00edt\u00e1si rendszer<\/span><\/span><\/a><\/li>\n<li><a href=\"https:\/\/skrivanek.sk\/wp-content\/uploads\/2025\/01\/18587-eng.pdf\" target=\"_blank\" rel=\"noopener\"><span class=\"link\"><span class=\"innerText\">Tan\u00fas\u00edtv\u00e1ny <span class=\"caps\">EN<\/span>\u00a0<span class=\"caps\">ISO<\/span> 14001: 2015 K\u00f6rnyezetv\u00e9delmi ir\u00e1ny\u00edt\u00e1si rendszer\u00a0<\/span><\/span><\/a><\/li>\n<li><a href=\"https:\/\/skrivanek.sk\/wp-content\/uploads\/2025\/01\/17100-eng.pdf\" target=\"_blank\" rel=\"noopener\"><span class=\"link\"><span class=\"innerText\">Tan\u00fas\u00edtv\u00e1ny <span class=\"caps\">EN<\/span>\u00a0<span class=\"caps\">ISO<\/span>\u00a017100:2015 Ford\u00edt\u00e1si\u00a0szolg\u00e1ltat\u00e1sok ir\u00e1ny\u00edt\u00e1si rendszere<\/span><\/span><\/a><\/li>\n<li><a href=\"https:\/\/skrivanek.sk\/wp-content\/uploads\/2025\/01\/9k-eng.pdf\" target=\"_blank\" rel=\"noopener\">27001:2013 Inform\u00e1ci\u00f3biztons\u00e1gi ir\u00e1ny\u00edt\u00e1si rendszer\u00a0<\/a><\/li>\n<li><a href=\"https:\/\/skrivanek.sk\/wp-content\/uploads\/2025\/01\/14k-eng.pdf\" target=\"_blank\" rel=\"noopener\">18587:2017\u00a0<\/a><\/li>\n<\/ul>\n<\/div>\n\t\t\t\t<\/div>\n\n\t\t\n\t<\/div>\n\n\t\t\n\t<div class=\"wpa9-card-l-panel wpa9-panel shadow rounded d-flex flex-column justify-content-between\">\n\n\t\t<div>\n\t\t\t\t\n\t\t\t\t\t\t\t\t<h2 class=\"wpa9-panel-title\">V\u00e1llalati alapelvek \u00e9s c\u00e9lok<\/h2>\n\t\t\n\t\t\t\t\t\t\t<div class=\"wpa9-panel-content\"><p>A v\u00e1llalati alapelvek \u00e9s c\u00e9lok mindenkit \u00f6sszek\u00f6tnek a v\u00e1llalatunkban, a tulajdonosokat, a c\u00e9gvezet\u00e9st \u00e9s az alkalmazottakat. \u0150k k\u00e9pezik\u00a0siker\u00fcnk alapj\u00e1t.<\/p>\n<ul>\n<li><a href=\"https:\/\/skrivanek.sk\/wp-content\/uploads\/2021\/04\/politika-kvality-environmentalneho-manazmentu.pdf\" target=\"_blank\" rel=\"noopener\"><span class=\"link\"><span class=\"innerText\">Min\u0151s\u00e9g- <span class=\"amp\">\u00e9s<\/span>\u00a0k\u00f6rnyezetir\u00e1ny\u00edt\u00e1si politika<\/span><\/span><\/a>\n<div class=\"page\" title=\"Page 1\"><\/div>\n<\/li>\n<li><span class=\"link\"><span class=\"innerText\"><a href=\"https:\/\/skrivanek.cz\/wp-content\/uploads\/2021\/03\/bezpecnostni-politika-informaci.pdf\" target=\"_blank\" rel=\"noopener\">Inform\u00e1ci\u00f3bizton<\/a><a href=\"https:\/\/skrivanek.sk\/wp-content\/uploads\/2021\/04\/bezpecnostna-politika-informacii.pdf\" target=\"_blank\" rel=\"noopener\">s\u00e1<\/a><a href=\"https:\/\/skrivanek.sk\/wp-content\/uploads\/2021\/03\/bezpecnostni-politika-informaci.pdf\" target=\"_blank\" rel=\"noopener\">gi szab\u00e1lyzat<\/a><\/span><\/span><\/li>\n<li><a href=\"https:\/\/skrivanek.sk\/wp-content\/uploads\/2021\/04\/zasady-pre-zamestnancov-dodavatelov-zmluvnych-partnerov-5.pdf\" target=\"_blank\" rel=\"noopener\"><span class=\"link\"><span class=\"innerText\">Az alkalmazottakra, besz\u00e1ll\u00edt\u00f3kra\u00a0<span class=\"amp\">\u00e9s<\/span>\u00a0v\u00e1llalkoz\u00f3kra vonatkoz\u00f3 ir\u00e1nyelvek \u2014\u00a0<span class=\"caps\">WE<\/span>\u00a0<span class=\"caps\">ACT<\/span>\u00a0<span class=\"caps\">ECO<\/span><\/span><\/span><\/a><\/li>\n<\/ul>\n<\/div>\n\t\t\t\t<\/div>\n\n\t\t\n\t<\/div>\n\n\t\t\n\t<div class=\"wpa9-card-l-panel wpa9-panel shadow rounded d-flex flex-column justify-content-between\">\n\n\t\t<div>\n\t\t\t\t\n\t\t\t\t\t\t\t\t<h2 class=\"wpa9-panel-title\">Egy\u00e9b tan\u00fas\u00edtv\u00e1nyok<\/h2>\n\t\t\n\t\t\t\t\t\t\t<div class=\"wpa9-panel-content\"><p><strong>A Skrivanek a Top 100 legnagyobb ford\u00edt\u00f3 irod\u00e1ja k\u00f6z\u00f6tt\u00a0\u00a0<\/strong><b>a vil\u00e1gon!<\/b><\/p>\n<p>A Common Sense Advisory, egy f\u00fcggetlen kutat\u00e1si \u00e9s tan\u00e1csad\u00f3 szervezet a Skrivanek-et a vil\u00e1g egyik vezet\u0151 ford\u00edt\u00f3ipari szerepl\u0151j\u00e9nek min\u0151s\u00edtette.<\/p>\n<pre id=\"tw-target-text\" class=\"tw-data-text tw-text-large XcVN5d tw-ta\" dir=\"ltr\" data-placeholder=\"Preklad\"><\/pre>\n<p>A\u00a0\u00a0TOP 25 kelet-eur\u00f3pai c\u00e9g\u00a0kateg\u00f3ri\u00e1ban a 3., a glob\u00e1lis rangsorban pedig az 51. helyet szerezt\u00fck meg<span lang=\"hu\">.<\/span><\/p>\n<p><img loading=\"lazy\" decoding=\"async\" class=\"alignnone \" src=\"https:\/\/skrivanek.sk\/wp-content\/uploads\/2022\/12\/eeurope-high-res.png\" width=\"151\" height=\"151\" \/><img loading=\"lazy\" decoding=\"async\" class=\"alignnone \" src=\"https:\/\/skrivanek.sk\/wp-content\/uploads\/2022\/12\/low-res-top-100-ten-years.png\" width=\"163\" height=\"150\" \/><\/p>\n<\/div>\n\t\t\t\t<\/div>\n\n\t\t\t\t<div class=\"meta meta-buttons d-flex flex-column flex-sm-row justify-content-center\">\n\t\t\t\t\t<a class=\"btn \" href=\"https:\/\/csa-research.com\/\" title=\"L\u00e1togassa meg a CSA weboldal\u00e1t\">L\u00e1togassa meg a CSA weboldal\u00e1t<\/a>\n\t\t\t\t\t\t<\/div>\n\t\t\n\t<\/div>\n\n\t\t\n\t\n<\/div>\n<\/div><\/div><\/div><\/div><\/div>","protected":false},"excerpt":{"rendered":"<p>2002-ben az ipar\u00e1gban az els\u0151k k\u00f6z\u00f6tt vezett\u00fck be az EN ISO 9001 szerinti min\u0151s\u00e9gir\u00e1ny\u00edt\u00e1si rendszert. Sikeresen bevezett\u00fck a leg\u00fajabb EN 17100-as szakter\u00fcleti szabv\u00e1nyt is. A Skrivanek Nyelviskola k\u00fcl\u00f6nb\u00f6z\u0151 t\u00edpus\u00fa nyelvvizsg\u00e1kra k\u00e9sz\u00edt fel, t\u00f6bbek k\u00f6z\u00f6tt a Cambridge English Language Assessment nyelvvizsg\u00e1ra. N\u00e9zze meg, milyen egy\u00e9b tan\u00fas\u00edtv\u00e1nyokkal\u00a0rendelkez\u00fcnk. ISO tan\u00fas\u00edtv\u00e1nyok A legismertebb szabv\u00e1ny azISO 9001, amely a min\u0151s\u00e9gir\u00e1ny\u00edt\u00e1si [&hellip;]<\/p>\n","protected":false},"author":1,"featured_media":0,"parent":5390,"menu_order":0,"comment_status":"closed","ping_status":"closed","template":"","meta":{"_acf_changed":false,"footnotes":""},"class_list":["post-5353","page","type-page","status-publish","hentry"],"acf":[],"_links":{"self":[{"href":"https:\/\/dev.skrivanek.sk\/hu\/wp-json\/wp\/v2\/pages\/5353","targetHints":{"allow":["GET"]}}],"collection":[{"href":"https:\/\/dev.skrivanek.sk\/hu\/wp-json\/wp\/v2\/pages"}],"about":[{"href":"https:\/\/dev.skrivanek.sk\/hu\/wp-json\/wp\/v2\/types\/page"}],"author":[{"embeddable":true,"href":"https:\/\/dev.skrivanek.sk\/hu\/wp-json\/wp\/v2\/users\/1"}],"replies":[{"embeddable":true,"href":"https:\/\/dev.skrivanek.sk\/hu\/wp-json\/wp\/v2\/comments?post=5353"}],"version-history":[{"count":4,"href":"https:\/\/dev.skrivanek.sk\/hu\/wp-json\/wp\/v2\/pages\/5353\/revisions"}],"predecessor-version":[{"id":6044,"href":"https:\/\/dev.skrivanek.sk\/hu\/wp-json\/wp\/v2\/pages\/5353\/revisions\/6044"}],"up":[{"embeddable":true,"href":"https:\/\/dev.skrivanek.sk\/hu\/wp-json\/wp\/v2\/pages\/5390"}],"wp:attachment":[{"href":"https:\/\/dev.skrivanek.sk\/hu\/wp-json\/wp\/v2\/media?parent=5353"}],"curies":[{"name":"wp","href":"https:\/\/api.w.org\/{rel}","templated":true}]}}