{"id":5333,"date":"2025-03-25T17:43:55","date_gmt":"2025-03-25T16:43:55","guid":{"rendered":"https:\/\/skrivanek.sk\/beszallitok\/"},"modified":"2025-03-28T11:52:18","modified_gmt":"2025-03-28T10:52:18","slug":"beszallitok","status":"publish","type":"page","link":"https:\/\/dev.skrivanek.sk\/hu\/beszallitok\/","title":{"rendered":"Besz\u00e1ll\u00edt\u00f3k"},"content":{"rendered":"<div id=\"pl-5333\"  class=\"panel-layout\" ><div id=\"pg-5333-0\"  class=\"panel-grid panel-no-style\" ><div id=\"pgc-5333-0-0\"  class=\"panel-grid-cell\" ><div id=\"panel-5333-0-0-0\" class=\"so-panel widget widget_wpa9-steps panel-first-child panel-last-child\" data-index=\"0\" ><div\n\t\t\t\n\t\t\tclass=\"so-widget-wpa9-steps so-widget-wpa9-steps-default-c93e1481a745-5333\"\n\t\t\t\n\t\t><h3 class=\"widget-title\">Skrivanek kult\u00fara<\/h3><div class=\"wpa9-steps\">\n\t<div class=\"wpa9-steps-togglers d-flex flex-wrap justify-content-center\" data-wpa9-interval=\"7000\">\n\t\t\t\n\t\t<div class=\"wpa9-steps-toggler-wrapper wpa9-steps-active\" id=\"wpa9-steps-toggler-panel-0\">\n\t\t\t<div class=\"wpa9-steps-toggler f-headlines d-flex align-items-center justify-content-center\" data-content=\"panel-0\" role=\"button\">\n\t\t\t\t\t\t\t\t<span class=\"wpa9-step-title\">Szem\u00e9lyes fejl\u0151d\u00e9s<\/span>\n\t\t\t\t\t\t\t<\/div>\n\t\t\t<div class=\"wpa9-steps-decoration\"><\/div>\n\t\t<\/div>\n\t\t<div class=\"wpa9-steps-content wpa9-steps-active\" role=\"region\" id=\"wpa9-steps-content-panel-0\">\n\t\t\t<pre id=\"tw-target-text\" class=\"tw-data-text tw-text-large XcVN5d tw-ta\" dir=\"ltr\" data-placeholder=\"Preklad\"><\/pre>\n<pre id=\"tw-target-text\" class=\"tw-data-text tw-text-large XcVN5d tw-ta\" dir=\"ltr\" data-placeholder=\"Preklad\"><\/pre>\n\t\t<\/div>\n\t\t<div class=\"wpa9-steps-hyphen hyphen-visible\"><\/div>\t\t\t\n\t\t<div class=\"wpa9-steps-toggler-wrapper\" id=\"wpa9-steps-toggler-panel-1\">\n\t\t\t<div class=\"wpa9-steps-toggler f-headlines d-flex align-items-center justify-content-center\" data-content=\"panel-1\" role=\"button\">\n\t\t\t\t\t\t\t\t<span class=\"wpa9-step-title\">Stabil h\u00e1tt\u00e9r<\/span>\n\t\t\t\t\t\t\t<\/div>\n\t\t\t<div class=\"wpa9-steps-decoration\"><\/div>\n\t\t<\/div>\n\t\t<div class=\"wpa9-steps-content\" role=\"region\" id=\"wpa9-steps-content-panel-1\">\n\t\t\t<p style=\"text-align: center;\">\n<pre id=\"tw-target-text\" class=\"tw-data-text tw-text-large XcVN5d tw-ta\" dir=\"ltr\" data-placeholder=\"Preklad\"><\/pre>\n<pre id=\"tw-target-text\" class=\"tw-data-text tw-text-large XcVN5d tw-ta\" dir=\"ltr\" data-placeholder=\"Preklad\"><\/pre><\/p>\n\t\t<\/div>\n\t\t<div class=\"wpa9-steps-hyphen hyphen-visible\"><\/div>\t\t\t\n\t\t<div class=\"wpa9-steps-toggler-wrapper\" id=\"wpa9-steps-toggler-panel-2\">\n\t\t\t<div class=\"wpa9-steps-toggler f-headlines d-flex align-items-center justify-content-center\" data-content=\"panel-2\" role=\"button\">\n\t\t\t\t\t\t\t\t<span class=\"wpa9-step-title\">Kellemes k\u00f6rnyezet<\/span>\n\t\t\t\t\t\t\t<\/div>\n\t\t\t<div class=\"wpa9-steps-decoration\"><\/div>\n\t\t<\/div>\n\t\t<div class=\"wpa9-steps-content\" role=\"region\" id=\"wpa9-steps-content-panel-2\">\n\t\t\t\t\t<\/div>\n\t\t\t\t<\/div>\n\t<div class=\"wpa9-steps-contents-wrapper\">\n\t\t\t\t\t<div class=\"wpa9-steps-content _step_3_1 wpa9-steps-active\" role=\"region\" id=\"wpa9-steps-content-panel-0\">\n\t\t\t<pre id=\"tw-target-text\" class=\"tw-data-text tw-text-large XcVN5d tw-ta\" dir=\"ltr\" data-placeholder=\"Preklad\"><\/pre>\n<pre id=\"tw-target-text\" class=\"tw-data-text tw-text-large XcVN5d tw-ta\" dir=\"ltr\" data-placeholder=\"Preklad\"><\/pre>\n\t\t<\/div>\n\t\t\t\t\t<div class=\"wpa9-steps-content _step_3_2\" role=\"region\" id=\"wpa9-steps-content-panel-1\">\n\t\t\t<p style=\"text-align: center;\">\n<pre id=\"tw-target-text\" class=\"tw-data-text tw-text-large XcVN5d tw-ta\" dir=\"ltr\" data-placeholder=\"Preklad\"><\/pre>\n<pre id=\"tw-target-text\" class=\"tw-data-text tw-text-large XcVN5d tw-ta\" dir=\"ltr\" data-placeholder=\"Preklad\"><\/pre><\/p>\n\t\t<\/div>\n\t\t\t\t\t<div class=\"wpa9-steps-content _step_3_3\" role=\"region\" id=\"wpa9-steps-content-panel-2\">\n\t\t\t\t\t<\/div>\n\t\t<\/div>\n\t<\/div>\n<\/div><\/div><\/div><\/div><div id=\"pg-5333-1\"  class=\"panel-grid panel-has-style\" ><div class=\"siteorigin-panels-stretch panel-row-style panel-row-style-for-5333-1\" data-stretch-type=\"full\" ><div id=\"pgc-5333-1-0\"  class=\"panel-grid-cell\" ><div id=\"panel-5333-1-0-0\" class=\"so-panel widget widget_wpa9-carousel-static-content panel-first-child panel-last-child\" data-index=\"1\" ><div\n\t\t\t\n\t\t\tclass=\"so-widget-wpa9-carousel-static-content so-widget-wpa9-carousel-static-content-default-c93e1481a745-5333\"\n\t\t\t\n\t\t>\n\t\n<div class=\"wpa9-carousel wpa9-carousel-static-content wpa9-width-full wpa9-color-light\">\n\n\t\t<div id=\"wpa9-carousel-1TsNwP\" class=\"carousel slide\" data-bs-interval=\"8000\" data-bs-ride=\"carousel\" data-bs-touch=\"true\">\n\t\t\t\t\t\t<div class=\"carousel-inner\">\n\t\t\t\t\t\t\t\t\t\t\t\t\t\t\t\t\t\t\t<div class=\"wpa9-carousel-item carousel-item active\">\n\t\t\t\t\t\t<div class=\"wpa9-carousel-item-inner\">\n\t\t\t\t\t\t\t<img decoding=\"async\" src=\"https:\/\/dev.skrivanek.sk\/wp-content\/uploads\/2021\/03\/kariera-dole1.jpg\" \/>\n\t\t\t\t\t\t<\/div>\n\t\t\t\t\t<\/div>\n\t\t\t\t\n\t\t\t<\/div>\n\t\t\t<!-- carousel-inner -->\n\n\t\t\t<div class=\"carousel-static-content container\">\n\n\t\t\t\t<div id=\"pl-w37a6259c\"  class=\"panel-layout\" ><div id=\"pg-w37a6259c-0\"  class=\"panel-grid panel-no-style\" ><div id=\"pgc-w37a6259c-0-0\"  class=\"panel-grid-cell\" ><div id=\"panel-w37a6259c-0-0-0\" class=\"so-panel widget widget_wpa9-editor-ext panel-first-child panel-last-child\" data-index=\"0\" ><div\n\t\t\t\n\t\t\tclass=\"so-widget-wpa9-editor-ext so-widget-wpa9-editor-ext-default-c93e1481a745-5333\"\n\t\t\t\n\t\t>\n<div class=\"siteorigin-widget-tinymce textwidget\">\n\t<\/div>\n<\/div><\/div><\/div><\/div><\/div>\n\t\t\t<\/div>\n\t\t\t<!-- carousel-content -->\n\n\n\t\t<\/div>\n\n<\/div>\n<\/div><\/div><\/div><\/div><\/div><div id=\"pg-5333-2\"  class=\"panel-grid panel-no-style\" ><div id=\"pgc-5333-2-0\"  class=\"panel-grid-cell\" ><div id=\"panel-5333-2-0-0\" class=\"so-panel widget widget_wpa9-card-l panel-first-child\" data-index=\"2\" ><div\n\t\t\t\n\t\t\tclass=\"so-widget-wpa9-card-l so-widget-wpa9-card-l-default-c93e1481a745-5333\"\n\t\t\t\n\t\t>\n\n<div class=\"wpa9-card wpa9-card-l-container d-flex flex-wrap wpa9-columns-2\">\n\n\t\n\t\t\n\t<div class=\"wpa9-card-l-panel wpa9-panel shadow rounded d-flex flex-column justify-content-between\">\n\n\t\t<div>\n\t\t\t\t\n\t\t\t\t\t\t\t\t<h2 class=\"wpa9-panel-title\">Helyi besz\u00e1ll\u00edt\u00f3k<\/h2>\n\t\t\n\t\t\t\t\t\t\t<div class=\"wpa9-panel-content\"><p>K\u00fclf\u00f6ldi fi\u00f3ktelepeink vitathatatlan el\u0151nye, hogy az adott orsz\u00e1gban helyi - azaz anyanyelvi - besz\u00e1ll\u00edt\u00f3kat alkalmazhatunk. Jelenleg t\u00f6bb mint 3000 k\u00fcls\u0151 besz\u00e1ll\u00edt\u00f3val dolgozunk egy\u00fctt a vil\u00e1g minden t\u00e1j\u00e1r\u00f3l. K\u00f6zt\u00fck kiv\u00e1l\u00f3 filol\u00f3gusok \u00e9s\u00a0sz\u00e1mos k\u00fcl\u00f6nb\u00f6z\u0151 ter\u00fclet\u00e9n tev\u00e9kenyked\u0151 szakemberek vannak.<\/p>\n<\/div>\n\t\t\t\t<\/div>\n\n\t\t\n\t<\/div>\n\n\t\t\n\t<div class=\"wpa9-card-l-panel wpa9-panel shadow rounded d-flex flex-column justify-content-between\">\n\n\t\t<div>\n\t\t\t\t\n\t\t\t\t\t\t\t\t<h2 class=\"wpa9-panel-title\">Besz\u00e1ll\u00edt\u00f3k kiv\u00e1laszt\u00e1sa<\/h2>\n\t\t\n\t\t\t\t\t\t\t<div class=\"wpa9-panel-content\"><p>K\u00fcl\u00f6n\u00f6s figyelmet ford\u00edtunk a ford\u00edt\u00f3k kiv\u00e1laszt\u00e1s\u00e1ra. Az\u00e1ltal, hogy nyelvi \u00e9s terminol\u00f3giai lektor\u00e1l\u00e1s form\u00e1j\u00e1ban rendszeres visszajelz\u00e9st adunk nekik, folyamatosan emelj\u00fck a\u00a0ford\u00edt\u00e1saink sz\u00ednvonal\u00e1t.<\/p>\n<\/div>\n\t\t\t\t<\/div>\n\n\t\t\n\t<\/div>\n\n\t\t\n\t\n<\/div>\n<\/div><\/div><div id=\"panel-5333-2-0-1\" class=\"so-panel widget widget_wpa9-card-l panel-last-child\" data-index=\"3\" ><div\n\t\t\t\n\t\t\tclass=\"so-widget-wpa9-card-l so-widget-wpa9-card-l-default-c93e1481a745-5333\"\n\t\t\t\n\t\t>\n<h3 class=\"widget-title\">Inform\u00e1ci\u00f3k a besz\u00e1ll\u00edt\u00f3k sz\u00e1m\u00e1ra<\/h3>\n<div class=\"wpa9-card wpa9-card-l-container d-flex flex-wrap wpa9-columns-2\">\n\n\t\n\t\t\n\t<div class=\"wpa9-card-l-panel wpa9-panel shadow rounded d-flex flex-column justify-content-between\">\n\n\t\t<div>\n\t\t\t\t\n\t\t\t\t\t\t\t\t<h2 class=\"wpa9-panel-title\">Ford\u00edt\u00f3k, lektorok \u00e9s tolm\u00e1csok sz\u00e1m\u00e1ra<\/h2>\n\t\t\n\t\t\t\t\t\t\t<div class=\"wpa9-panel-content\"><p>Rendszeres munk\u00e1t keres, \u00e9s K\u00f6z\u00e9p- \u00e9s Kelet-Eur\u00f3pa egyik vezet\u0151 ford\u00edt\u00f3 irod\u00e1j\u00e1n\u00e1l szeretne dolgozni? \u00c1lland\u00f3an keres\u00fcnk ford\u00edt\u00f3kat, oktat\u00f3kat \u00e9s tolm\u00e1csokat a\u00a0k\u00fcl\u00f6nb\u00f6z\u0151 nyelvi kombin\u00e1ci\u00f3kban.<\/p>\n<\/div>\n\t\t\t\t<\/div>\n\n\t\t\n\t<\/div>\n\n\t\t\n\t<div class=\"wpa9-card-l-panel wpa9-panel shadow rounded d-flex flex-column justify-content-between\">\n\n\t\t<div>\n\t\t\t\t\n\t\t\t\t\t\t\t\t<h2 class=\"wpa9-panel-title\">Az oktat\u00f3k sz\u00e1m\u00e1ra<\/h2>\n\t\t\n\t\t\t\t\t\t\t<div class=\"wpa9-panel-content\"><p>Pr\u00f3b\u00e1lja ki vel\u00fcnk! Angol, n\u00e9met, francia \u00e9s spanyol nyelvi oktat\u00f3i \u00e1ll\u00e1sra keres\u00fcnk megfelel\u0151 jel\u00f6lteket. A nyelviskol\u00e1val b\u00e1rmely\u00a0kirendelts\u00e9gen kapcsolatba l\u00e9phet.<\/p>\n<\/div>\n\t\t\t\t<\/div>\n\n\t\t\n\t<\/div>\n\n\t\t\n\t\n<\/div>\n<\/div><\/div><\/div><\/div><\/div>","protected":false},"excerpt":{"rendered":"<p>Skrivanek kult\u00fara Szem\u00e9lyes fejl\u0151d\u00e9s Stabil h\u00e1tt\u00e9r Kellemes k\u00f6rnyezet Helyi besz\u00e1ll\u00edt\u00f3k K\u00fclf\u00f6ldi fi\u00f3ktelepeink vitathatatlan el\u0151nye, hogy az adott orsz\u00e1gban helyi &#8211; azaz anyanyelvi &#8211; besz\u00e1ll\u00edt\u00f3kat alkalmazhatunk. Jelenleg t\u00f6bb mint 3000 k\u00fcls\u0151 besz\u00e1ll\u00edt\u00f3val dolgozunk egy\u00fctt a vil\u00e1g minden t\u00e1j\u00e1r\u00f3l. K\u00f6zt\u00fck kiv\u00e1l\u00f3 filol\u00f3gusok \u00e9s\u00a0sz\u00e1mos k\u00fcl\u00f6nb\u00f6z\u0151 ter\u00fclet\u00e9n tev\u00e9kenyked\u0151 szakemberek vannak. Besz\u00e1ll\u00edt\u00f3k kiv\u00e1laszt\u00e1sa K\u00fcl\u00f6n\u00f6s figyelmet ford\u00edtunk a ford\u00edt\u00f3k kiv\u00e1laszt\u00e1s\u00e1ra. Az\u00e1ltal, [&hellip;]<\/p>\n","protected":false},"author":1,"featured_media":0,"parent":0,"menu_order":0,"comment_status":"closed","ping_status":"closed","template":"","meta":{"_acf_changed":false,"footnotes":""},"class_list":["post-5333","page","type-page","status-publish","hentry"],"acf":[],"_links":{"self":[{"href":"https:\/\/dev.skrivanek.sk\/hu\/wp-json\/wp\/v2\/pages\/5333","targetHints":{"allow":["GET"]}}],"collection":[{"href":"https:\/\/dev.skrivanek.sk\/hu\/wp-json\/wp\/v2\/pages"}],"about":[{"href":"https:\/\/dev.skrivanek.sk\/hu\/wp-json\/wp\/v2\/types\/page"}],"author":[{"embeddable":true,"href":"https:\/\/dev.skrivanek.sk\/hu\/wp-json\/wp\/v2\/users\/1"}],"replies":[{"embeddable":true,"href":"https:\/\/dev.skrivanek.sk\/hu\/wp-json\/wp\/v2\/comments?post=5333"}],"version-history":[{"count":4,"href":"https:\/\/dev.skrivanek.sk\/hu\/wp-json\/wp\/v2\/pages\/5333\/revisions"}],"predecessor-version":[{"id":6053,"href":"https:\/\/dev.skrivanek.sk\/hu\/wp-json\/wp\/v2\/pages\/5333\/revisions\/6053"}],"wp:attachment":[{"href":"https:\/\/dev.skrivanek.sk\/hu\/wp-json\/wp\/v2\/media?parent=5333"}],"curies":[{"name":"wp","href":"https:\/\/api.w.org\/{rel}","templated":true}]}}