{"id":5329,"date":"2025-03-25T17:43:54","date_gmt":"2025-03-25T16:43:54","guid":{"rendered":"https:\/\/skrivanek.sk\/a-vallalatrol\/"},"modified":"2025-03-25T18:01:49","modified_gmt":"2025-03-25T17:01:49","slug":"a-vallalatrol","status":"publish","type":"page","link":"https:\/\/dev.skrivanek.sk\/hu\/rolunk\/a-vallalatrol\/","title":{"rendered":"A v\u00e1llalatr\u00f3l"},"content":{"rendered":"<div id=\"pl-5329\"  class=\"panel-layout\" ><div id=\"pg-5329-0\"  class=\"panel-grid panel-no-style\" ><div id=\"pgc-5329-0-0\"  class=\"panel-grid-cell\" ><div id=\"panel-5329-0-0-0\" class=\"so-panel widget widget_wpa9-editor-ext panel-first-child panel-last-child\" data-index=\"0\" ><div\n\t\t\t\n\t\t\tclass=\"so-widget-wpa9-editor-ext so-widget-wpa9-editor-ext-default-c93e1481a745-5329\"\n\t\t\t\n\t\t>\n<div class=\"siteorigin-widget-tinymce textwidget\">\n\t<p>Er\u0151ss\u00e9g\u00fcnk az \u00f6sszetett nyelvi projektek megval\u00f3s\u00edt\u00e1sa v\u00e1llalatok sz\u00e1m\u00e1ra. \u00c9vek \u00f3ta bev\u00e1lt elj\u00e1r\u00e1sokat alkalmazunk, \u00e9s nem f\u00e9l\u00fcnk az \u00faj trendekt\u0151l. Sz\u00e9les term\u00e9kportf\u00f3li\u00f3nknak k\u00f6sz\u00f6nhet\u0151en id\u0151t \u00e9s p\u00e9nzt takar\u00edtunk meg \u00d6nnek. A magas min\u0151s\u00e9g a mi m\u00e9rc\u00e9nk.<\/p>\n<p>Egys\u00e9ges terminol\u00f3gia mellett, \u00e1tfog\u00f3 szolg\u00e1ltat\u00e1sokkal - a ford\u00edt\u00e1st\u00f3l a DTP-ig - \u00e1ttekinthet\u0151v\u00e9 tessz\u00fck nagy volumen\u0171 megrendel\u00e9seit, mik\u00f6zben egys\u00e9ges terminol\u00f3gi\u00e1t biztos\u00edtunk \u00d6nnek.<\/p>\n<p>Sz\u00e1mos tan\u00fas\u00edtv\u00e1ny birtokosak\u00e9nt garant\u00e1lni tudjuk \u00d6nnek a min\u0151s\u00e9get, amelyet a ter\u00fcleten szerzett sok\u00e9ves tapasztalatunk \u00e9s el\u00e9gedett \u00fcgyfeleink referenci\u00e1i t\u00e1masztanak al\u00e1.<\/p>\n<\/div>\n<\/div><\/div><\/div><\/div><\/div>","protected":false},"excerpt":{"rendered":"<p>Er\u0151ss\u00e9g\u00fcnk az \u00f6sszetett nyelvi projektek megval\u00f3s\u00edt\u00e1sa v\u00e1llalatok sz\u00e1m\u00e1ra. \u00c9vek \u00f3ta bev\u00e1lt elj\u00e1r\u00e1sokat alkalmazunk, \u00e9s nem f\u00e9l\u00fcnk az \u00faj trendekt\u0151l. Sz\u00e9les term\u00e9kportf\u00f3li\u00f3nknak k\u00f6sz\u00f6nhet\u0151en id\u0151t \u00e9s p\u00e9nzt takar\u00edtunk meg \u00d6nnek. A magas min\u0151s\u00e9g a mi m\u00e9rc\u00e9nk. Egys\u00e9ges terminol\u00f3gia mellett, \u00e1tfog\u00f3 szolg\u00e1ltat\u00e1sokkal &#8211; a ford\u00edt\u00e1st\u00f3l a DTP-ig &#8211; \u00e1ttekinthet\u0151v\u00e9 tessz\u00fck nagy volumen\u0171 megrendel\u00e9seit, mik\u00f6zben egys\u00e9ges terminol\u00f3gi\u00e1t biztos\u00edtunk \u00d6nnek. [&hellip;]<\/p>\n","protected":false},"author":1,"featured_media":0,"parent":5390,"menu_order":0,"comment_status":"closed","ping_status":"closed","template":"","meta":{"_acf_changed":false,"footnotes":""},"class_list":["post-5329","page","type-page","status-publish","hentry"],"acf":[],"_links":{"self":[{"href":"https:\/\/dev.skrivanek.sk\/hu\/wp-json\/wp\/v2\/pages\/5329","targetHints":{"allow":["GET"]}}],"collection":[{"href":"https:\/\/dev.skrivanek.sk\/hu\/wp-json\/wp\/v2\/pages"}],"about":[{"href":"https:\/\/dev.skrivanek.sk\/hu\/wp-json\/wp\/v2\/types\/page"}],"author":[{"embeddable":true,"href":"https:\/\/dev.skrivanek.sk\/hu\/wp-json\/wp\/v2\/users\/1"}],"replies":[{"embeddable":true,"href":"https:\/\/dev.skrivanek.sk\/hu\/wp-json\/wp\/v2\/comments?post=5329"}],"version-history":[{"count":4,"href":"https:\/\/dev.skrivanek.sk\/hu\/wp-json\/wp\/v2\/pages\/5329\/revisions"}],"predecessor-version":[{"id":5684,"href":"https:\/\/dev.skrivanek.sk\/hu\/wp-json\/wp\/v2\/pages\/5329\/revisions\/5684"}],"up":[{"embeddable":true,"href":"https:\/\/dev.skrivanek.sk\/hu\/wp-json\/wp\/v2\/pages\/5390"}],"wp:attachment":[{"href":"https:\/\/dev.skrivanek.sk\/hu\/wp-json\/wp\/v2\/media?parent=5329"}],"curies":[{"name":"wp","href":"https:\/\/api.w.org\/{rel}","templated":true}]}}