{"id":5317,"date":"2025-03-25T17:43:44","date_gmt":"2025-03-25T16:43:44","guid":{"rendered":"https:\/\/skrivanek.sk\/max-bonuszprogram\/"},"modified":"2025-03-25T18:01:40","modified_gmt":"2025-03-25T17:01:40","slug":"max-bonuszprogram","status":"publish","type":"page","link":"https:\/\/dev.skrivanek.sk\/hu\/rolunk\/max-bonuszprogram\/","title":{"rendered":"MAX b\u00f3nuszprogram"},"content":{"rendered":"<div id=\"pl-5317\"  class=\"panel-layout\" ><div id=\"pg-5317-0\"  class=\"panel-grid panel-no-style\" ><div id=\"pgc-5317-0-0\"  class=\"panel-grid-cell\" ><div id=\"panel-5317-0-0-0\" class=\"so-panel widget widget_wpa9-card-l panel-first-child panel-last-child\" data-index=\"0\" ><div\n\t\t\t\n\t\t\tclass=\"so-widget-wpa9-card-l so-widget-wpa9-card-l-default-c93e1481a745-5317\"\n\t\t\t\n\t\t>\n\n<div class=\"wpa9-card wpa9-card-l-container d-flex flex-wrap wpa9-columns-2\">\n\n\t\n\t\t\n\t<div class=\"wpa9-card-l-panel wpa9-panel shadow rounded d-flex flex-column justify-content-between\">\n\n\t\t<div>\n\t\t\t\t\n\t\t\t\t\t\t\t\t<h2 class=\"wpa9-panel-title\">A b\u00f3nuszprogramr\u00f3l<\/h2>\n\t\t\n\t\t\t\t\t\t\t<div class=\"wpa9-panel-content\"><p>Szerezzen pontokat szolg\u00e1ltat\u00e1saink haszn\u00e1lat\u00e1\u00e9rt, \u00e9s v\u00e1lassza ki a k\u00edv\u00e1nt jutalmat. Ford\u00edt\u00e1sok\u00e9rt, tolm\u00e1csol\u00e1s\u00e9rt, nyelvtanfolyamok\u00e9rt \u00e9s egy\u00e9b term\u00e9kek\u00e9rt pontokat \u00edrunk j\u00f3v\u00e1. Regisztr\u00e1ljon a b\u00f3nuszprogramra online vagy a\u00a0fi\u00f3kunkban.<\/p>\n<div class=\"box-proscons\">\n<div class=\"box-proscons__item\">\n<ul>\n<li class=\"innerText\">Az \u00d6n \u00e1ltal v\u00e1lasztott aj\u00e1nd\u00e9k<\/li>\n<li class=\"innerText\">Egyedi k\u00f3d minden egyes utalv\u00e1nyhoz<\/li>\n<li class=\"innerText\">1 000 pont = 8 \u20ac \u00e9rt\u00e9k\u0171 utalv\u00e1ny<\/li>\n<li class=\"innerText\">2\u00a0000 pont = 20 \u20ac \u00e9rt\u00e9k\u0171 utalv\u00e1ny<\/li>\n<li class=\"innerText\">3\u00a0500 pont = 40 \u20ac \u00e9rt\u00e9k\u0171 utalv\u00e1ny<\/li>\n<li class=\"innerText\">7\u00a0000 pont = 100 \u20ac \u00e9rt\u00e9k\u0171 utalv\u00e1ny<\/li>\n<li class=\"innerText\">12\u00a0000 pont = 200 \u20ac \u00e9rt\u00e9k\u0171 utalv\u00e1ny<\/li>\n<\/ul>\n<\/div>\n<div class=\"box-proscons__item\"><\/div>\n<div class=\"box-proscons__item\"><\/div>\n<\/div>\n<\/div>\n\t\t\t\t<\/div>\n\n\t\t\t\t<div class=\"meta meta-buttons d-flex flex-column flex-sm-row justify-content-start\">\n\t\t\t\t\t<a class=\"btn btn-negative \" href=\"https:\/\/isweb.skrivanek.cz\/sk\/customer-loyality-registration.aspx?Lang=sk-SK\" title=\"Regisztr\u00e1ci\u00f3 a programra\" target=\"_blank\">Regisztr\u00e1ci\u00f3 a programra<\/a>\n\t\t\t\t\t\t<\/div>\n\t\t\n\t<\/div>\n\n\t\t\n\t<div class=\"wpa9-card-l-panel wpa9-panel shadow rounded d-flex flex-column justify-content-between\">\n\n\t\t<div>\n\t\t\t\t\n\t\t\t\t\t\t\t\t<h2 class=\"wpa9-panel-title\">A jutalmak bev\u00e1lt\u00e1s\u00e1ra vonatkoz\u00f3 szab\u00e1lyok<\/h2>\n\t\t\n\t\t\t\t\t\t\t<div class=\"wpa9-panel-content\"><div class=\"box-content\">\n<p>Az utalv\u00e1nyok bev\u00e1lt\u00e1s\u00e1ra a <span class=\"caps\">MAX<\/span>b\u00f3nuszprogram szab\u00e1lyai vonatkoznak.<\/p>\n<p>A r\u00e9sztvev\u0151 jogosult a <span class=\"caps\">MAX<\/span>b\u00f3nuszprogram keret\u00e9ben a r\u00e9sztvev\u0151 aktu\u00e1lis sz\u00e1mlaegyenleg\u00e9vel megegyez\u0151 \u00f6sszeg\u0171 jutalmak leh\u00edv\u00e1s\u00e1ra. Nagyobb \u00e9rt\u00e9k\u0171 aj\u00e1nd\u00e9k rendel\u00e9se eset\u00e9n az utalv\u00e1ny k\u00fcl\u00f6nb\u00f6zete a <span class=\"caps\">MALL<\/span><span class=\"caps\">.SK<\/span>fizet\u00e9si felt\u00e9telei szerint ker\u00fcl kifizet\u00e9sre.<\/p>\n<p>A jutalom bev\u00e1lt\u00e1s\u00e1val a r\u00e9sztvev\u0151 pontegyenlege automatikusan cs\u00f6kken a megfelel\u0151 sz\u00e1m\u00fa\u00a0ponttal.<\/p>\n<p>A r\u00e9sztvev\u0151 sz\u00e1ml\u00e1j\u00e1n l\u00e9v\u0151 pontok a j\u00f3v\u00e1\u00edr\u00e1st\u00f3l sz\u00e1m\u00edtott 24 h\u00f3napig \u00e9rv\u00e9nyesek. Ezen id\u0151szak lej\u00e1rta ut\u00e1n a fel nem haszn\u00e1lt pontok automatikusan \u00e9s visszat\u00e9r\u00edt\u00e9s n\u00e9lk\u00fcl leker\u00fclnek a\u00a0sz\u00e1ml\u00e1r\u00f3l.<\/p>\n<p>A Skrivanek Slovensko s. r. o. nem felel\u0151s az \u00fcgyfelek \u00e1ltal a <a href=\"http:\/\/www.mall.sk\/\">www.mall.sk<\/a>weboldalon kiv\u00e1lasztott aj\u00e1nd\u00e9kok\u00e9rt.<\/p>\n<p><span class=\"caps\">A MALL<\/span><span class=\"caps\">.SK<\/span> teljes felel\u0151ss\u00e9get v\u00e1llal a Skrivanek \u00fcgyfelei \u00e1ltal a\u00a0nyelvi szolg\u00e1ltat\u00e1sok megrendel\u00e9s\u00e9\u00e9rt kapott h\u0171s\u00e9gpontok felhaszn\u00e1l\u00e1sa alapj\u00e1n megrendelt aj\u00e1nd\u00e9kok megrendel\u00e9s\u00e9\u00e9rt \u00e9s kisz\u00e1ll\u00edt\u00e1s\u00e1\u00e9rt.<\/p>\n<\/div>\n<div class=\"box-proscons\"><\/div>\n<div>\n<p><a title=\"A MAX.pdf h\u0171s\u00e9gb\u00f3nusz program szab\u00e1lyai\" href=\"https:\/\/www.skrivanek.sk\/sites\/default\/files\/Pravidl%C3%A1%20vernostn%C3%A9ho%20bonusov%C3%A9ho%20programu%20MAX.pdf\" data-entity-substitution=\"file\" data-entity-type=\"file\" data-entity-uuid=\"29c75fbc-8a63-42d8-a26a-e692be650cf9\">A\u00a0h\u0171s\u00e9gprogram felt\u00e9telei \u00e9s felt\u00e9telei<\/a><\/p>\n<\/div>\n<\/div>\n\t\t\t\t<\/div>\n\n\t\t\n\t<\/div>\n\n\t\t\n\t\n<\/div>\n<\/div><\/div><\/div><\/div><\/div>","protected":false},"excerpt":{"rendered":"<p>A b\u00f3nuszprogramr\u00f3l Szerezzen pontokat szolg\u00e1ltat\u00e1saink haszn\u00e1lat\u00e1\u00e9rt, \u00e9s v\u00e1lassza ki a k\u00edv\u00e1nt jutalmat. Ford\u00edt\u00e1sok\u00e9rt, tolm\u00e1csol\u00e1s\u00e9rt, nyelvtanfolyamok\u00e9rt \u00e9s egy\u00e9b term\u00e9kek\u00e9rt pontokat \u00edrunk j\u00f3v\u00e1. Regisztr\u00e1ljon a b\u00f3nuszprogramra online vagy a\u00a0fi\u00f3kunkban. Az \u00d6n \u00e1ltal v\u00e1lasztott aj\u00e1nd\u00e9k Egyedi k\u00f3d minden egyes utalv\u00e1nyhoz 1 000 pont = 8 \u20ac \u00e9rt\u00e9k\u0171 utalv\u00e1ny 2\u00a0000 pont = 20 \u20ac \u00e9rt\u00e9k\u0171 utalv\u00e1ny 3\u00a0500 pont = [&hellip;]<\/p>\n","protected":false},"author":1,"featured_media":0,"parent":5390,"menu_order":0,"comment_status":"closed","ping_status":"closed","template":"","meta":{"_acf_changed":false,"footnotes":""},"class_list":["post-5317","page","type-page","status-publish","hentry"],"acf":[],"_links":{"self":[{"href":"https:\/\/dev.skrivanek.sk\/hu\/wp-json\/wp\/v2\/pages\/5317","targetHints":{"allow":["GET"]}}],"collection":[{"href":"https:\/\/dev.skrivanek.sk\/hu\/wp-json\/wp\/v2\/pages"}],"about":[{"href":"https:\/\/dev.skrivanek.sk\/hu\/wp-json\/wp\/v2\/types\/page"}],"author":[{"embeddable":true,"href":"https:\/\/dev.skrivanek.sk\/hu\/wp-json\/wp\/v2\/users\/1"}],"replies":[{"embeddable":true,"href":"https:\/\/dev.skrivanek.sk\/hu\/wp-json\/wp\/v2\/comments?post=5317"}],"version-history":[{"count":4,"href":"https:\/\/dev.skrivanek.sk\/hu\/wp-json\/wp\/v2\/pages\/5317\/revisions"}],"predecessor-version":[{"id":5674,"href":"https:\/\/dev.skrivanek.sk\/hu\/wp-json\/wp\/v2\/pages\/5317\/revisions\/5674"}],"up":[{"embeddable":true,"href":"https:\/\/dev.skrivanek.sk\/hu\/wp-json\/wp\/v2\/pages\/5390"}],"wp:attachment":[{"href":"https:\/\/dev.skrivanek.sk\/hu\/wp-json\/wp\/v2\/media?parent=5317"}],"curies":[{"name":"wp","href":"https:\/\/api.w.org\/{rel}","templated":true}]}}