{"id":5313,"date":"2025-03-25T17:43:44","date_gmt":"2025-03-25T16:43:44","guid":{"rendered":"https:\/\/skrivanek.sk\/oktatoink\/"},"modified":"2025-03-25T18:01:39","modified_gmt":"2025-03-25T17:01:39","slug":"oktatoink","status":"publish","type":"page","link":"https:\/\/dev.skrivanek.sk\/hu\/forditasok\/oktatoink\/","title":{"rendered":"Oktat\u00f3ink"},"content":{"rendered":"<div id=\"pl-5313\"  class=\"panel-layout\" ><div id=\"pg-5313-0\"  class=\"panel-grid panel-no-style\" ><div id=\"pgc-5313-0-0\"  class=\"panel-grid-cell\" ><div id=\"panel-5313-0-0-0\" class=\"so-panel widget widget_wpa9-card-l panel-first-child\" data-index=\"0\" ><div\n\t\t\t\n\t\t\tclass=\"so-widget-wpa9-card-l so-widget-wpa9-card-l-default-c93e1481a745-5313\"\n\t\t\t\n\t\t>\n\n<div class=\"wpa9-card wpa9-card-l-container d-flex flex-wrap wpa9-columns-3\">\n\n\t\n\t\t\n\t<div class=\"wpa9-card-l-panel wpa9-panel shadow rounded d-flex flex-column justify-content-between\">\n\n\t\t<div>\n\t\t\t\t\t\t\t<span class=\"wpa9-panel-icon icon\" style=\"display: none; background-image: url('https:\/\/dev.skrivanek.sk\/wp-content\/uploads\/2021\/01\/ico-seo.svg')\"><\/span>\n\t\t\t<span class=\"wpa9-panel-icon icon\" style=\"mask-image: url(https:\/\/dev.skrivanek.sk\/wp-content\/uploads\/2021\/01\/ico-seo.svg); -webkit-mask-image: url(https:\/\/dev.skrivanek.sk\/wp-content\/uploads\/2021\/01\/ico-seo.svg);\"><\/span>\n\t\t\n\t\t\t\t\t\t\t\t<h2 class=\"wpa9-panel-title\">Oktat\u00f3k<\/h2>\n\t\t\n\t\t\t\t\t\t\t<div class=\"wpa9-panel-content\"><p>Anyanyelvi besz\u00e9l\u0151k vagy szlov\u00e1k oktat\u00f3k tan\u00edtj\u00e1k meg a nyelvtant \u00e9s oldj\u00e1k fel a\u00a0nyelv\u00e9t.<\/p>\n<\/div>\n\t\t\t\t<\/div>\n\n\t\t\n\t<\/div>\n\n\t\t\n\t<div class=\"wpa9-card-l-panel wpa9-panel shadow rounded d-flex flex-column justify-content-between\">\n\n\t\t<div>\n\t\t\t\t\t\t\t<span class=\"wpa9-panel-icon icon\" style=\"display: none; background-image: url('https:\/\/dev.skrivanek.sk\/wp-content\/uploads\/2021\/01\/ico-seo.svg')\"><\/span>\n\t\t\t<span class=\"wpa9-panel-icon icon\" style=\"mask-image: url(https:\/\/dev.skrivanek.sk\/wp-content\/uploads\/2021\/01\/ico-seo.svg); -webkit-mask-image: url(https:\/\/dev.skrivanek.sk\/wp-content\/uploads\/2021\/01\/ico-seo.svg);\"><\/span>\n\t\t\n\t\t\t\t\t\t\t\t<h2 class=\"wpa9-panel-title\">K\u00e9pes\u00edt\u00e9s<\/h2>\n\t\t\n\t\t\t\t\t\t\t<div class=\"wpa9-panel-content\"><p>Minden oktat\u00f3 alapos kiv\u00e1laszt\u00e1si folyamaton megy kereszt\u00fcl. A nyelvtanfolyamokat kiz\u00e1r\u00f3lag a\u00a0ter\u00fclet szak\u00e9rt\u0151i tartj\u00e1k.<\/p>\n<\/div>\n\t\t\t\t<\/div>\n\n\t\t\n\t<\/div>\n\n\t\t\n\t<div class=\"wpa9-card-l-panel wpa9-panel shadow rounded d-flex flex-column justify-content-between\">\n\n\t\t<div>\n\t\t\t\t\n\t\t\t\t\t\t\t\t<h2 class=\"wpa9-panel-title\">El\u00e9gedetts\u00e9g<\/h2>\n\t\t\n\t\t\t\t\t\t\t<div class=\"wpa9-panel-content\"><p>Pr\u00f3b\u00e1ljon ki egy ingyenes minta\u00f3r\u00e1t, \u00e9s n\u00e9zze meg, hogy az\u00a0oktat\u00e1si st\u00edlus megfelel-e \u00d6nnek.<\/p>\n<\/div>\n\t\t\t\t<\/div>\n\n\t\t\n\t<\/div>\n\n\t\t\n\t\n<\/div>\n<\/div><\/div><div id=\"panel-5313-0-0-1\" class=\"so-panel widget widget_wpa9-card-s panel-last-child\" data-index=\"1\" ><div\n\t\t\t\n\t\t\tclass=\"so-widget-wpa9-card-s so-widget-wpa9-card-s-default-c93e1481a745-5313\"\n\t\t\t\n\t\t><div class=\"wpa9-card wpa9-card-s wide positive\">\n\n\t<div class=\"wpa9-card-wrapper container\">\n\n\t\t<div class=\"wpa9-card-text\">\n\t\t\t<h2 class=\"wpa9-card-title\">Szeretne foly\u00e9konyan besz\u00e9lni?<\/h2>\n\t\t\t<div class=\"wpa9-card-content\"><p style=\"text-align: center\">V\u00e1lassza ki a megfelel\u0151\u00a0nyelvtanfolyamot.<\/p>\n<\/div>\t\t<\/div>\n\n\t\t\t\t<div class=\"meta meta-buttons d-flex flex-row justify-content-center\">\n\t\t\t\t\t\t\t<a class=\"btn btn-negative show-inquiry-form\" href=\"https:\/\/dev.skrivanek.sk\/dopyt\/\" title=\"Rendel\u00e9s k\u00fcld\u00e9se\">Rendel\u00e9s k\u00fcld\u00e9se<\/a>\n\t\t\t\t<\/div>\n\t\t\n\t<\/div>\n\n<\/div>\n<\/div><\/div><\/div><\/div><\/div>","protected":false},"excerpt":{"rendered":"<p>Oktat\u00f3k Anyanyelvi besz\u00e9l\u0151k vagy szlov\u00e1k oktat\u00f3k tan\u00edtj\u00e1k meg a nyelvtant \u00e9s oldj\u00e1k fel a\u00a0nyelv\u00e9t. K\u00e9pes\u00edt\u00e9s Minden oktat\u00f3 alapos kiv\u00e1laszt\u00e1si folyamaton megy kereszt\u00fcl. A nyelvtanfolyamokat kiz\u00e1r\u00f3lag a\u00a0ter\u00fclet szak\u00e9rt\u0151i tartj\u00e1k. El\u00e9gedetts\u00e9g Pr\u00f3b\u00e1ljon ki egy ingyenes minta\u00f3r\u00e1t, \u00e9s n\u00e9zze meg, hogy az\u00a0oktat\u00e1si st\u00edlus megfelel-e \u00d6nnek. Szeretne foly\u00e9konyan besz\u00e9lni? V\u00e1lassza ki a megfelel\u0151\u00a0nyelvtanfolyamot. Rendel\u00e9s k\u00fcld\u00e9se<\/p>\n","protected":false},"author":11,"featured_media":0,"parent":5424,"menu_order":0,"comment_status":"closed","ping_status":"closed","template":"","meta":{"_acf_changed":false,"footnotes":""},"class_list":["post-5313","page","type-page","status-publish","hentry"],"acf":[],"_links":{"self":[{"href":"https:\/\/dev.skrivanek.sk\/hu\/wp-json\/wp\/v2\/pages\/5313","targetHints":{"allow":["GET"]}}],"collection":[{"href":"https:\/\/dev.skrivanek.sk\/hu\/wp-json\/wp\/v2\/pages"}],"about":[{"href":"https:\/\/dev.skrivanek.sk\/hu\/wp-json\/wp\/v2\/types\/page"}],"author":[{"embeddable":true,"href":"https:\/\/dev.skrivanek.sk\/hu\/wp-json\/wp\/v2\/users\/11"}],"replies":[{"embeddable":true,"href":"https:\/\/dev.skrivanek.sk\/hu\/wp-json\/wp\/v2\/comments?post=5313"}],"version-history":[{"count":4,"href":"https:\/\/dev.skrivanek.sk\/hu\/wp-json\/wp\/v2\/pages\/5313\/revisions"}],"predecessor-version":[{"id":5670,"href":"https:\/\/dev.skrivanek.sk\/hu\/wp-json\/wp\/v2\/pages\/5313\/revisions\/5670"}],"up":[{"embeddable":true,"href":"https:\/\/dev.skrivanek.sk\/hu\/wp-json\/wp\/v2\/pages\/5424"}],"wp:attachment":[{"href":"https:\/\/dev.skrivanek.sk\/hu\/wp-json\/wp\/v2\/media?parent=5313"}],"curies":[{"name":"wp","href":"https:\/\/api.w.org\/{rel}","templated":true}]}}