{"id":5311,"date":"2025-03-25T17:43:44","date_gmt":"2025-03-25T16:43:44","guid":{"rendered":"https:\/\/skrivanek.sk\/nyilatkozat-a-sutik-hasznalatarol\/"},"modified":"2025-03-25T18:01:39","modified_gmt":"2025-03-25T17:01:39","slug":"nyilatkozat-a-sutik-hasznalatarol","status":"publish","type":"page","link":"https:\/\/dev.skrivanek.sk\/hu\/nyilatkozat-a-sutik-hasznalatarol\/","title":{"rendered":"Nyilatkozat a s\u00fctik haszn\u00e1lat\u00e1r\u00f3l"},"content":{"rendered":"<div id=\"pl-5311\"  class=\"panel-layout\" ><div id=\"pg-5311-0\"  class=\"panel-grid panel-no-style\" ><div id=\"pgc-5311-0-0\"  class=\"panel-grid-cell\" ><div id=\"panel-5311-0-0-0\" class=\"so-panel widget widget_wpa9-editor-ext panel-first-child panel-last-child\" data-index=\"0\" ><div\n\t\t\t\n\t\t\tclass=\"so-widget-wpa9-editor-ext so-widget-wpa9-editor-ext-default-c93e1481a745-5311\"\n\t\t\t\n\t\t>\n<div class=\"siteorigin-widget-tinymce textwidget\">\n\t<div class=\"box-header\">\n<h2 class=\"decorated-heading\"><span class=\"innerText\">Mik azok a\u00a0s\u00fctik?<\/span><\/h2>\n<\/div>\n<div class=\"box-content\">\n<p>Ezek kis adatf\u00e1jlok, amelyek elengedhetetlenek bizonyos webhelyfunkci\u00f3khoz, p\u00e9ld\u00e1ul a bejelentkez\u00e9shez. A s\u00fctiknek k\u00f6sz\u00f6nhet\u0151en a webhelyek k\u00fcl\u00f6nf\u00e9le be\u00e1ll\u00edt\u00e1sokat is meg tudnak jegyezni, p\u00e9ld\u00e1ul nyelvet, bet\u0171t\u00edpust \u00e9s egy\u00e9b be\u00e1ll\u00edt\u00e1sokat, amelyeket az oldalak megtekint\u00e9s\u00e9hez v\u00e1lasztott. Ez\u00e9rt helyez\u00fcnk el s\u00fctiket az \u00d6n sz\u00e1m\u00edt\u00f3g\u00e9p\u00e9n. A legt\u00f6bb nagy weboldal \u00e9s\u00a0szolg\u00e1ltat\u00f3 is ezt teszi.<\/p>\n<h3>Mire haszn\u00e1lunk s\u00fctiket ezen a\u00a0weboldalon?<\/h3>\n<p>A s\u00fctiket tart\u00f3ss\u00e1guk alapj\u00e1n k\u00e9t alapvet\u0151\u00a0t\u00edpusra osztjuk.<\/p>\n<ul>\n<li>R\u00f6vid t\u00e1v\u00fa (session cookie) - a b\u00f6ng\u00e9sz\u0151 bez\u00e1r\u00e1s\u00e1ig maradnak a b\u00f6ng\u00e9sz\u0151ben, majd\u00a0t\u00f6rl\u0151dnek.<\/li>\n<li>Hossz\u00fa t\u00e1v\u00fa (persistent cookie) - ezek hossz\u00fa ideig (a b\u00f6ng\u00e9sz\u0151 \u00e9s a s\u00fctibe\u00e1ll\u00edt\u00e1sokt\u00f3l f\u00fcgg\u0151en) vagy a\u00a0k\u00e9zi t\u00f6rl\u00e9s\u00fckig t\u00e1rol\u00f3dnak a b\u00f6ng\u00e9sz\u0151ben.<\/li>\n<\/ul>\n<p>\u00a0<\/p>\n<p>Weboldalunkon a k\u00f6vetkez\u0151\u00a0s\u00fctiket haszn\u00e1ljuk:<\/p>\n<ul>\n<li>Technikai (r\u00f6vidt\u00e1v\u00fa) - ezek az oldal alapvet\u0151 m\u0171k\u00f6d\u00e9s\u00e9nek biztos\u00edt\u00e1s\u00e1hoz sz\u00fcks\u00e9gesek, azaz a term\u00e9kek kos\u00e1rba helyez\u00e9s\u00e9hez, a v\u00e1s\u00e1rl\u00e1si folyamathoz \u00e9s az oldal javascriptet ig\u00e9nyl\u0151 verzi\u00f3j\u00e1nak megjelen\u00edt\u00e9s\u00e9hez, vagy\u00a0an\u00e9lk\u00fcl.<\/li>\n<li>YouTube (r\u00f6vid \u00e9s hossz\u00fa t\u00e1v\u00fa) - a YouTube vide\u00f3lej\u00e1tsz\u00f3 haszn\u00e1lja. Ezek a lej\u00e1tsz\u00f3n lesznek elhelyezve, amint\u00a0elind\u00edtja azt.<\/li>\n<li>Google Analytics (hossz\u00fa t\u00e1v\u00fa) - az\u00a0oldalak jobb testreszab\u00e1sa \u00e9rdek\u00e9ben a Google Analytics eszk\u00f6zt haszn\u00e1ljuk a felhaszn\u00e1l\u00f3i viselked\u00e9sre vonatkoz\u00f3 anonim adatok m\u00e9r\u00e9s\u00e9re.<\/li>\n<li>AdWords (hossz\u00fa t\u00e1v\u00fa) - a hirdet\u00e9si rendszer \u00e1ltal gener\u00e1lt s\u00fctik. Ezeknek a s\u00fctiknek a seg\u00edts\u00e9g\u00e9vel \u00e9rt\u00e9kelni tudjuk a\u00a0\u00e9rt\u00e9kes\u00edt\u00e9si csatorn\u00e1k hat\u00e9konys\u00e1g\u00e1t.<\/li>\n<li>Sklik (hossz\u00fa t\u00e1v\u00fa) - a hirdet\u00e9si rendszer \u00e1ltal gener\u00e1lt s\u00fctik. Ezeknek a s\u00fctiknek a seg\u00edts\u00e9g\u00e9vel \u00e9rt\u00e9kelni tudjuk a\u00a0\u00e9rt\u00e9kes\u00edt\u00e9si csatorn\u00e1k hat\u00e9konys\u00e1g\u00e1t.<\/li>\n<li>Facebook (r\u00f6vid \u00e9s hossz\u00fa t\u00e1v\u00fa) - a\u00a0Facebook k\u00f6z\u00f6ss\u00e9gi h\u00e1l\u00f3zat widgetj\u00e9t haszn\u00e1lja, amely ezekre az oldalakra van be\u00e1gyazva.<\/li>\n<li>Twitter (hossz\u00fa t\u00e1von) - a Twitter k\u00f6z\u00f6ss\u00e9gi h\u00e1l\u00f3zat widgetj\u00e9t haszn\u00e1lja, amely ezekre az oldalakra van\u00a0be\u00e1gyazva.<\/li>\n<li>MailChimp (r\u00f6vid \u00e9s hossz\u00fa t\u00e1v\u00fa) - a Mailchimp \u00e1ltal gener\u00e1lt s\u00fctik. Ezek a s\u00fctik lehet\u0151v\u00e9 teszik sz\u00e1munkra, hogy \u00e9rt\u00e9kelj\u00fck a\u00a0hirdet\u00e9si csatorna hat\u00e9konys\u00e1g\u00e1t.<\/li>\n<\/ul>\n<p>Soha nem haszn\u00e1lunk s\u00fctiket az \u00d6n szem\u00e9lyes azonos\u00edt\u00e1s\u00e1ra, \u00e9s soha nem helyez\u00fcnk el benn\u00fck \u00e9rz\u00e9keny vagy szem\u00e9lyes\u00a0adatokat.<\/p>\n<h3>Hogyan m\u00f3dos\u00edthatja a\u00a0s\u00fctik haszn\u00e1lat\u00e1t<\/h3>\n<p>A sz\u00e1m\u00edt\u00f3g\u00e9p\u00e9n m\u00e1r megl\u00e9v\u0151 s\u00fctiket t\u00f6r\u00f6lheti. A legt\u00f6bb b\u00f6ng\u00e9sz\u0151 lehet\u0151s\u00e9get k\u00edn\u00e1l arra is, hogy blokkolja a s\u00fctik elhelyez\u00e9s\u00e9t a sz\u00e1m\u00edt\u00f3g\u00e9p\u00e9n, de ha ezt megteszi, nem tudja majd ig\u00e9nybe venni az \u00f6sszes online szolg\u00e1ltat\u00e1sunkat. A b\u00f6ng\u00e9sz\u0151j\u00e9nek a s\u00fctik t\u00e1rol\u00e1s\u00e1ra vonatkoz\u00f3 be\u00e1ll\u00edt\u00e1s\u00e1val kapcsolatos r\u00e9szletes inform\u00e1ci\u00f3k a b\u00f6ng\u00e9sz\u0151 szolg\u00e1ltat\u00f3j\u00e1nak weboldal\u00e1n tal\u00e1lhat\u00f3k. A legelterjedtebb b\u00f6ng\u00e9sz\u0151k eset\u00e9ben ezek a\u00a0k\u00f6vetkez\u0151k:<\/p>\n<ul>\n<li><a href=\"https:\/\/support.google.com\/accounts\/answer\/61416?hl=cs\">Chrome<\/a><\/li>\n<li><a href=\"https:\/\/support.mozilla.org\/cs\/kb\/Pr%C3%A1ce%20s%20cookies\">Firefox<\/a><\/li>\n<li><a href=\"https:\/\/support.microsoft.com\/sk-sk\/help\/17442\/windows-internet-explorer-delete-manage-cookies\">Internet\u00a0Explorer<\/a><\/li>\n<li><a href=\"http:\/\/help.opera.com\/Windows\/9.64\/cs\/cookies.html\">Opera<\/a><\/li>\n<li><a href=\"https:\/\/support.google.com\/chrome\/answer\/95647?co=GENIE.Platform%3DAndroid&hl=sk\">Android<\/a><\/li>\n<\/ul>\n<p>A r\u00e9szletek\u00e9rt l\u00e1sd <a href=\"http:\/\/aboutcookies.org\/\">az AboutCookies.org webhelyet<\/a>.<\/p>\n<h3>A Google\u00a0Analytics haszn\u00e1lata<\/h3>\n<p>Ez a weboldal a Google Analytics szolg\u00e1ltat\u00e1st haszn\u00e1lja, amely a Google, Inc. szolg\u00e1ltat\u00e1sa. (a tov\u00e1bbiakban, mint \u201eGoogle\u201c). A Google Analytics s\u00fctiket haszn\u00e1l. A weboldal haszn\u00e1lat\u00e1val kapcsolatos inform\u00e1ci\u00f3kat a s\u00fctik tartalm\u00e1val egy\u00fctt a Google az Egyes\u00fclt \u00c1llamokban tal\u00e1lhat\u00f3 szervereken tov\u00e1bb\u00edtja \u00e9s t\u00e1rolja. A Google ezeket az inform\u00e1ci\u00f3kat a weboldal haszn\u00e1lat\u00e1nak \u00e9rt\u00e9kel\u00e9s\u00e9re \u00e9s a weboldal \u00fczemeltet\u0151i sz\u00e1m\u00e1ra a weboldal tev\u00e9kenys\u00e9g\u00e9r\u0151l sz\u00f3l\u00f3 jelent\u00e9sek \u00f6ssze\u00e1ll\u00edt\u00e1s\u00e1ra, valamint a weboldal tev\u00e9kenys\u00e9g\u00e9vel \u00e9s \u00e1ltal\u00e1ban az internethaszn\u00e1lattal kapcsolatos egy\u00e9b szolg\u00e1ltat\u00e1sok ny\u00fajt\u00e1s\u00e1ra haszn\u00e1lja fel. A Google ezeket az inform\u00e1ci\u00f3kat harmadik feleknek is \u00e1tadhatja, ha erre t\u00f6rv\u00e9ny k\u00f6telezi, vagy ha az ilyen harmadik felek a\u00a0Google sz\u00e1m\u00e1ra dolgozz\u00e1k fel az inform\u00e1ci\u00f3kat.<\/p>\n<p>Az \u00d6n adatainak v\u00e9delme \u00e9rdek\u00e9ben \u00fagy m\u00f3dos\u00edtottuk a Google Analytics szolg\u00e1ltat\u00e1st, hogy az ne napl\u00f3zza az \u00d6n <span class=\"caps\">IP-c\u00edm\u00e9t<\/span>\u00a0.<\/p>\n<p>A Google Analytics a Google \u00e1ltal biztos\u00edtott kapcsol\u00f3d\u00f3 hirdet\u00e9si funkci\u00f3kkal b\u0151v\u00fclt, nevezetesen\u00a0:<\/p>\n<ul>\n<li>jelent\u00e9sek a\u00a0Google hirdet\u00e9si h\u00e1l\u00f3zatban t\u00f6rt\u00e9nt megjelen\u00edt\u00e9sekr\u0151l,<\/li>\n<li>remarketing (hirdet\u00e9sek megjelen\u00edt\u00e9se a tartalmi h\u00e1l\u00f3zaton a\u00a0megtekintett term\u00e9kek alapj\u00e1n),<\/li>\n<li>kiterjesztett demogr\u00e1fiai jelent\u00e9sek (anonim demogr\u00e1fiai adatok jelent\u00e9se\u00a0).<\/li>\n<\/ul>\n<p>Az adatok feldolgoz\u00e1s\u00e1ra \u00e9s felhaszn\u00e1l\u00e1s\u00e1ra vonatkoz\u00f3 tov\u00e1bbi inform\u00e1ci\u00f3k\u00e9rt k\u00e9rj\u00fck, olvassa el a <a href=\"http:\/\/www.google.com\/intl\/cs\/policies\/privacy\/partners\/\">Google<\/a>\u00e1ltal\u00e1nos szerz\u0151d\u00e9si\u00a0felt\u00e9teleit.<\/p>\n<h3>A Google\u00a0Analytics nyomon k\u00f6vet\u00e9s\u00e9nek letilt\u00e1sa<\/h3>\n<p>Ha szeretn\u00e9 letiltani a Google Analytics seg\u00edts\u00e9g\u00e9vel az anonim statisztik\u00e1k k\u00fcld\u00e9s\u00e9t, akkor ehhez haszn\u00e1lhatja a Google \u00e1ltal biztos\u00edtott eszk\u00f6zt. Ezt a b\u0151v\u00edtm\u00e9nyt le kell t\u00f6lteni \u00e9s telep\u00edteni a\u00a0b\u00f6ng\u00e9sz\u0151be.<\/p>\n<\/div>\n<\/div>\n<\/div><\/div><\/div><\/div><\/div>","protected":false},"excerpt":{"rendered":"<p>Mik azok a\u00a0s\u00fctik? Ezek kis adatf\u00e1jlok, amelyek elengedhetetlenek bizonyos webhelyfunkci\u00f3khoz, p\u00e9ld\u00e1ul a bejelentkez\u00e9shez. A s\u00fctiknek k\u00f6sz\u00f6nhet\u0151en a webhelyek k\u00fcl\u00f6nf\u00e9le be\u00e1ll\u00edt\u00e1sokat is meg tudnak jegyezni, p\u00e9ld\u00e1ul nyelvet, bet\u0171t\u00edpust \u00e9s egy\u00e9b be\u00e1ll\u00edt\u00e1sokat, amelyeket az oldalak megtekint\u00e9s\u00e9hez v\u00e1lasztott. Ez\u00e9rt helyez\u00fcnk el s\u00fctiket az \u00d6n sz\u00e1m\u00edt\u00f3g\u00e9p\u00e9n. A legt\u00f6bb nagy weboldal \u00e9s\u00a0szolg\u00e1ltat\u00f3 is ezt teszi. Mire haszn\u00e1lunk s\u00fctiket ezen a\u00a0weboldalon? [&hellip;]<\/p>\n","protected":false},"author":1,"featured_media":0,"parent":0,"menu_order":0,"comment_status":"closed","ping_status":"closed","template":"","meta":{"_acf_changed":false,"footnotes":""},"class_list":["post-5311","page","type-page","status-publish","hentry"],"acf":[],"_links":{"self":[{"href":"https:\/\/dev.skrivanek.sk\/hu\/wp-json\/wp\/v2\/pages\/5311","targetHints":{"allow":["GET"]}}],"collection":[{"href":"https:\/\/dev.skrivanek.sk\/hu\/wp-json\/wp\/v2\/pages"}],"about":[{"href":"https:\/\/dev.skrivanek.sk\/hu\/wp-json\/wp\/v2\/types\/page"}],"author":[{"embeddable":true,"href":"https:\/\/dev.skrivanek.sk\/hu\/wp-json\/wp\/v2\/users\/1"}],"replies":[{"embeddable":true,"href":"https:\/\/dev.skrivanek.sk\/hu\/wp-json\/wp\/v2\/comments?post=5311"}],"version-history":[{"count":4,"href":"https:\/\/dev.skrivanek.sk\/hu\/wp-json\/wp\/v2\/pages\/5311\/revisions"}],"predecessor-version":[{"id":5668,"href":"https:\/\/dev.skrivanek.sk\/hu\/wp-json\/wp\/v2\/pages\/5311\/revisions\/5668"}],"wp:attachment":[{"href":"https:\/\/dev.skrivanek.sk\/hu\/wp-json\/wp\/v2\/media?parent=5311"}],"curies":[{"name":"wp","href":"https:\/\/api.w.org\/{rel}","templated":true}]}}