{"id":5306,"date":"2025-03-25T17:43:44","date_gmt":"2025-03-25T16:43:44","guid":{"rendered":"https:\/\/skrivanek.sk\/altalanos-szerzodesi-feltetelek\/"},"modified":"2025-03-25T18:01:39","modified_gmt":"2025-03-25T17:01:39","slug":"altalanos-szerzodesi-feltetelek","status":"publish","type":"page","link":"https:\/\/dev.skrivanek.sk\/hu\/altalanos-szerzodesi-feltetelek\/","title":{"rendered":"\u00c1ltal\u00e1nos Szerz\u0151d\u00e9si Felt\u00e9telek"},"content":{"rendered":"<div id=\"pl-5306\"  class=\"panel-layout\" ><div id=\"pg-5306-0\"  class=\"panel-grid panel-no-style\" ><div id=\"pgc-5306-0-0\"  class=\"panel-grid-cell\" ><div id=\"panel-5306-0-0-0\" class=\"so-panel widget widget_wpa9-card-l panel-first-child panel-last-child\" data-index=\"0\" ><div\n\t\t\t\n\t\t\tclass=\"so-widget-wpa9-card-l so-widget-wpa9-card-l-default-c93e1481a745-5306\"\n\t\t\t\n\t\t>\n\n<div class=\"wpa9-card wpa9-card-l-container d-flex flex-wrap wpa9-columns-2\">\n\n\t\n\t\t\n\t<div class=\"wpa9-card-l-panel wpa9-panel shadow rounded d-flex flex-column justify-content-between\">\n\n\t\t<div>\n\t\t\t\t\n\t\t\t\t\t\t\t\t<h2 class=\"wpa9-panel-title\">\u00c1ltal\u00e1nos Szerz\u0151d\u00e9si Felt\u00e9telek - Ford\u00edt\u00e1s \u00e9s tolm\u00e1csol\u00e1s<\/h2>\n\t\t\n\t\t\t\t\t\t<\/div>\n\n\t\t\t\t<div class=\"meta meta-buttons d-flex flex-column flex-sm-row justify-content-start\">\n\t\t\t\t\t<a class=\"btn \" href=\"https:\/\/skrivanek.sk\/wp-content\/uploads\/2021\/04\/vop-pt-skdf.pdf\" title=\"\u00c1SZF - ford\u00edt\u00e1s \u00e9s tolm\u00e1csol\u00e1s\">\u00c1SZF - ford\u00edt\u00e1s \u00e9s tolm\u00e1csol\u00e1s<\/a>\n\t\t\t\t\t\t<\/div>\n\t\t\n\t<\/div>\n\n\t\t\n\t<div class=\"wpa9-card-l-panel wpa9-panel shadow rounded d-flex flex-column justify-content-between\">\n\n\t\t<div>\n\t\t\t\t\n\t\t\t\t\t\t\t\t<h2 class=\"wpa9-panel-title\">\u00c1ltal\u00e1nos Szerz\u0151d\u00e9si Felt\u00e9telek - Nyelviskola<\/h2>\n\t\t\n\t\t\t\t\t\t<\/div>\n\n\t\t\t\t<div class=\"meta meta-buttons d-flex flex-column flex-sm-row justify-content-start\">\n\t\t\t\t\t<a class=\"btn \" href=\"https:\/\/skrivanek.sk\/wp-content\/uploads\/2021\/04\/vop-js-sk.pdf\" title=\"\u00c1SZF - nyelviskola\">\u00c1SZF - nyelviskola<\/a>\n\t\t\t\t\t\t<\/div>\n\t\t\n\t<\/div>\n\n\t\t\n\t\n<\/div>\n<\/div><\/div><\/div><\/div><\/div>","protected":false},"excerpt":{"rendered":"<p>\u00c1ltal\u00e1nos Szerz\u0151d\u00e9si Felt\u00e9telek &#8211; Ford\u00edt\u00e1s \u00e9s tolm\u00e1csol\u00e1s \u00c1SZF &#8211; ford\u00edt\u00e1s \u00e9s tolm\u00e1csol\u00e1s \u00c1ltal\u00e1nos Szerz\u0151d\u00e9si Felt\u00e9telek &#8211; Nyelviskola \u00c1SZF &#8211; nyelviskola<\/p>\n","protected":false},"author":1,"featured_media":0,"parent":0,"menu_order":0,"comment_status":"closed","ping_status":"closed","template":"","meta":{"_acf_changed":false,"footnotes":""},"class_list":["post-5306","page","type-page","status-publish","hentry"],"acf":[],"_links":{"self":[{"href":"https:\/\/dev.skrivanek.sk\/hu\/wp-json\/wp\/v2\/pages\/5306","targetHints":{"allow":["GET"]}}],"collection":[{"href":"https:\/\/dev.skrivanek.sk\/hu\/wp-json\/wp\/v2\/pages"}],"about":[{"href":"https:\/\/dev.skrivanek.sk\/hu\/wp-json\/wp\/v2\/types\/page"}],"author":[{"embeddable":true,"href":"https:\/\/dev.skrivanek.sk\/hu\/wp-json\/wp\/v2\/users\/1"}],"replies":[{"embeddable":true,"href":"https:\/\/dev.skrivanek.sk\/hu\/wp-json\/wp\/v2\/comments?post=5306"}],"version-history":[{"count":4,"href":"https:\/\/dev.skrivanek.sk\/hu\/wp-json\/wp\/v2\/pages\/5306\/revisions"}],"predecessor-version":[{"id":5666,"href":"https:\/\/dev.skrivanek.sk\/hu\/wp-json\/wp\/v2\/pages\/5306\/revisions\/5666"}],"wp:attachment":[{"href":"https:\/\/dev.skrivanek.sk\/hu\/wp-json\/wp\/v2\/media?parent=5306"}],"curies":[{"name":"wp","href":"https:\/\/api.w.org\/{rel}","templated":true}]}}