{"id":5304,"date":"2025-03-25T17:43:43","date_gmt":"2025-03-25T16:43:43","guid":{"rendered":"https:\/\/skrivanek.sk\/jazykova-skola-hu\/telefonos-oktatas\/"},"modified":"2025-03-25T18:01:39","modified_gmt":"2025-03-25T17:01:39","slug":"telefonos-oktatas","status":"publish","type":"page","link":"https:\/\/dev.skrivanek.sk\/hu\/nyelviskola\/telefonos-oktatas\/","title":{"rendered":"Telefonos oktat\u00e1s"},"content":{"rendered":"<div id=\"pl-5304\"  class=\"panel-layout\" ><div id=\"pg-5304-0\"  class=\"panel-grid panel-no-style\" ><div id=\"pgc-5304-0-0\"  class=\"panel-grid-cell\" ><div id=\"panel-5304-0-0-0\" class=\"so-panel widget widget_wpa9-card-l panel-first-child panel-last-child\" data-index=\"0\" ><div\n\t\t\t\n\t\t\tclass=\"so-widget-wpa9-card-l so-widget-wpa9-card-l-default-c93e1481a745-5304\"\n\t\t\t\n\t\t>\n\n<div class=\"wpa9-card wpa9-card-l-container d-flex flex-wrap wpa9-columns-2\">\n\n\t\n\t\t\n\t<div class=\"wpa9-card-l-panel wpa9-panel shadow rounded d-flex flex-column justify-content-between\">\n\n\t\t<div>\n\t\t\t\t\t\t\t<span class=\"wpa9-panel-icon icon\" style=\"display: none; background-image: url('https:\/\/dev.skrivanek.sk\/wp-content\/uploads\/2021\/01\/ico-bublina.svg')\"><\/span>\n\t\t\t<span class=\"wpa9-panel-icon icon\" style=\"mask-image: url(https:\/\/dev.skrivanek.sk\/wp-content\/uploads\/2021\/01\/ico-bublina.svg); -webkit-mask-image: url(https:\/\/dev.skrivanek.sk\/wp-content\/uploads\/2021\/01\/ico-bublina.svg);\"><\/span>\n\t\t\n\t\t\t\t\t\t\t\t<h2 class=\"wpa9-panel-title\">B\u00e1rmikor \u00e9s b\u00e1rhol<\/h2>\n\t\t\n\t\t\t\t\t\t\t<div class=\"wpa9-panel-content\"><p>Egy telefonh\u00edv\u00e1s <strong>10 percet<\/strong>vesz ig\u00e9nybe, amire mindenki k\u00e9pes id\u0151t szak\u00edtani.<\/p>\n<p>Megteheti otthon, az eb\u00e9dsz\u00fcnetben vagy a munk\u00e1b\u00f3l hazafel\u00e9 menet.<\/p>\n<\/div>\n\t\t\t\t<\/div>\n\n\t\t\n\t<\/div>\n\n\t\t\n\t<div class=\"wpa9-card-l-panel wpa9-panel shadow rounded d-flex flex-column justify-content-between\">\n\n\t\t<div>\n\t\t\t\t\t\t\t<span class=\"wpa9-panel-icon icon\" style=\"display: none; background-image: url('https:\/\/dev.skrivanek.sk\/wp-content\/uploads\/2021\/01\/ico-obecnypreklad.svg')\"><\/span>\n\t\t\t<span class=\"wpa9-panel-icon icon\" style=\"mask-image: url(https:\/\/dev.skrivanek.sk\/wp-content\/uploads\/2021\/01\/ico-obecnypreklad.svg); -webkit-mask-image: url(https:\/\/dev.skrivanek.sk\/wp-content\/uploads\/2021\/01\/ico-obecnypreklad.svg);\"><\/span>\n\t\t\n\t\t\t\t\t\t\t\t<h2 class=\"wpa9-panel-title\">Oktat\u00e1si t\u00e9m\u00e1k<\/h2>\n\t\t\n\t\t\t\t\t\t\t<div class=\"wpa9-panel-content\"><p>V\u00e1laszthat \u00e1ltal\u00e1nos vagy \u00fczleti t\u00e9m\u00e1k k\u00f6z\u00fcl. P\u00e9ld\u00e1ul:<\/p>\n<p>hobbijaim \u00e9s nem hagyom\u00e1nyos szabadid\u0151s tev\u00e9kenys\u00e9geim,<br \/>\n\u00e1ruk telefonos megrendel\u00e9se \u00e9s visszak\u00fcld\u00e9se,<br \/>\ntelefonos \u00e1ll\u00e1sinterj\u00fa megh\u00edv\u00f3 (a toborz\u00f3k \u00e1ltal gyakran feltett k\u00e9rd\u00e9sek).<\/p>\n<\/div>\n\t\t\t\t<\/div>\n\n\t\t\n\t<\/div>\n\n\t\t\n\t<div class=\"wpa9-card-l-panel wpa9-panel shadow rounded d-flex flex-column justify-content-between\">\n\n\t\t<div>\n\t\t\t\t\t\t\t<span class=\"wpa9-panel-icon icon\" style=\"display: none; background-image: url('https:\/\/dev.skrivanek.sk\/wp-content\/uploads\/2021\/01\/ico-blank.svg')\"><\/span>\n\t\t\t<span class=\"wpa9-panel-icon icon\" style=\"mask-image: url(https:\/\/dev.skrivanek.sk\/wp-content\/uploads\/2021\/01\/ico-blank.svg); -webkit-mask-image: url(https:\/\/dev.skrivanek.sk\/wp-content\/uploads\/2021\/01\/ico-blank.svg);\"><\/span>\n\t\t\n\t\t\t\t\t\t\t\t<h2 class=\"wpa9-panel-title\">A telefonos oktat\u00e1s \u00e1ra<\/h2>\n\t\t\n\t\t\t\t\t\t\t<div class=\"wpa9-panel-content\"><ul>\n<li>heti 3x 10 perc: 99 EUR \/ h\u00f3nap<br \/>\nheti 5x 10 perc: 159 EUR \/ h\u00f3nap<\/li>\n<\/ul>\n<\/div>\n\t\t\t\t<\/div>\n\n\t\t\t\t<div class=\"meta meta-buttons d-flex flex-column flex-sm-row justify-content-center\">\n\t\t\t\t\t\t\t<a class=\"btn btn-negative show-inquiry-form\" href=\"https:\/\/dev.skrivanek.sk\/dopyt\/\" title=\"Rendel\u00e9s k\u00fcld\u00e9se\">Rendel\u00e9s k\u00fcld\u00e9se<\/a>\n\t\t\t\t<\/div>\n\t\t\n\t<\/div>\n\n\t\t\n\t<div class=\"wpa9-card-l-panel wpa9-panel shadow rounded d-flex flex-column justify-content-between\">\n\n\t\t<div>\n\t\t\t\t\t\t\t<span class=\"wpa9-panel-icon icon\" style=\"display: none; background-image: url('https:\/\/dev.skrivanek.sk\/wp-content\/uploads\/2021\/01\/ico-soudnipreklad.svg')\"><\/span>\n\t\t\t<span class=\"wpa9-panel-icon icon\" style=\"mask-image: url(https:\/\/dev.skrivanek.sk\/wp-content\/uploads\/2021\/01\/ico-soudnipreklad.svg); -webkit-mask-image: url(https:\/\/dev.skrivanek.sk\/wp-content\/uploads\/2021\/01\/ico-soudnipreklad.svg);\"><\/span>\n\t\t\n\t\t\t\t\t\t\t\t<h2 class=\"wpa9-panel-title\">A telefonos oktat\u00e1s mindazok sz\u00e1m\u00e1ra<\/h2>\n\t\t\n\t\t\t\t\t\t\t<div class=\"wpa9-panel-content\"><p>alkalmas, akik f\u00e9lnek a +421-t\u0151l elt\u00e9r\u0151 k\u00f6rzetsz\u00e1m\u00fa sz\u00e1mokat t\u00e1rcs\u00e1zni,<br \/>\nelfoglalt egy\u00e9nek sz\u00e1m\u00e1ra, akik szeretn\u00e9k fejleszteni idegen nyelvtud\u00e1sukat,<br \/>\nazok sz\u00e1m\u00e1ra, akik klasszikus tanfolyamokon vesznek r\u00e9szt, de szeretn\u00e9k fejleszteni t\u00e1rsalg\u00e1si k\u00e9szs\u00e9geiket,<br \/>\nA2-es \u00e9s ann\u00e1l magasabb szint\u0171 nyelvtud\u00e1ssal rendelkez\u0151k sz\u00e1m\u00e1ra. (Nem tudja, hogy milyen nyelvi szinten \u00e1ll? Ellen\u0151rizze tud\u00e1s\u00e1t egy online teszttel.)<\/p>\n<\/div>\n\t\t\t\t<\/div>\n\n\t\t\t\t<div class=\"meta meta-buttons d-flex flex-column flex-sm-row justify-content-center\">\n\t\t\t\t\t<a class=\"btn http:\/\/testy.skrivanek.sk\" href=\"http:\/\/testy.skrivanek.sk\" title=\"Ellen\u0151rizze tud\u00e1s\u00e1t az online teszt kit\u00f6lt\u00e9s\u00e9vel ITT\">Ellen\u0151rizze tud\u00e1s\u00e1t az online teszt kit\u00f6lt\u00e9s\u00e9vel ITT<\/a>\n\t\t\t\t\t\t<\/div>\n\t\t\n\t<\/div>\n\n\t\t\n\t<div class=\"wpa9-card-l-panel wpa9-panel shadow rounded d-flex flex-column justify-content-between\">\n\n\t\t<div>\n\t\t\t\t\t\t\t<span class=\"wpa9-panel-icon icon\" style=\"display: none; background-image: url('https:\/\/dev.skrivanek.sk\/wp-content\/uploads\/2021\/01\/ico-soudnipreklad.svg')\"><\/span>\n\t\t\t<span class=\"wpa9-panel-icon icon\" style=\"mask-image: url(https:\/\/dev.skrivanek.sk\/wp-content\/uploads\/2021\/01\/ico-soudnipreklad.svg); -webkit-mask-image: url(https:\/\/dev.skrivanek.sk\/wp-content\/uploads\/2021\/01\/ico-soudnipreklad.svg);\"><\/span>\n\t\t\n\t\t\t\t\t\t\t\t<h2 class=\"wpa9-panel-title\">Milyen tov\u00e1bbi el\u0151nyei vannak a telefonos oktat\u00e1snak?<\/h2>\n\t\t\n\t\t\t\t\t\t\t<div class=\"wpa9-panel-content\"><div class=\"box-content\">\n<p>B\u00e1rhol \u00e9s b\u00e1rmikor rendszeres oktat\u00e1sban r\u00e9szes\u00fcl.<br \/>\nGyorsabb fejl\u0151d\u00e9s a nyelvi kommunik\u00e1ci\u00f3ban - egy 10 perces intenz\u00edv, idegen nyelv\u0171 besz\u00e9lget\u00e9snek k\u00f6sz\u00f6nhet\u0151en kommunik\u00e1ci\u00f3s k\u00e9szs\u00e9gei gyorsabban fejl\u0151dnek.<br \/>\nA telefonos leck\u00e9knek k\u00f6sz\u00f6nhet\u0151en nem kell a tov\u00e1bbiakban f\u00e9lnie att\u00f3l, hogy felvegye a k\u00fclf\u00f6ldi sz\u00e1mokat - az oktat\u00f3val folytatott besz\u00e9lget\u00e9ssel \u00f6nbizalomra tesz szert az idegen nyelv haszn\u00e1lata sor\u00e1n, \u00e9s a k\u00fclf\u00f6ldr\u0151l fogadott h\u00edv\u00e1s sem okoz t\u00f6bb\u00e9 gondot.<br \/>\nK\u00e9pes lesz spont\u00e1n m\u00f3don besz\u00e9lni b\u00e1rmilyen t\u00e9m\u00e1r\u00f3l idegen nyelven.<br \/>\n\u00cdgy gyakorolhatja a m\u00e1r ismert sz\u00f3kincset, de ami a legfontosabb, \u00faj sz\u00f3kincsre tesz szert, ami a besz\u00e9lget\u00e9sek eredm\u00e9nyek\u00e9nt alakul ki.<\/p>\n<\/div>\n<\/div>\n\t\t\t\t<\/div>\n\n\t\t\n\t<\/div>\n\n\t\t\n\t\n<\/div>\n<\/div><\/div><\/div><\/div><\/div>","protected":false},"excerpt":{"rendered":"<p>B\u00e1rmikor \u00e9s b\u00e1rhol Egy telefonh\u00edv\u00e1s 10 percetvesz ig\u00e9nybe, amire mindenki k\u00e9pes id\u0151t szak\u00edtani. Megteheti otthon, az eb\u00e9dsz\u00fcnetben vagy a munk\u00e1b\u00f3l hazafel\u00e9 menet. Oktat\u00e1si t\u00e9m\u00e1k V\u00e1laszthat \u00e1ltal\u00e1nos vagy \u00fczleti t\u00e9m\u00e1k k\u00f6z\u00fcl. P\u00e9ld\u00e1ul: hobbijaim \u00e9s nem hagyom\u00e1nyos szabadid\u0151s tev\u00e9kenys\u00e9geim, \u00e1ruk telefonos megrendel\u00e9se \u00e9s visszak\u00fcld\u00e9se, telefonos \u00e1ll\u00e1sinterj\u00fa megh\u00edv\u00f3 (a toborz\u00f3k \u00e1ltal gyakran feltett k\u00e9rd\u00e9sek). A telefonos oktat\u00e1s \u00e1ra [&hellip;]<\/p>\n","protected":false},"author":11,"featured_media":0,"parent":5273,"menu_order":0,"comment_status":"closed","ping_status":"closed","template":"","meta":{"_acf_changed":false,"footnotes":""},"class_list":["post-5304","page","type-page","status-publish","hentry"],"acf":[],"_links":{"self":[{"href":"https:\/\/dev.skrivanek.sk\/hu\/wp-json\/wp\/v2\/pages\/5304","targetHints":{"allow":["GET"]}}],"collection":[{"href":"https:\/\/dev.skrivanek.sk\/hu\/wp-json\/wp\/v2\/pages"}],"about":[{"href":"https:\/\/dev.skrivanek.sk\/hu\/wp-json\/wp\/v2\/types\/page"}],"author":[{"embeddable":true,"href":"https:\/\/dev.skrivanek.sk\/hu\/wp-json\/wp\/v2\/users\/11"}],"replies":[{"embeddable":true,"href":"https:\/\/dev.skrivanek.sk\/hu\/wp-json\/wp\/v2\/comments?post=5304"}],"version-history":[{"count":4,"href":"https:\/\/dev.skrivanek.sk\/hu\/wp-json\/wp\/v2\/pages\/5304\/revisions"}],"predecessor-version":[{"id":5664,"href":"https:\/\/dev.skrivanek.sk\/hu\/wp-json\/wp\/v2\/pages\/5304\/revisions\/5664"}],"up":[{"embeddable":true,"href":"https:\/\/dev.skrivanek.sk\/hu\/wp-json\/wp\/v2\/pages\/5273"}],"wp:attachment":[{"href":"https:\/\/dev.skrivanek.sk\/hu\/wp-json\/wp\/v2\/media?parent=5304"}],"curies":[{"name":"wp","href":"https:\/\/api.w.org\/{rel}","templated":true}]}}