{"id":5302,"date":"2025-03-25T17:43:43","date_gmt":"2025-03-25T16:43:43","guid":{"rendered":"https:\/\/skrivanek.sk\/jazykova-skola-hu\/online-nyelvoktatas-iskolasoknak\/"},"modified":"2025-03-25T18:01:39","modified_gmt":"2025-03-25T17:01:39","slug":"online-nyelvoktatas-iskolasoknak","status":"publish","type":"page","link":"https:\/\/dev.skrivanek.sk\/hu\/nyelviskola\/online-nyelvoktatas-iskolasoknak\/","title":{"rendered":"Online nyelvoktat\u00e1s iskol\u00e1soknak"},"content":{"rendered":"<div id=\"pl-5302\"  class=\"panel-layout\" ><div id=\"pg-5302-0\"  class=\"panel-grid panel-no-style\" ><div id=\"pgc-5302-0-0\"  class=\"panel-grid-cell\" ><div id=\"panel-5302-0-0-0\" class=\"so-panel widget widget_wpa9-card-l panel-first-child panel-last-child\" data-index=\"0\" ><div\n\t\t\t\n\t\t\tclass=\"so-widget-wpa9-card-l so-widget-wpa9-card-l-default-c93e1481a745-5302\"\n\t\t\t\n\t\t>\n\n<div class=\"wpa9-card wpa9-card-l-container d-flex flex-wrap wpa9-columns-2\">\n\n\t\n\t\t\n\t<div class=\"wpa9-card-l-panel wpa9-panel shadow rounded d-flex flex-column justify-content-between\">\n\n\t\t<div>\n\t\t\t\t\t\t\t<span class=\"wpa9-panel-icon icon\" style=\"display: none; background-image: url('https:\/\/dev.skrivanek.sk\/wp-content\/uploads\/2021\/01\/ico-lokalizace.svg')\"><\/span>\n\t\t\t<span class=\"wpa9-panel-icon icon\" style=\"mask-image: url(https:\/\/dev.skrivanek.sk\/wp-content\/uploads\/2021\/01\/ico-lokalizace.svg); -webkit-mask-image: url(https:\/\/dev.skrivanek.sk\/wp-content\/uploads\/2021\/01\/ico-lokalizace.svg);\"><\/span>\n\t\t\n\t\t\t\t\t\t\t\t<h2 class=\"wpa9-panel-title\">Online nyelvoktat\u00e1s iskol\u00e1soknak<\/h2>\n\t\t\n\t\t\t\t\t\t\t<div class=\"wpa9-panel-content\"><div class=\"box-header\">\n<ul>\n<li class=\"decorated-heading\"><span style=\"color: #333333;font-family: Hind, sans-serif;font-size: 16px;font-weight: 300\"><span style=\"color: #333333;font-family: Hind, sans-serif;font-size: 16px;font-weight: 300\"><span style=\"color: #333333;font-family: Hind, sans-serif;font-size: 16px;font-weight: 300\">Nincs ideje idegen nyelveket tanulni gyermekeivel?\u00a0<\/span><\/span><\/span><\/li>\n<li class=\"decorated-heading\">Nem tudja ellen\u0151rizni, hogy gyermeke helyesen \u00e9rtette-e meg a\u00a0tananyagot?<\/li>\n<li>Vagy csak azt szeretn\u00e9, hogy tov\u00e1bbra is akt\u00edvan fejlessze a nyelvtud\u00e1s\u00e1t?<\/li>\n<\/ul>\n<\/div>\n<div class=\"box-content\"><\/div>\n<\/div>\n\t\t\t\t<\/div>\n\n\t\t\t\t<div class=\"meta meta-buttons d-flex flex-column flex-sm-row justify-content-center\">\n\t\t\t\t\t\t\t<a class=\"btn btn-negative show-inquiry-form\" href=\"https:\/\/dev.skrivanek.sk\/dopyt\/\" title=\"Rendel\u00e9s k\u00fcld\u00e9se\">Rendel\u00e9s k\u00fcld\u00e9se<\/a>\n\t\t\t\t<\/div>\n\t\t\n\t<\/div>\n\n\t\t\n\t<div class=\"wpa9-card-l-panel wpa9-panel shadow rounded d-flex flex-column justify-content-between\">\n\n\t\t<div>\n\t\t\t\t\t\t\t<span class=\"wpa9-panel-icon icon\" style=\"display: none; background-image: url('https:\/\/dev.skrivanek.sk\/wp-content\/uploads\/2021\/01\/ico-obecnypreklad.svg')\"><\/span>\n\t\t\t<span class=\"wpa9-panel-icon icon\" style=\"mask-image: url(https:\/\/dev.skrivanek.sk\/wp-content\/uploads\/2021\/01\/ico-obecnypreklad.svg); -webkit-mask-image: url(https:\/\/dev.skrivanek.sk\/wp-content\/uploads\/2021\/01\/ico-obecnypreklad.svg);\"><\/span>\n\t\t\n\t\t\t\t\t\t\t\t<h2 class=\"wpa9-panel-title\">K\u00e9pzett oktat\u00f3ink k\u00e9szs\u00e9ggel \u00e1llnak rendelkez\u00e9s\u00e9re, az \u00f6sszes vil\u00e1gnyelvet tan\u00edtjuk!<\/h2>\n\t\t\n\t\t\t\t\t\t\t<div class=\"wpa9-panel-content\"><ul>\n<li>Az ig\u00e9nyek alapj\u00e1n kiv\u00e1lasztjuk a <b>megfelel\u0151 oktat\u00f3t<\/b>, aki a <b>sz\u00fcks\u00e9ges t\u00e9m\u00e1kat<\/b>megbesz\u00e9li a iskol\u00e1ssal\/di\u00e1kkal. B\u00e1rmilyen kor\u00fa \u00e9s nyelvi szint\u0171 iskol\u00e1sokat\/di\u00e1kokat oktatunk.<\/li>\n<li>Az id\u0151pontot el\u0151re egyeztetj\u00fck \u00d6nnel.<\/li>\n<li>Az oktat\u00e1s leggyakrabban Skype-on kereszt\u00fcl t\u00f6rt\u00e9nik, de egyeztet\u00e9s alapj\u00e1n m\u00e1s kommunik\u00e1ci\u00f3s eszk\u00f6z\u00f6k is v\u00e1laszthat\u00f3k.<\/li>\n<li>\u00a0Az oktat\u00e1s els\u0151sorban a kijel\u00f6lt tant\u00e1rgyra \u00f6sszpontosul \u2013 nyelvtani magyar\u00e1zat, elv\u00e9gzett feladatok ellen\u0151rz\u00e9se, r\u00e9gebbi tananyag gyakorl\u00e1sa \u00e9s sz\u00f3rakoztat\u00f3 kieg\u00e9sz\u00edt\u0151 tev\u00e9kenys\u00e9gek.<\/li>\n<\/ul>\n<\/div>\n\t\t\t\t<\/div>\n\n\t\t\n\t<\/div>\n\n\t\t\n\t\n<\/div>\n<\/div><\/div><\/div><\/div><\/div>","protected":false},"excerpt":{"rendered":"<p>Online nyelvoktat\u00e1s iskol\u00e1soknak Nincs ideje idegen nyelveket tanulni gyermekeivel?\u00a0 Nem tudja ellen\u0151rizni, hogy gyermeke helyesen \u00e9rtette-e meg a\u00a0tananyagot? Vagy csak azt szeretn\u00e9, hogy tov\u00e1bbra is akt\u00edvan fejlessze a nyelvtud\u00e1s\u00e1t? Rendel\u00e9s k\u00fcld\u00e9se K\u00e9pzett oktat\u00f3ink k\u00e9szs\u00e9ggel \u00e1llnak rendelkez\u00e9s\u00e9re, az \u00f6sszes vil\u00e1gnyelvet tan\u00edtjuk! Az ig\u00e9nyek alapj\u00e1n kiv\u00e1lasztjuk a megfelel\u0151 oktat\u00f3t, aki a sz\u00fcks\u00e9ges t\u00e9m\u00e1katmegbesz\u00e9li a iskol\u00e1ssal\/di\u00e1kkal. B\u00e1rmilyen kor\u00fa [&hellip;]<\/p>\n","protected":false},"author":11,"featured_media":0,"parent":5273,"menu_order":0,"comment_status":"closed","ping_status":"closed","template":"","meta":{"_acf_changed":false,"footnotes":""},"class_list":["post-5302","page","type-page","status-publish","hentry"],"acf":[],"_links":{"self":[{"href":"https:\/\/dev.skrivanek.sk\/hu\/wp-json\/wp\/v2\/pages\/5302","targetHints":{"allow":["GET"]}}],"collection":[{"href":"https:\/\/dev.skrivanek.sk\/hu\/wp-json\/wp\/v2\/pages"}],"about":[{"href":"https:\/\/dev.skrivanek.sk\/hu\/wp-json\/wp\/v2\/types\/page"}],"author":[{"embeddable":true,"href":"https:\/\/dev.skrivanek.sk\/hu\/wp-json\/wp\/v2\/users\/11"}],"replies":[{"embeddable":true,"href":"https:\/\/dev.skrivanek.sk\/hu\/wp-json\/wp\/v2\/comments?post=5302"}],"version-history":[{"count":4,"href":"https:\/\/dev.skrivanek.sk\/hu\/wp-json\/wp\/v2\/pages\/5302\/revisions"}],"predecessor-version":[{"id":5662,"href":"https:\/\/dev.skrivanek.sk\/hu\/wp-json\/wp\/v2\/pages\/5302\/revisions\/5662"}],"up":[{"embeddable":true,"href":"https:\/\/dev.skrivanek.sk\/hu\/wp-json\/wp\/v2\/pages\/5273"}],"wp:attachment":[{"href":"https:\/\/dev.skrivanek.sk\/hu\/wp-json\/wp\/v2\/media?parent=5302"}],"curies":[{"name":"wp","href":"https:\/\/api.w.org\/{rel}","templated":true}]}}