{"id":5273,"date":"2025-03-25T12:46:33","date_gmt":"2025-03-25T11:46:33","guid":{"rendered":"https:\/\/skrivanek.sk\/jazykova-skola-hu\/"},"modified":"2025-03-26T20:10:37","modified_gmt":"2025-03-26T19:10:37","slug":"nyelviskola","status":"publish","type":"page","link":"https:\/\/dev.skrivanek.sk\/hu\/nyelviskola\/","title":{"rendered":"Nyelviskola"},"content":{"rendered":"<div id=\"pl-5273\"  class=\"panel-layout\" ><div id=\"pg-5273-0\"  class=\"panel-grid panel-has-style\" ><div class=\"siteorigin-panels-stretch panel-row-style panel-row-style-for-5273-0\" data-stretch-type=\"full\" ><div id=\"pgc-5273-0-0\"  class=\"panel-grid-cell\" ><div id=\"panel-5273-0-0-0\" class=\"so-panel widget widget_wpa9-card-m panel-first-child panel-last-child\" data-index=\"0\" ><div\n\t\t\t\n\t\t\tclass=\"so-widget-wpa9-card-m so-widget-wpa9-card-m-default-c93e1481a745-5273\"\n\t\t\t\n\t\t>\n\n<section class=\"wpa9-card wpa9-card-m-container d-flex flex-wrap justify-content-center ydUJCQ\">\n\n\t\n\t\t\n\t\t\t\n\t<article class=\"wpa9-card-m-panel wpa9-panel \">\n\t<div class=\"rounded\">\n\t\t\t\t<header class=\"d-block flex-wrap pb-4\">\n\t\t\t\t\t\t\t<span class=\"wpa9-card-icon icon d-none\" style=\"background-image: url('https:\/\/dev.skrivanek.sk\/wp-content\/uploads\/2021\/01\/ico-kurzy.svg')\"><\/span>\n\t\t\t\t<span class=\"wpa9-card-icon icon\" style=\"mask-image: url(https:\/\/dev.skrivanek.sk\/wp-content\/uploads\/2021\/01\/ico-kurzy.svg); -webkit-mask-image: url(https:\/\/dev.skrivanek.sk\/wp-content\/uploads\/2021\/01\/ico-kurzy.svg);\"><\/span>\n\t\t\t\n\t\t\t\t\t\t\t\t<h2 class=\"wpa9-card-title\">Az egyed\u00fcl\u00e1ll\u00f3 Effecto\u00ae oktat\u00e1si m\u00f3dszer<\/h2>\n\t\t\t\t<\/header>\n\n\t\t\t\t<main class=\"wpa9-card-content\"><p>A nyelvtani szab\u00e1lyok memoriz\u00e1l\u00e1s\u00e1n\u00e1l fontosabb a j\u00f3 meg\u00e9rt\u00e9s. Oktat\u00e1si m\u00f3dszer\u00fcnk feloldja a nyelv\u00e9t.<\/p>\n<\/main>\n\t\t\n\t<\/div>\t<\/article>\n\t\t\n\t\t\t\n\t<article class=\"wpa9-card-m-panel wpa9-panel \">\n\t<div class=\"rounded\">\n\t\t\t\t<header class=\"d-block flex-wrap pb-4\">\n\t\t\t\t\t\t\t<span class=\"wpa9-card-icon icon d-none\" style=\"background-image: url('https:\/\/dev.skrivanek.sk\/wp-content\/uploads\/2021\/01\/ico-lidi.svg')\"><\/span>\n\t\t\t\t<span class=\"wpa9-card-icon icon\" style=\"mask-image: url(https:\/\/dev.skrivanek.sk\/wp-content\/uploads\/2021\/01\/ico-lidi.svg); -webkit-mask-image: url(https:\/\/dev.skrivanek.sk\/wp-content\/uploads\/2021\/01\/ico-lidi.svg);\"><\/span>\n\t\t\t\n\t\t\t\t\t\t\t\t<h2 class=\"wpa9-card-title\">Tanfolyam t\u00edpusok<\/h2>\n\t\t\t\t<\/header>\n\n\t\t\t\t<main class=\"wpa9-card-content\"><p>Egy\u00e9ni, mini csoportos vagy hagyom\u00e1nyos csoportos oktat\u00e1s -\u00a0v\u00e1lassza ki, ami \u00d6nnek megfelel. Online is tanulhat.<\/p>\n<\/main>\n\t\t\n\t<\/div>\t<\/article>\n\t\t\n\t\t\t\n\t<article class=\"wpa9-card-m-panel wpa9-panel \">\n\t<div class=\"rounded\">\n\t\t\t\t<header class=\"d-block flex-wrap pb-4\">\n\t\t\t\t\t\t\t<span class=\"wpa9-card-icon icon d-none\" style=\"background-image: url('https:\/\/dev.skrivanek.sk\/wp-content\/uploads\/2021\/01\/ico-soudnipreklad.svg')\"><\/span>\n\t\t\t\t<span class=\"wpa9-card-icon icon\" style=\"mask-image: url(https:\/\/dev.skrivanek.sk\/wp-content\/uploads\/2021\/01\/ico-soudnipreklad.svg); -webkit-mask-image: url(https:\/\/dev.skrivanek.sk\/wp-content\/uploads\/2021\/01\/ico-soudnipreklad.svg);\"><\/span>\n\t\t\t\n\t\t\t\t\t\t\t\t<h2 class=\"wpa9-card-title\">Nyelvvizsg\u00e1k<\/h2>\n\t\t\t\t<\/header>\n\n\t\t\t\t<main class=\"wpa9-card-content\"><p>Az Educational Testing Service hivatalos vizsgak\u00f6zpontja \u00e9s Cambridge English Language nyelvvizsga-felk\u00e9sz\u00edt\u0151 k\u00f6zpontja vagyunk.<\/p>\n<\/main>\n\t\t\n\t<\/div>\t<\/article>\n\t\t\n\t\t\t\n\t<article class=\"wpa9-card-m-panel wpa9-panel  hidden\">\n\t<div class=\"rounded\">\n\t\t\t\t<header class=\"d-block flex-wrap pb-4\">\n\t\t\t\t\t\t\t<span class=\"wpa9-card-icon icon d-none\" style=\"background-image: url('https:\/\/dev.skrivanek.sk\/wp-content\/uploads\/2021\/01\/ico-lokalizace.svg')\"><\/span>\n\t\t\t\t<span class=\"wpa9-card-icon icon\" style=\"mask-image: url(https:\/\/dev.skrivanek.sk\/wp-content\/uploads\/2021\/01\/ico-lokalizace.svg); -webkit-mask-image: url(https:\/\/dev.skrivanek.sk\/wp-content\/uploads\/2021\/01\/ico-lokalizace.svg);\"><\/span>\n\t\t\t\n\t\t\t\t\t\t\t\t<h2 class=\"wpa9-card-title\">Tanuljon vel\u00fcnk!<\/h2>\n\t\t\t\t<\/header>\n\n\t\t\t\t<main class=\"wpa9-card-content\"><p>Tekintse meg az idegen nyelvek tanul\u00e1s\u00e1t seg\u00edt\u0151 tippeket, tr\u00fckk\u00f6ket \u00e9s tan\u00e1csokat. Adja \u00e1t mag\u00e1t a nyeleknek!<\/p>\n<\/main>\n\t\t\n\t<\/div>\t<\/article>\n\t\t\n\t\t\t\n\t<article class=\"wpa9-card-m-panel wpa9-panel  hidden\">\n\t<div class=\"rounded\">\n\t\t\t\t<header class=\"d-block flex-wrap pb-4\">\n\t\t\t\t\t\t\t<span class=\"wpa9-card-icon icon d-none\" style=\"background-image: url('https:\/\/dev.skrivanek.sk\/wp-content\/uploads\/2021\/01\/ico-lidi.svg')\"><\/span>\n\t\t\t\t<span class=\"wpa9-card-icon icon\" style=\"mask-image: url(https:\/\/dev.skrivanek.sk\/wp-content\/uploads\/2021\/01\/ico-lidi.svg); -webkit-mask-image: url(https:\/\/dev.skrivanek.sk\/wp-content\/uploads\/2021\/01\/ico-lidi.svg);\"><\/span>\n\t\t\t\n\t\t\t\t\t\t\t\t<h2 class=\"wpa9-card-title\">Oktat\u00f3ink<\/h2>\n\t\t\t\t<\/header>\n\n\t\t\t\t<main class=\"wpa9-card-content\"><p>Oktat\u00f3ink szigor\u00fa kiv\u00e1laszt\u00e1si folyamaton \u00e9s folyamatos tesztel\u00e9sen mennek kereszt\u00fcl, \u00e9s gondoskodunk a tov\u00e1bbi k\u00e9pz\u00e9s\u00fckr\u0151l is. Ennek k\u00f6sz\u00f6nhet\u0151en \u00d6n hozz\u00e1f\u00e9rhet a Szlov\u00e1k K\u00f6zt\u00e1rsas\u00e1gb\u00f3l \u00e9s a vil\u00e1g minden t\u00e1j\u00e1r\u00f3l \u00e9rkez\u0151 k\u00e9pzett szakemberekhez.<\/p>\n<\/main>\n\t\t\n\t<\/div>\t<\/article>\n\t\t\n\n\t\t<a href=\"javascript:void(0);\" class=\"btn wpa9-cards-toggler\" data-wpa9-card=\"ydUJCQ\">Show all<\/a>\n\t\n<\/section>\n<\/div><\/div><\/div><\/div><\/div><div id=\"pg-5273-1\"  class=\"panel-grid panel-no-style\" ><div id=\"pgc-5273-1-0\"  class=\"panel-grid-cell\" ><div id=\"panel-5273-1-0-0\" class=\"so-panel widget widget_skrv-incl-widget panel-first-child panel-last-child\" data-index=\"1\" ><div\n\t\t\t\n\t\t\tclass=\"so-widget-skrv-incl-widget so-widget-skrv-incl-widget-default-c93e1481a745-5273\"\n\t\t\t\n\t\t><div id=\"pl-5836\"  class=\"panel-layout\" ><div id=\"pg-5836-0\"  class=\"panel-grid panel-no-style\" ><div id=\"pgc-5836-0-0\"  class=\"panel-grid-cell\" ><div id=\"panel-5836-0-0-0\" class=\"so-panel widget widget_wpa9-steps panel-first-child panel-last-child\" data-index=\"0\" ><div\n\t\t\t\n\t\t\tclass=\"so-widget-wpa9-steps so-widget-wpa9-steps-default-c93e1481a745-5273\"\n\t\t\t\n\t\t><h3 class=\"widget-title\">Szem\u00e9lyre szabott k\u00e9pz\u00e9si program<\/h3><div class=\"wpa9-steps\">\n\t<div class=\"wpa9-steps-togglers d-flex flex-wrap justify-content-center\" data-wpa9-interval=\"7000\">\n\t\t\t\n\t\t<div class=\"wpa9-steps-toggler-wrapper wpa9-steps-active\" id=\"wpa9-steps-toggler-panel-0\">\n\t\t\t<div class=\"wpa9-steps-toggler f-headlines d-flex align-items-center justify-content-center\" data-content=\"panel-0\" role=\"button\">\n\t\t\t\t\t\t\t\t<span class=\"wpa9-step-title\">Egy\u00e9ni tand\u00edj<\/span>\n\t\t\t\t\t\t\t<\/div>\n\t\t\t<div class=\"wpa9-steps-decoration\"><\/div>\n\t\t<\/div>\n\t\t<div class=\"wpa9-steps-content wpa9-steps-active\" role=\"region\" id=\"wpa9-steps-content-panel-0\">\n\t\t\t<p>Nem tudsz l\u00e9p\u00e9st tartani a csoportos tanfolyamokkal? Nem baj, tanulj akkor is, ha kev\u00e9s szabadid\u0151d van.<\/p>\n\t\t<\/div>\n\t\t<div class=\"wpa9-steps-hyphen hyphen-visible\"><\/div>\t\t\t\n\t\t<div class=\"wpa9-steps-toggler-wrapper\" id=\"wpa9-steps-toggler-panel-1\">\n\t\t\t<div class=\"wpa9-steps-toggler f-headlines d-flex align-items-center justify-content-center\" data-content=\"panel-1\" role=\"button\">\n\t\t\t\t\t\t\t\t<span class=\"wpa9-step-title\">Flexi-tanfolyamok: mini-csoportos oktat\u00e1s<\/span>\n\t\t\t\t\t\t\t<\/div>\n\t\t\t<div class=\"wpa9-steps-decoration\"><\/div>\n\t\t<\/div>\n\t\t<div class=\"wpa9-steps-content\" role=\"region\" id=\"wpa9-steps-content-panel-1\">\n\t\t\t<p>2-8 hasonl\u00f3 nyelvi szint\u0171 di\u00e1k gyorsan fejleszti a besz\u00e9lt nyelvtud\u00e1s\u00e1t a rugalmas tanfolyamoknak k\u00f6sz\u00f6nhet\u0151en.<\/p>\n\t\t<\/div>\n\t\t<div class=\"wpa9-steps-hyphen hyphen-visible\"><\/div>\t\t\t\n\t\t<div class=\"wpa9-steps-toggler-wrapper\" id=\"wpa9-steps-toggler-panel-2\">\n\t\t\t<div class=\"wpa9-steps-toggler f-headlines d-flex align-items-center justify-content-center\" data-content=\"panel-2\" role=\"button\">\n\t\t\t\t\t\t\t\t<span class=\"wpa9-step-title\">Csoportos oktat\u00e1s<\/span>\n\t\t\t\t\t\t\t<\/div>\n\t\t\t<div class=\"wpa9-steps-decoration\"><\/div>\n\t\t<\/div>\n\t\t<div class=\"wpa9-steps-content\" role=\"region\" id=\"wpa9-steps-content-panel-2\">\n\t\t\t<div class=\"box-content\">\n<p>17 nyelvet tan\u00edtunk 48 nyelvtanfolyamon, amelyek c\u00e9lja a kommunik\u00e1ci\u00f3s k\u00e9szs\u00e9gek fejleszt\u00e9se. V\u00e1lassza ki az \u00d6n sz\u00e1m\u00e1ra tartalmilag \u00e9s id\u0151ben legmegfelel\u0151bb tanfolyamot. Kezdje el most!<\/p>\n<\/div>\n\t\t<\/div>\n\t\t<div class=\"wpa9-steps-hyphen hyphen-visible\"><\/div>\t\t\t\n\t\t<div class=\"wpa9-steps-toggler-wrapper\" id=\"wpa9-steps-toggler-panel-3\">\n\t\t\t<div class=\"wpa9-steps-toggler f-headlines d-flex align-items-center justify-content-center\" data-content=\"panel-3\" role=\"button\">\n\t\t\t\t\t\t\t\t<span class=\"wpa9-step-title\">Online tanul\u00e1s \u00e9s Skype-tanfolyamok<\/span>\n\t\t\t\t\t\t\t<\/div>\n\t\t\t<div class=\"wpa9-steps-decoration\"><\/div>\n\t\t<\/div>\n\t\t<div class=\"wpa9-steps-content\" role=\"region\" id=\"wpa9-steps-content-panel-3\">\n\t\t\t<p>Nem tudsz l\u00e9p\u00e9st tartani az egy\u00e9ni vagy csoportos tanfolyamokkal? Nem baj, tanulj akkor is, ha kev\u00e9s szabadid\u0151d van.<\/p>\n\t\t<\/div>\n\t\t\t\t<\/div>\n\t<div class=\"wpa9-steps-contents-wrapper\">\n\t\t\t\t\t<div class=\"wpa9-steps-content _step_4_1 wpa9-steps-active\" role=\"region\" id=\"wpa9-steps-content-panel-0\">\n\t\t\t<p>Nem tudsz l\u00e9p\u00e9st tartani a csoportos tanfolyamokkal? Nem baj, tanulj akkor is, ha kev\u00e9s szabadid\u0151d van.<\/p>\n\t\t<\/div>\n\t\t\t\t\t<div class=\"wpa9-steps-content _step_4_2\" role=\"region\" id=\"wpa9-steps-content-panel-1\">\n\t\t\t<p>2-8 hasonl\u00f3 nyelvi szint\u0171 di\u00e1k gyorsan fejleszti a besz\u00e9lt nyelvtud\u00e1s\u00e1t a rugalmas tanfolyamoknak k\u00f6sz\u00f6nhet\u0151en.<\/p>\n\t\t<\/div>\n\t\t\t\t\t<div class=\"wpa9-steps-content _step_4_3\" role=\"region\" id=\"wpa9-steps-content-panel-2\">\n\t\t\t<div class=\"box-content\">\n<p>17 nyelvet tan\u00edtunk 48 nyelvtanfolyamon, amelyek c\u00e9lja a kommunik\u00e1ci\u00f3s k\u00e9szs\u00e9gek fejleszt\u00e9se. V\u00e1lassza ki az \u00d6n sz\u00e1m\u00e1ra tartalmilag \u00e9s id\u0151ben legmegfelel\u0151bb tanfolyamot. Kezdje el most!<\/p>\n<\/div>\n\t\t<\/div>\n\t\t\t\t\t<div class=\"wpa9-steps-content _step_4_4\" role=\"region\" id=\"wpa9-steps-content-panel-3\">\n\t\t\t<p>Nem tudsz l\u00e9p\u00e9st tartani az egy\u00e9ni vagy csoportos tanfolyamokkal? Nem baj, tanulj akkor is, ha kev\u00e9s szabadid\u0151d van.<\/p>\n\t\t<\/div>\n\t\t<\/div>\n\t<\/div>\n<\/div><\/div><\/div><\/div><\/div><\/div><\/div><\/div><\/div><div id=\"pg-5273-2\"  class=\"panel-grid panel-no-style\" ><div id=\"pgc-5273-2-0\"  class=\"panel-grid-cell\" ><div id=\"panel-5273-2-0-0\" class=\"so-panel widget widget_wpa9-card-s panel-first-child panel-last-child\" data-index=\"2\" ><div\n\t\t\t\n\t\t\tclass=\"so-widget-wpa9-card-s so-widget-wpa9-card-s-default-c93e1481a745-5273\"\n\t\t\t\n\t\t><div class=\"wpa9-card wpa9-card-s narrow positive\">\n\n\t<div class=\"wpa9-card-wrapper container\">\n\n\t\t<div class=\"wpa9-card-text\">\n\t\t\t<h2 class=\"wpa9-card-title\">Nem tal\u00e1lt megfelel\u0151 nyelvtanfolyamot?<\/h2>\n\t\t\t<div class=\"wpa9-card-content\"><p style=\"text-align: center\">Szem\u00e9lyre szabott nyelvtanfolyamokat\u00a0k\u00e9sz\u00edt\u00fcnk.<\/p>\n<\/div>\t\t<\/div>\n\n\t\t\t\t<div class=\"meta meta-buttons d-flex flex-row justify-content-center\">\n\t\t\t\t\t\t\t<a class=\"btn btn-negative show-inquiry-form\" href=\"https:\/\/dev.skrivanek.sk\/dopyt\/\" title=\"Rendel\u00e9s k\u00fcld\u00e9se\">Rendel\u00e9s k\u00fcld\u00e9se<\/a>\n\t\t\t\t<\/div>\n\t\t\n\t<\/div>\n\n<\/div>\n<\/div><\/div><\/div><\/div><\/div>","protected":false},"excerpt":{"rendered":"<p>Az egyed\u00fcl\u00e1ll\u00f3 Effecto\u00ae oktat\u00e1si m\u00f3dszer A nyelvtani szab\u00e1lyok memoriz\u00e1l\u00e1s\u00e1n\u00e1l fontosabb a j\u00f3 meg\u00e9rt\u00e9s. Oktat\u00e1si m\u00f3dszer\u00fcnk feloldja a nyelv\u00e9t. Tanfolyam t\u00edpusok Egy\u00e9ni, mini csoportos vagy hagyom\u00e1nyos csoportos oktat\u00e1s &#8211;\u00a0v\u00e1lassza ki, ami \u00d6nnek megfelel. Online is tanulhat. Nyelvvizsg\u00e1k Az Educational Testing Service hivatalos vizsgak\u00f6zpontja \u00e9s Cambridge English Language nyelvvizsga-felk\u00e9sz\u00edt\u0151 k\u00f6zpontja vagyunk. Tanuljon vel\u00fcnk! Tekintse meg az idegen [&hellip;]<\/p>\n","protected":false},"author":1,"featured_media":0,"parent":0,"menu_order":0,"comment_status":"closed","ping_status":"closed","template":"","meta":{"_acf_changed":false,"footnotes":""},"class_list":["post-5273","page","type-page","status-publish","hentry"],"acf":[],"_links":{"self":[{"href":"https:\/\/dev.skrivanek.sk\/hu\/wp-json\/wp\/v2\/pages\/5273","targetHints":{"allow":["GET"]}}],"collection":[{"href":"https:\/\/dev.skrivanek.sk\/hu\/wp-json\/wp\/v2\/pages"}],"about":[{"href":"https:\/\/dev.skrivanek.sk\/hu\/wp-json\/wp\/v2\/types\/page"}],"author":[{"embeddable":true,"href":"https:\/\/dev.skrivanek.sk\/hu\/wp-json\/wp\/v2\/users\/1"}],"replies":[{"embeddable":true,"href":"https:\/\/dev.skrivanek.sk\/hu\/wp-json\/wp\/v2\/comments?post=5273"}],"version-history":[{"count":5,"href":"https:\/\/dev.skrivanek.sk\/hu\/wp-json\/wp\/v2\/pages\/5273\/revisions"}],"predecessor-version":[{"id":5839,"href":"https:\/\/dev.skrivanek.sk\/hu\/wp-json\/wp\/v2\/pages\/5273\/revisions\/5839"}],"wp:attachment":[{"href":"https:\/\/dev.skrivanek.sk\/hu\/wp-json\/wp\/v2\/media?parent=5273"}],"curies":[{"name":"wp","href":"https:\/\/api.w.org\/{rel}","templated":true}]}}