{"id":5261,"date":"2025-03-25T12:17:45","date_gmt":"2025-03-25T11:17:45","guid":{"rendered":"https:\/\/skrivanek.sk\/expressz-forditasok\/"},"modified":"2025-03-26T19:48:19","modified_gmt":"2025-03-26T18:48:19","slug":"expressz-forditasok","status":"publish","type":"page","link":"https:\/\/dev.skrivanek.sk\/hu\/forditasok\/expressz-forditasok\/","title":{"rendered":"Expressz ford\u00edt\u00e1sok"},"content":{"rendered":"<div id=\"pl-5261\"  class=\"panel-layout\" ><div id=\"pg-5261-0\"  class=\"panel-grid panel-has-style\" ><div class=\"siteorigin-panels-stretch panel-row-style panel-row-style-for-5261-0\" data-stretch-type=\"full\" ><div id=\"pgc-5261-0-0\"  class=\"panel-grid-cell\" ><div id=\"panel-5261-0-0-0\" class=\"so-panel widget widget_wpa9-card-l panel-first-child panel-last-child\" data-index=\"0\" ><div\n\t\t\t\n\t\t\tclass=\"so-widget-wpa9-card-l so-widget-wpa9-card-l-default-c93e1481a745-5261\"\n\t\t\t\n\t\t>\n\n<div class=\"wpa9-card wpa9-card-l-container d-flex flex-wrap wpa9-columns-2\">\n\n\t\n\t\t\n\t<div class=\"wpa9-card-l-panel wpa9-panel shadow rounded d-flex flex-column justify-content-between\">\n\n\t\t<div>\n\t\t\t\t\t\t\t<span class=\"wpa9-panel-icon icon\" style=\"display: none; background-image: url('https:\/\/dev.skrivanek.sk\/wp-content\/uploads\/2021\/01\/ico-expresnipreklad.svg')\"><\/span>\n\t\t\t<span class=\"wpa9-panel-icon icon\" style=\"mask-image: url(https:\/\/dev.skrivanek.sk\/wp-content\/uploads\/2021\/01\/ico-expresnipreklad.svg); -webkit-mask-image: url(https:\/\/dev.skrivanek.sk\/wp-content\/uploads\/2021\/01\/ico-expresnipreklad.svg);\"><\/span>\n\t\t\n\t\t\t\t\t\t\t\t<h2 class=\"wpa9-panel-title\">Expressz ford\u00edt\u00e1sok<\/h2>\n\t\t\n\t\t\t\t\t\t\t<div class=\"wpa9-panel-content\"><p>Sz\u00fcks\u00e9ge van arra, hogy gyorsan leford\u00edtson szem\u00e9lyes levelez\u00e9st vagy egy\u00e9b sz\u00f6vegeket? Le fogjuk ford\u00edtani a marketinganyagokat, weboldalakat vagy diplomamunk\u00e1kat is. Gyorsabban, mint ahogy v\u00e1rn\u00e1.<\/p>\n<\/div>\n\t\t\t\t<\/div>\n\n\t\t\t\t<div class=\"meta meta-buttons d-flex flex-column flex-sm-row justify-content-center\">\n\t\t\t\t\t\t\t<a class=\"btn btn-negative show-inquiry-form\" href=\"https:\/\/dev.skrivanek.sk\/dopyt\/\" title=\"Rendel\u00e9s k\u00fcld\u00e9se\">Rendel\u00e9s k\u00fcld\u00e9se<\/a>\n\t\t\t\t<\/div>\n\t\t\n\t<\/div>\n\n\t\t\n\t\n<\/div>\n<\/div><\/div><\/div><\/div><\/div><div id=\"pg-5261-1\"  class=\"panel-grid panel-no-style\" ><div id=\"pgc-5261-1-0\"  class=\"panel-grid-cell\" ><div id=\"panel-5261-1-0-0\" class=\"so-panel widget widget_skrv-incl-widget panel-first-child panel-last-child\" data-index=\"1\" ><div\n\t\t\t\n\t\t\tclass=\"so-widget-skrv-incl-widget so-widget-skrv-incl-widget-default-c93e1481a745-5261\"\n\t\t\t\n\t\t><div id=\"pl-5741\"  class=\"panel-layout\" ><div id=\"pg-5741-0\"  class=\"panel-grid panel-no-style\" ><div id=\"pgc-5741-0-0\"  class=\"panel-grid-cell\" ><div id=\"panel-5741-0-0-0\" class=\"so-panel widget widget_wpa9-accordion panel-first-child panel-last-child\" data-index=\"0\" ><div\n\t\t\t\n\t\t\tclass=\"so-widget-wpa9-accordion so-widget-wpa9-accordion-default-c93e1481a745-5261\"\n\t\t\t\n\t\t><h3 class=\"widget-title\">Gyakran k\u00e9rdezitek.<\/h3><div class=\"wpa9-accordion\">\n\t<div class=\"wpa9-accordion-panel\" id=\"wpa9-accordion-panel-milyen-formatumban-kuldhetem-el\">\n\n\t\t<div class=\"wpa9-accordion-toggler d-flex\" data-panel=\"milyen-formatumban-kuldhetem-el\" role=\"button\" aria-controls=\"wpa9-accordion-panel-milyen-formatumban-kuldhetem-el\" aria-expanded=\"false\">\n\n\t\t\t<div class=\"wpa9-accordion-icon wpa9-accordion-icon-open\"><\/div>\n\n\t\t\t<div class=\"wpa9-accordion-title\">Milyen form\u00e1tumban k\u00fcldhetem el?<\/div>\n\n\t\t<\/div>\n\n\t\t<div class=\"wpa9-accordion-content\" role=\"region\">\n\t\t\t<p>B\u00e1rmilyen. Nem sz\u00e1m\u00edt, milyen form\u00e1tumban k\u00fcldi el nek\u00fcnk, boldogulunk az inx, indd, PDF f\u00e1jlokkal, leford\u00edtjuk az \u00d6n weboldal\u00e1t \u00e9s m\u00e9g sok m\u00e1st.<\/p>\n\t\t<\/div>\n\n\t<\/div>\n\t<div class=\"wpa9-accordion-panel\" id=\"wpa9-accordion-panel-mennyibe-fog-ez-kerulni\">\n\n\t\t<div class=\"wpa9-accordion-toggler d-flex\" data-panel=\"mennyibe-fog-ez-kerulni\" role=\"button\" aria-controls=\"wpa9-accordion-panel-mennyibe-fog-ez-kerulni\" aria-expanded=\"false\">\n\n\t\t\t<div class=\"wpa9-accordion-icon wpa9-accordion-icon-open\"><\/div>\n\n\t\t\t<div class=\"wpa9-accordion-title\">Mennyibe fog ez ker\u00fclni?<\/div>\n\n\t\t<\/div>\n\n\t\t<div class=\"wpa9-accordion-content\" role=\"region\">\n\t\t\t<p>A pontos \u00e1rat el\u0151re megtudhatja egyetlen sz\u00f3val. Egyszer\u0171en k\u00fcldje el a megrendel\u00e9st, \u00e9s mi megmondjuk, mennyibe ker\u00fclne a ford\u00edt\u00e1s.<\/p>\n\t\t<\/div>\n\n\t<\/div>\n\t<div class=\"wpa9-accordion-panel\" id=\"wpa9-accordion-panel-mikor-lesz-kesz-a-forditas\">\n\n\t\t<div class=\"wpa9-accordion-toggler d-flex\" data-panel=\"mikor-lesz-kesz-a-forditas\" role=\"button\" aria-controls=\"wpa9-accordion-panel-mikor-lesz-kesz-a-forditas\" aria-expanded=\"false\">\n\n\t\t\t<div class=\"wpa9-accordion-icon wpa9-accordion-icon-open\"><\/div>\n\n\t\t\t<div class=\"wpa9-accordion-title\">Mikor lesz k\u00e9sz a ford\u00edt\u00e1s?<\/div>\n\n\t\t<\/div>\n\n\t\t<div class=\"wpa9-accordion-content\" role=\"region\">\n\t\t\t<p>Pontosan abban az id\u0151pontban, amelyet el\u0151re megbesz\u00e9l\u00fcnk.<\/p>\n\t\t<\/div>\n\n\t<\/div>\n<\/div>\n<\/div><\/div><\/div><\/div><\/div><\/div><\/div><\/div><\/div><div id=\"pg-5261-2\"  class=\"panel-grid panel-no-style\" ><div id=\"pgc-5261-2-0\"  class=\"panel-grid-cell\" ><div id=\"panel-5261-2-0-0\" class=\"so-panel widget widget_skrv-incl-widget panel-first-child panel-last-child\" data-index=\"2\" ><div\n\t\t\t\n\t\t\tclass=\"so-widget-skrv-incl-widget so-widget-skrv-incl-widget-default-c93e1481a745-5261\"\n\t\t\t\n\t\t><div id=\"pl-5744\"  class=\"panel-layout\" ><div id=\"pg-5744-0\"  class=\"panel-grid panel-no-style\" ><div id=\"pgc-5744-0-0\"  class=\"panel-grid-cell\" ><div id=\"panel-5744-0-0-0\" class=\"so-panel widget widget_wpa9-card-s panel-first-child panel-last-child\" data-index=\"0\" ><div\n\t\t\t\n\t\t\tclass=\"so-widget-wpa9-card-s so-widget-wpa9-card-s-default-c93e1481a745-5261\"\n\t\t\t\n\t\t><div class=\"wpa9-card wpa9-card-s narrow positive\">\n\n\t<div class=\"wpa9-card-wrapper container\">\n\n\t\t<div class=\"wpa9-card-text\">\n\t\t\t<h2 class=\"wpa9-card-title\">A sz\u00f3t pontosan tudni fogja el\u0151re.<\/h2>\n\t\t\t\t\t<\/div>\n\n\t\t\t\t<div class=\"meta meta-buttons d-flex flex-row justify-content-center\">\n\t\t\t\t\t\t\t<a class=\"btn btn-negative show-inquiry-form\" href=\"https:\/\/dev.skrivanek.sk\/dopyt\/\" title=\"Megrendel\u00e9s elk\u00fcld\u00e9se\">Megrendel\u00e9s elk\u00fcld\u00e9se<\/a>\n\t\t\t\t<\/div>\n\t\t\n\t<\/div>\n\n<\/div>\n<\/div><\/div><\/div><\/div><\/div><\/div><\/div><\/div><\/div><\/div>","protected":false},"excerpt":{"rendered":"<p>Expressz ford\u00edt\u00e1sok Sz\u00fcks\u00e9ge van arra, hogy gyorsan leford\u00edtson szem\u00e9lyes levelez\u00e9st vagy egy\u00e9b sz\u00f6vegeket? Le fogjuk ford\u00edtani a marketinganyagokat, weboldalakat vagy diplomamunk\u00e1kat is. Gyorsabban, mint ahogy v\u00e1rn\u00e1. Rendel\u00e9s k\u00fcld\u00e9se Gyakran k\u00e9rdezitek. Milyen form\u00e1tumban k\u00fcldhetem el? B\u00e1rmilyen. Nem sz\u00e1m\u00edt, milyen form\u00e1tumban k\u00fcldi el nek\u00fcnk, boldogulunk az inx, indd, PDF f\u00e1jlokkal, leford\u00edtjuk az \u00d6n weboldal\u00e1t \u00e9s m\u00e9g sok [&hellip;]<\/p>\n","protected":false},"author":1,"featured_media":0,"parent":5424,"menu_order":0,"comment_status":"closed","ping_status":"closed","template":"","meta":{"_acf_changed":false,"footnotes":""},"class_list":["post-5261","page","type-page","status-publish","hentry"],"acf":[],"_links":{"self":[{"href":"https:\/\/dev.skrivanek.sk\/hu\/wp-json\/wp\/v2\/pages\/5261","targetHints":{"allow":["GET"]}}],"collection":[{"href":"https:\/\/dev.skrivanek.sk\/hu\/wp-json\/wp\/v2\/pages"}],"about":[{"href":"https:\/\/dev.skrivanek.sk\/hu\/wp-json\/wp\/v2\/types\/page"}],"author":[{"embeddable":true,"href":"https:\/\/dev.skrivanek.sk\/hu\/wp-json\/wp\/v2\/users\/1"}],"replies":[{"embeddable":true,"href":"https:\/\/dev.skrivanek.sk\/hu\/wp-json\/wp\/v2\/comments?post=5261"}],"version-history":[{"count":4,"href":"https:\/\/dev.skrivanek.sk\/hu\/wp-json\/wp\/v2\/pages\/5261\/revisions"}],"predecessor-version":[{"id":5753,"href":"https:\/\/dev.skrivanek.sk\/hu\/wp-json\/wp\/v2\/pages\/5261\/revisions\/5753"}],"up":[{"embeddable":true,"href":"https:\/\/dev.skrivanek.sk\/hu\/wp-json\/wp\/v2\/pages\/5424"}],"wp:attachment":[{"href":"https:\/\/dev.skrivanek.sk\/hu\/wp-json\/wp\/v2\/media?parent=5261"}],"curies":[{"name":"wp","href":"https:\/\/api.w.org\/{rel}","templated":true}]}}