{"id":5147,"date":"2025-03-28T09:13:06","date_gmt":"2025-03-28T08:13:06","guid":{"rendered":"https:\/\/skrivanek.sk\/certified-translations\/"},"modified":"2025-03-28T09:46:00","modified_gmt":"2025-03-28T08:46:00","slug":"certified-translations","status":"publish","type":"page","link":"https:\/\/dev.skrivanek.sk\/en\/translations\/certified-translations\/","title":{"rendered":"Certified translations"},"content":{"rendered":"<div id=\"pl-5147\"  class=\"panel-layout\" ><div id=\"pg-5147-0\"  class=\"panel-grid panel-has-style\" ><div class=\"siteorigin-panels-stretch panel-row-style panel-row-style-for-5147-0\" data-stretch-type=\"full\" ><div id=\"pgc-5147-0-0\"  class=\"panel-grid-cell\" ><div id=\"panel-5147-0-0-0\" class=\"so-panel widget widget_wpa9-card-l panel-first-child panel-last-child\" data-index=\"0\" ><div\n\t\t\t\n\t\t\tclass=\"so-widget-wpa9-card-l so-widget-wpa9-card-l-default-c93e1481a745-5147\"\n\t\t\t\n\t\t>\n\n<div class=\"wpa9-card wpa9-card-l-container d-flex flex-wrap wpa9-columns-2\">\n\n\t\n\t\t\n\t<div class=\"wpa9-card-l-panel wpa9-panel shadow rounded d-flex flex-column justify-content-between\">\n\n\t\t<div>\n\t\t\t\t\t\t\t<span class=\"wpa9-panel-icon icon\" style=\"display: none; background-image: url('https:\/\/dev.skrivanek.sk\/wp-content\/uploads\/2021\/01\/ico-soudnipreklad.svg')\"><\/span>\n\t\t\t<span class=\"wpa9-panel-icon icon\" style=\"mask-image: url(https:\/\/dev.skrivanek.sk\/wp-content\/uploads\/2021\/01\/ico-soudnipreklad.svg); -webkit-mask-image: url(https:\/\/dev.skrivanek.sk\/wp-content\/uploads\/2021\/01\/ico-soudnipreklad.svg);\"><\/span>\n\t\t\n\t\t\t\t\t\t\t\t<h2 class=\"wpa9-panel-title\">Certified translations<\/h2>\n\t\t\n\t\t\t\t\t\t\t<div class=\"wpa9-panel-content\"><div class=\"box-content\">\n<p>We can translate diplomas and certificates, official documents, authorisations, medical reports and other documents. The fact that the translation matches the original text is confirmed by the attached clause with the stamp of the certified translator. Stamped translations are important for courts or other state\u00a0institutions.<\/p>\n<\/div>\n<div class=\"box-proscons\">\n<div class=\"box-proscons__item\">\n<ul>\n<li class=\"innerText\">100% match with the original text and a certified translator\u2019s stamp for state institutions and courts<\/li>\n<li class=\"innerText\">Correct terminology with regard to the purpose of translation<\/li>\n<li class=\"innerText\">We cooperate with certified translators appointed in accordance with Act No. 382\/2004 Coll. on experts, interpreters and translators by the relevant regional court or the Ministry of Justice of the Slovak Republic.<\/li>\n<\/ul>\n<\/div>\n<\/div>\n<\/div>\n\t\t\t\t<\/div>\n\n\t\t\t\t<div class=\"meta meta-buttons d-flex flex-column flex-sm-row justify-content-centre\">\n\t\t\t\t\t\t\t<a class=\"btn btn-negative show-inquiry-form\" href=\"https:\/\/dev.skrivanek.sk\/dopyt\/\" title=\"Send order\">Send order<\/a>\n\t\t\t\t<\/div>\n\t\t\n\t<\/div>\n\n\t\t\n\t<div class=\"wpa9-card-l-panel wpa9-panel shadow rounded d-flex flex-column justify-content-between\">\n\n\t\t<div>\n\t\t\t\t\t\t\t<span class=\"wpa9-panel-icon icon\" style=\"display: none; background-image: url('https:\/\/dev.skrivanek.sk\/wp-content\/uploads\/2021\/01\/ico-soudnipreklad.svg')\"><\/span>\n\t\t\t<span class=\"wpa9-panel-icon icon\" style=\"mask-image: url(https:\/\/dev.skrivanek.sk\/wp-content\/uploads\/2021\/01\/ico-soudnipreklad.svg); -webkit-mask-image: url(https:\/\/dev.skrivanek.sk\/wp-content\/uploads\/2021\/01\/ico-soudnipreklad.svg);\"><\/span>\n\t\t\n\t\t\t\t\t\t\t\t<h2 class=\"wpa9-panel-title\">Types of texts<\/h2>\n\t\t\n\t\t\t\t\t\t\t<div class=\"wpa9-panel-content\"><ul>\n<li>Translation of diplomas and school reports<\/li>\n<li>Translation of official documents<\/li>\n<li>Translation of marriage certificates, death certificates, birth certificates<\/li>\n<li>Translation of criminal record extracts<\/li>\n<li>Translation of authorisation<\/li>\n<li>Translation of medical reports<\/li>\n<li>Translation of audit reports and certificates<\/li>\n<\/ul>\n<\/div>\n\t\t\t\t<\/div>\n\n\t\t\t\t<div class=\"meta meta-buttons d-flex flex-column flex-sm-row justify-content-centre\">\n\t\t\t\t\t\t\t<a class=\"btn btn-negative show-inquiry-form\" href=\"https:\/\/dev.skrivanek.sk\/dopyt\/\" title=\"Send order\">Send order<\/a>\n\t\t\t\t<\/div>\n\t\t\n\t<\/div>\n\n\t\t\n\t\n<\/div>\n<\/div><\/div><\/div><\/div><\/div><div id=\"pg-5147-1\"  class=\"panel-grid panel-no-style\" ><div id=\"pgc-5147-1-0\"  class=\"panel-grid-cell\" ><div id=\"panel-5147-1-0-0\" class=\"so-panel widget widget_skrv-incl-widget panel-first-child panel-last-child\" data-index=\"1\" ><div\n\t\t\t\n\t\t\tclass=\"so-widget-skrv-incl-widget so-widget-skrv-incl-widget-default-c93e1481a745-5147\"\n\t\t\t\n\t\t><div id=\"pl-5953\"  class=\"panel-layout\" ><div id=\"pg-5953-0\"  class=\"panel-grid panel-no-style\" ><div id=\"pgc-5953-0-0\"  class=\"panel-grid-cell\" ><div id=\"panel-5953-0-0-0\" class=\"so-panel widget widget_wpa9-accordion panel-first-child panel-last-child\" data-index=\"0\" ><div\n\t\t\t\n\t\t\tclass=\"so-widget-wpa9-accordion so-widget-wpa9-accordion-default-c93e1481a745-5147\"\n\t\t\t\n\t\t><h3 class=\"widget-title\">FAQs<\/h3><div class=\"wpa9-accordion\">\n\t<div class=\"wpa9-accordion-panel\" id=\"wpa9-accordion-panel-what-format-can-i-send-you\">\n\n\t\t<div class=\"wpa9-accordion-toggler d-flex\" data-panel=\"what-format-can-i-send-you\" role=\"button\" aria-controls=\"wpa9-accordion-panel-what-format-can-i-send-you\" aria-expanded=\"false\">\n\n\t\t\t<div class=\"wpa9-accordion-icon wpa9-accordion-icon-open\"><\/div>\n\n\t\t\t<div class=\"wpa9-accordion-title\">What format can I send you?<\/div>\n\n\t\t<\/div>\n\n\t\t<div class=\"wpa9-accordion-content\" role=\"region\">\n\t\t\t<p>Any. It doesn\u2019t matter what format you send us, as we can handle inx, indd, PDF, translate your website and many other formats.<\/p>\n\t\t<\/div>\n\n\t<\/div>\n\t<div class=\"wpa9-accordion-panel\" id=\"wpa9-accordion-panel-how-much-will-it-cost\">\n\n\t\t<div class=\"wpa9-accordion-toggler d-flex\" data-panel=\"how-much-will-it-cost\" role=\"button\" aria-controls=\"wpa9-accordion-panel-how-much-will-it-cost\" aria-expanded=\"false\">\n\n\t\t\t<div class=\"wpa9-accordion-icon wpa9-accordion-icon-open\"><\/div>\n\n\t\t\t<div class=\"wpa9-accordion-title\">How much will it cost?<\/div>\n\n\t\t<\/div>\n\n\t\t<div class=\"wpa9-accordion-content\" role=\"region\">\n\t\t\t<p>You will know the price in advance, accurate to the last word. Simply send us an inquiry, and we will tell you how much the translation will cost.<\/p>\n\t\t<\/div>\n\n\t<\/div>\n\t<div class=\"wpa9-accordion-panel\" id=\"wpa9-accordion-panel-when-will-the-translation-be-ready\">\n\n\t\t<div class=\"wpa9-accordion-toggler d-flex\" data-panel=\"when-will-the-translation-be-ready\" role=\"button\" aria-controls=\"wpa9-accordion-panel-when-will-the-translation-be-ready\" aria-expanded=\"false\">\n\n\t\t\t<div class=\"wpa9-accordion-icon wpa9-accordion-icon-open\"><\/div>\n\n\t\t\t<div class=\"wpa9-accordion-title\">When will the translation be ready?<\/div>\n\n\t\t<\/div>\n\n\t\t<div class=\"wpa9-accordion-content\" role=\"region\">\n\t\t\t<p>Exactly by the deadline that we will agree upon in advance.<\/p>\n\t\t<\/div>\n\n\t<\/div>\n<\/div>\n<\/div><\/div><\/div><\/div><\/div><\/div><\/div><\/div><\/div><div id=\"pg-5147-2\"  class=\"panel-grid panel-no-style\" ><div id=\"pgc-5147-2-0\"  class=\"panel-grid-cell\" ><div id=\"panel-5147-2-0-0\" class=\"so-panel widget widget_skrv-incl-widget panel-first-child panel-last-child\" data-index=\"2\" ><div\n\t\t\t\n\t\t\tclass=\"so-widget-skrv-incl-widget so-widget-skrv-incl-widget-default-c93e1481a745-5147\"\n\t\t\t\n\t\t><div id=\"pl-5969\"  class=\"panel-layout\" ><div id=\"pg-5969-0\"  class=\"panel-grid panel-no-style\" ><div id=\"pgc-5969-0-0\"  class=\"panel-grid-cell\" ><div id=\"panel-5969-0-0-0\" class=\"so-panel widget widget_wpa9-card-s panel-first-child panel-last-child\" data-index=\"0\" ><div\n\t\t\t\n\t\t\tclass=\"so-widget-wpa9-card-s so-widget-wpa9-card-s-default-c93e1481a745-5147\"\n\t\t\t\n\t\t><div class=\"wpa9-card wpa9-card-s narrow positive\">\n\n\t<div class=\"wpa9-card-wrapper container\">\n\n\t\t<div class=\"wpa9-card-text\">\n\t\t\t<h2 class=\"wpa9-card-title\">We give you the price of the translation in advance, accurate to the last word.<\/h2>\n\t\t\t\t\t<\/div>\n\n\t\t\t\t<div class=\"meta meta-buttons d-flex flex-row justify-content-center\">\n\t\t\t\t\t\t\t<a class=\"btn btn-negative show-inquiry-form\" href=\"https:\/\/dev.skrivanek.sk\/dopyt\/\" title=\"I want a price quote\">I want a price quote<\/a>\n\t\t\t\t<\/div>\n\t\t\n\t<\/div>\n\n<\/div>\n<\/div><\/div><\/div><\/div><\/div><\/div><\/div><\/div><\/div><div id=\"pg-5147-3\"  class=\"panel-grid panel-no-style\" ><div id=\"pgc-5147-3-0\"  class=\"panel-grid-cell\" ><div id=\"panel-5147-3-0-0\" class=\"so-panel widget widget_skrv-incl-widget panel-first-child panel-last-child\" data-index=\"3\" ><div\n\t\t\t\n\t\t\tclass=\"so-widget-skrv-incl-widget so-widget-skrv-incl-widget-default-c93e1481a745-5147\"\n\t\t\t\n\t\t><div id=\"pl-5962\"  class=\"panel-layout\" ><div id=\"pg-5962-0\"  class=\"panel-grid panel-has-style\" ><div class=\"siteorigin-panels-stretch panel-row-style panel-row-style-for-5962-0\" data-stretch-type=\"full\" ><div id=\"pgc-5962-0-0\"  class=\"panel-grid-cell\" ><div id=\"panel-5962-0-0-0\" class=\"so-panel widget widget_skrv-testimonials panel-first-child panel-last-child\" data-index=\"0\" ><div\n\t\t\t\n\t\t\tclass=\"so-widget-skrv-testimonials so-widget-skrv-testimonials-default-c93e1481a745-5147\"\n\t\t\t\n\t\t>\n\n<div class=\"skrv-testimonials\">\n\n    \n  <h3 class=\"widget-title\"><span class=\"title-wrapper\"><span class=\"title_bg_character\" style=\"color:#ffffff\">\u201d<\/span><span class=\"title\">Reliability, speed and quality of services<\/span><\/span><\/h3>\n  <div id=\"skrv-testimonial\" class=\"carousel slide\" data-bs-interval=\"4000\" data-bs-ride=\"carousel\" data-bs-touch=\"true\">\n    <div class=\"carousel-inner\">\n                <div class=\"skrv-testimonial-item carousel-item active\">\n        <div class=\"d-block\">\n                    <blockquote class=\"skrv-testimonial-text\">\"Skriv\u00e1nek s.r.o. is a long-standing supplier of translations of our tourist guides and multilingual books. We are very content with the comprehensive nature and quality of the provided services.\"<\/blockquote>\n          <h6 class=\"skrv-testimonial-client\">Vydavatelstv\u00ed MCU s.r.o., \u010cesk\u00fd Krumlov<\/h6>\n        <\/div>\n      <\/div>\n                <div class=\"skrv-testimonial-item carousel-item\">\n        <div class=\"d-block\">\n                    <blockquote class=\"skrv-testimonial-text\">\"We are very pleased with the services Sk\u0159iv\u00e1nek s.r.o. provides. Above all, we appreciate the professional standard of its teachers and the prompt handling of all our requests.\"<\/blockquote>\n          <h6 class=\"skrv-testimonial-client\">LANNUTTI CZECH, s.r.o., Louka u Litv\u00ednova<\/h6>\n        <\/div>\n      <\/div>\n                <div class=\"skrv-testimonial-item carousel-item\">\n        <div class=\"d-block\">\n                    <blockquote class=\"skrv-testimonial-text\">\"The language teaching services of Skriv\u00e1nek s.r.o. were provided punctually, properly and professionally.\"<\/blockquote>\n          <h6 class=\"skrv-testimonial-client\">MICONEX, s.r.o., Liberec<\/h6>\n        <\/div>\n      <\/div>\n                <div class=\"skrv-testimonial-item carousel-item\">\n        <div class=\"d-block\">\n                    <blockquote class=\"skrv-testimonial-text\">\"We are very happy not only with the translations of technical texts, such as manuals and operating instructions for machinery, but also with the communication and compliance with deadlines. We can definitely recommend cooperation with Sk\u0159iv\u00e1nek s r.o.\"<\/blockquote>\n          <h6 class=\"skrv-testimonial-client\">ALPLA, spol. s.r.o., Byst\u0159ice<\/h6>\n        <\/div>\n      <\/div>\n                <div class=\"skrv-testimonial-item carousel-item\">\n        <div class=\"d-block\">\n                    <blockquote class=\"skrv-testimonial-text\">\"In order to provide our employees with the necessary language skills for them to perform their work, we have been cooperating with the Sk\u0159iv\u00e1nek language agency since 2006. We are happy with the quality of their language courses, which is confirmed by the fact that we have expanded English language teaching over the past few years with new courses. Our cooperation has been problem-free and, therefore, we plan to continue using their services in the future.\"<\/blockquote>\n          <h6 class=\"skrv-testimonial-client\">Zeelandia, spol. s r.o., Mal\u0161ice<\/h6>\n        <\/div>\n      <\/div>\n        <\/div>\n\n    <a class=\"carousel-control-prev\" href=\"#0\" data-bs-target=\"#skrv-testimonial\" role=\"button\" data-bs-slide=\"prev\">\n      <span class=\"carousel-control-prev-icon\" aria-hidden=\"true\"><\/span>\n      <span class=\"sr-only\">Previous<\/span>\n    <\/a>\n    <a class=\"carousel-control-next\" href=\"#0\" data-bs-target=\"#skrv-testimonial\" role=\"button\" data-bs-slide=\"next\">\n      <span class=\"carousel-control-next-icon\" aria-hidden=\"true\"><\/span>\n      <span class=\"sr-only\">Next<\/span>\n    <\/a>\n\n    <ol class=\"carousel-indicators hidden\">\n                <li data-bs-target=\"#skrv-testimonial\" data-bs-slide-to=\"0\" class=\"active\"><\/li>\n                <li data-bs-target=\"#skrv-testimonial\" data-bs-slide-to=\"1\" class=\"\"><\/li>\n                <li data-bs-target=\"#skrv-testimonial\" data-bs-slide-to=\"2\" class=\"\"><\/li>\n                <li data-bs-target=\"#skrv-testimonial\" data-bs-slide-to=\"3\" class=\"\"><\/li>\n                <li data-bs-target=\"#skrv-testimonial\" data-bs-slide-to=\"4\" class=\"\"><\/li>\n        <\/ol>\n  <\/div>\n\n<\/div>\n\n<\/div><\/div><\/div><\/div><\/div><\/div><\/div><\/div><\/div><\/div><\/div>","protected":false},"excerpt":{"rendered":"<p>Certified translations We can translate diplomas and certificates, official documents, authorisations, medical reports and other documents. The fact that the translation matches the original text is confirmed by the attached clause with the stamp of the certified translator. Stamped translations are important for courts or other state\u00a0institutions. 100% match with the original text and a [&hellip;]<\/p>\n","protected":false},"author":1,"featured_media":0,"parent":5156,"menu_order":0,"comment_status":"closed","ping_status":"closed","template":"","meta":{"_acf_changed":false,"footnotes":""},"class_list":["post-5147","page","type-page","status-publish","hentry"],"acf":[],"_links":{"self":[{"href":"https:\/\/dev.skrivanek.sk\/en\/wp-json\/wp\/v2\/pages\/5147","targetHints":{"allow":["GET"]}}],"collection":[{"href":"https:\/\/dev.skrivanek.sk\/en\/wp-json\/wp\/v2\/pages"}],"about":[{"href":"https:\/\/dev.skrivanek.sk\/en\/wp-json\/wp\/v2\/types\/page"}],"author":[{"embeddable":true,"href":"https:\/\/dev.skrivanek.sk\/en\/wp-json\/wp\/v2\/users\/1"}],"replies":[{"embeddable":true,"href":"https:\/\/dev.skrivanek.sk\/en\/wp-json\/wp\/v2\/comments?post=5147"}],"version-history":[{"count":3,"href":"https:\/\/dev.skrivanek.sk\/en\/wp-json\/wp\/v2\/pages\/5147\/revisions"}],"predecessor-version":[{"id":5973,"href":"https:\/\/dev.skrivanek.sk\/en\/wp-json\/wp\/v2\/pages\/5147\/revisions\/5973"}],"up":[{"embeddable":true,"href":"https:\/\/dev.skrivanek.sk\/en\/wp-json\/wp\/v2\/pages\/5156"}],"wp:attachment":[{"href":"https:\/\/dev.skrivanek.sk\/en\/wp-json\/wp\/v2\/media?parent=5147"}],"curies":[{"name":"wp","href":"https:\/\/api.w.org\/{rel}","templated":true}]}}