{"id":5133,"date":"2025-03-28T09:12:52","date_gmt":"2025-03-28T08:12:52","guid":{"rendered":"https:\/\/skrivanek.sk\/conference-interpreting\/"},"modified":"2025-03-28T09:59:32","modified_gmt":"2025-03-28T08:59:32","slug":"conference-interpreting","status":"publish","type":"page","link":"https:\/\/dev.skrivanek.sk\/en\/interpretation\/conference-interpreting\/","title":{"rendered":"Conference interpreting"},"content":{"rendered":"<div id=\"pl-5133\"  class=\"panel-layout\" ><div id=\"pg-5133-0\"  class=\"panel-grid panel-has-style\" ><div class=\"siteorigin-panels-stretch panel-row-style panel-row-style-for-5133-0\" data-stretch-type=\"full\" ><div id=\"pgc-5133-0-0\"  class=\"panel-grid-cell\" ><div id=\"panel-5133-0-0-0\" class=\"so-panel widget widget_wpa9-card-l panel-first-child panel-last-child\" data-index=\"0\" ><div\n\t\t\t\n\t\t\tclass=\"so-widget-wpa9-card-l so-widget-wpa9-card-l-default-c93e1481a745-5133\"\n\t\t\t\n\t\t>\n\n<div class=\"wpa9-card wpa9-card-l-container d-flex flex-wrap wpa9-columns-2\">\n\n\t\n\t\t\n\t<div class=\"wpa9-card-l-panel wpa9-panel shadow rounded d-flex flex-column justify-content-between\">\n\n\t\t<div>\n\t\t\t\t\t\t\t<span class=\"wpa9-panel-icon icon\" style=\"display: none; background-image: url('https:\/\/dev.skrivanek.sk\/wp-content\/uploads\/2021\/01\/ico-bublina.svg')\"><\/span>\n\t\t\t<span class=\"wpa9-panel-icon icon\" style=\"mask-image: url(https:\/\/dev.skrivanek.sk\/wp-content\/uploads\/2021\/01\/ico-bublina.svg); -webkit-mask-image: url(https:\/\/dev.skrivanek.sk\/wp-content\/uploads\/2021\/01\/ico-bublina.svg);\"><\/span>\n\t\t\n\t\t\t\t\t\t\t\t<h2 class=\"wpa9-panel-title\">Simultaneous interpreting<\/h2>\n\t\t\n\t\t\t\t\t\t\t<div class=\"wpa9-panel-content\"><div class=\"box-content\">\n<p>Simultaneous, i.e. conference interpreting, will be provided simultaneously with the speaker\u2019s speech without delays. As this is the most demanding form of interpreting, it is essential to use at least two interpreters who will take turns regularly\u00a0.<\/p>\n<\/div>\n<div class=\"box-proscons\">\n<div class=\"box-proscons__item\">\n<div class=\"ico var-neutral\"><\/div>\n<ul>\n<li class=\"innerText\">Years of experience and professional interpreters for interpreting in a combination of 40 languages.<\/li>\n<li class=\"innerText\">Immediately and without delays<\/li>\n<li class=\"innerText\">Accurate interpreting in terms of language and expertise.<\/li>\n<\/ul>\n<\/div>\n<\/div>\n<\/div>\n\t\t\t\t<\/div>\n\n\t\t\t\t<div class=\"meta meta-buttons d-flex flex-column flex-sm-row justify-content-start\">\n\t\t\t\t\t\t\t<a class=\"btn btn-negative show-inquiry-form\" href=\"https:\/\/dev.skrivanek.sk\/dopyt\/\" title=\"Send order\">Send order<\/a>\n\t\t\t\t<\/div>\n\t\t\n\t<\/div>\n\n\t\t\n\t<div class=\"wpa9-card-l-panel wpa9-panel shadow rounded d-flex flex-column justify-content-between\">\n\n\t\t<div>\n\t\t\t\t\t\t\t<span class=\"wpa9-panel-icon icon\" style=\"display: none; background-image: url('https:\/\/dev.skrivanek.sk\/wp-content\/uploads\/2021\/01\/ico-obecnypreklad.svg')\"><\/span>\n\t\t\t<span class=\"wpa9-panel-icon icon\" style=\"mask-image: url(https:\/\/dev.skrivanek.sk\/wp-content\/uploads\/2021\/01\/ico-obecnypreklad.svg); -webkit-mask-image: url(https:\/\/dev.skrivanek.sk\/wp-content\/uploads\/2021\/01\/ico-obecnypreklad.svg);\"><\/span>\n\t\t\n\t\t\t\t\t\t\t\t<h2 class=\"wpa9-panel-title\">Types of simultaneous interpreting<\/h2>\n\t\t\n\t\t\t\t\t\t\t<div class=\"wpa9-panel-content\"><div class=\"box-proscons__item\">\n<ul>\n<li class=\"innerText\">Interpreting at conferences<\/li>\n<li class=\"innerText\">Interpreting at congresses<\/li>\n<li class=\"innerText\">Interpreting at seminars<\/li>\n<li class=\"innerText\">Interpreting at lectures<\/li>\n<\/ul>\n<\/div>\n<\/div>\n\t\t\t\t<\/div>\n\n\t\t\t\t<div class=\"meta meta-buttons d-flex flex-column flex-sm-row justify-content-start\">\n\t\t\t\t\t\t\t<a class=\"btn btn-negative show-inquiry-form\" href=\"https:\/\/dev.skrivanek.sk\/dopyt\/\" title=\"Send order\">Send order<\/a>\n\t\t\t\t<\/div>\n\t\t\n\t<\/div>\n\n\t\t\n\t\n<\/div>\n<\/div><\/div><\/div><\/div><\/div><div id=\"pg-5133-1\"  class=\"panel-grid panel-no-style\" ><div id=\"pgc-5133-1-0\"  class=\"panel-grid-cell\" ><div id=\"panel-5133-1-0-0\" class=\"so-panel widget widget_skrv-incl-widget panel-first-child panel-last-child\" data-index=\"1\" ><div\n\t\t\t\n\t\t\tclass=\"so-widget-skrv-incl-widget so-widget-skrv-incl-widget-default-c93e1481a745-5133\"\n\t\t\t\n\t\t><div id=\"pl-5987\"  class=\"panel-layout\" ><div id=\"pg-5987-0\"  class=\"panel-grid panel-has-style\" ><div class=\"siteorigin-panels-stretch panel-row-style panel-row-style-for-5987-0\" data-stretch-type=\"full\" ><div id=\"pgc-5987-0-0\"  class=\"panel-grid-cell\" ><div id=\"panel-5987-0-0-0\" class=\"widget_text so-panel widget widget_custom_html panel-first-child panel-last-child\" data-index=\"0\" ><div class=\"textwidget custom-html-widget\"><div class=\"wpa9-cta-box-ext\">\n\t<div class=\"wpa9-cta-box-ext-header\">\n\t\t<h2>In Skrivanek we have <br \/>more than 30 years of experience<\/h2>\n<p>\n\tThis enables us to easily select the best specialist for your texts.\n<\/p>\n\t<\/div>\n\n<div class=\"wpa9-cta-box-ext-content\">\n\t<div class=\"advantage-section counter-section\">\n\t\t<span class=\"h1\"><span class=\"value\" data-counter-duration=\"3000\">80<\/span>+<\/span><br \/>languages in various combinations\n\t<\/div>\n\t<div class=\"advantage-section\">\n\t\t<span class=\"h1\"><span class=\"value\" data-counter-duration=\"750\">4<\/span> billion<\/span><br \/>words translated since 1994\n\t<\/div>\n\t<div class=\"advantage-section\">\n\t\t<span class=\"h1\"><span class=\"value\" data-counter-duration=\"3000\">96<\/span><\/span><br \/>specialisations\n\t<\/div>\n<\/div>\n\t<script>\n\t\t(function($) {\n\t\t\t\n\t\t\t$(document).ready(function() {\n\t\t\t\/* ****** Animation counting of numbers ****** *\/\n\n      var section = document.querySelector('.counter-section');\n      var hasEntered = false;\n\n      window.addEventListener('scroll', (e) => {\n      \tvar shouldAnimate = (window.scrollY + window.innerHeight) >= section.offsetTop;\n\n      \tif (shouldAnimate && !hasEntered) {\n        \thasEntered = true;\n\n          $('.value').each(function () {\n            var duration = $(this).data('counter-duration');\n          \t$(this).prop('Counter',0).animate({\n              Counter: $(this).text()\n          \t}, {\n              duration: duration,\n              easing: 'linear',\n              step: function (now) {\n                  $(this).text(Math.ceil(now));\n              }\n         \t\t});\n          });\n\n        }\n \u00a0 \u00a0  });\n\t\t\t\t\n\t\t\t});\n\t\t})(jQuery);\n\t\n\t<\/script>\n\t<\/div><\/div><\/div><\/div><\/div><\/div><\/div><\/div><\/div><\/div><\/div><div id=\"pg-5133-2\"  class=\"panel-grid panel-no-style\" ><div id=\"pgc-5133-2-0\"  class=\"panel-grid-cell\" ><div id=\"panel-5133-2-0-0\" class=\"so-panel widget widget_skrv-incl-widget panel-first-child panel-last-child\" data-index=\"2\" ><div\n\t\t\t\n\t\t\tclass=\"so-widget-skrv-incl-widget so-widget-skrv-incl-widget-default-c93e1481a745-5133\"\n\t\t\t\n\t\t><div id=\"pl-5962\"  class=\"panel-layout\" ><div id=\"pg-5962-0\"  class=\"panel-grid panel-has-style\" ><div class=\"siteorigin-panels-stretch panel-row-style panel-row-style-for-5962-0\" data-stretch-type=\"full\" ><div id=\"pgc-5962-0-0\"  class=\"panel-grid-cell\" ><div id=\"panel-5962-0-0-0\" class=\"so-panel widget widget_skrv-testimonials panel-first-child panel-last-child\" data-index=\"0\" ><div\n\t\t\t\n\t\t\tclass=\"so-widget-skrv-testimonials so-widget-skrv-testimonials-default-c93e1481a745-5133\"\n\t\t\t\n\t\t>\n\n<div class=\"skrv-testimonials\">\n\n    \n  <h3 class=\"widget-title\"><span class=\"title-wrapper\"><span class=\"title_bg_character\" style=\"color:#ffffff\">\u201d<\/span><span class=\"title\">Reliability, speed and quality of services<\/span><\/span><\/h3>\n  <div id=\"skrv-testimonial\" class=\"carousel slide\" data-bs-interval=\"4000\" data-bs-ride=\"carousel\" data-bs-touch=\"true\">\n    <div class=\"carousel-inner\">\n                <div class=\"skrv-testimonial-item carousel-item active\">\n        <div class=\"d-block\">\n                    <blockquote class=\"skrv-testimonial-text\">\"Skriv\u00e1nek s.r.o. is a long-standing supplier of translations of our tourist guides and multilingual books. We are very content with the comprehensive nature and quality of the provided services.\"<\/blockquote>\n          <h6 class=\"skrv-testimonial-client\">Vydavatelstv\u00ed MCU s.r.o., \u010cesk\u00fd Krumlov<\/h6>\n        <\/div>\n      <\/div>\n                <div class=\"skrv-testimonial-item carousel-item\">\n        <div class=\"d-block\">\n                    <blockquote class=\"skrv-testimonial-text\">\"We are very pleased with the services Sk\u0159iv\u00e1nek s.r.o. provides. Above all, we appreciate the professional standard of its teachers and the prompt handling of all our requests.\"<\/blockquote>\n          <h6 class=\"skrv-testimonial-client\">LANNUTTI CZECH, s.r.o., Louka u Litv\u00ednova<\/h6>\n        <\/div>\n      <\/div>\n                <div class=\"skrv-testimonial-item carousel-item\">\n        <div class=\"d-block\">\n                    <blockquote class=\"skrv-testimonial-text\">\"The language teaching services of Skriv\u00e1nek s.r.o. were provided punctually, properly and professionally.\"<\/blockquote>\n          <h6 class=\"skrv-testimonial-client\">MICONEX, s.r.o., Liberec<\/h6>\n        <\/div>\n      <\/div>\n                <div class=\"skrv-testimonial-item carousel-item\">\n        <div class=\"d-block\">\n                    <blockquote class=\"skrv-testimonial-text\">\"We are very happy not only with the translations of technical texts, such as manuals and operating instructions for machinery, but also with the communication and compliance with deadlines. We can definitely recommend cooperation with Sk\u0159iv\u00e1nek s r.o.\"<\/blockquote>\n          <h6 class=\"skrv-testimonial-client\">ALPLA, spol. s.r.o., Byst\u0159ice<\/h6>\n        <\/div>\n      <\/div>\n                <div class=\"skrv-testimonial-item carousel-item\">\n        <div class=\"d-block\">\n                    <blockquote class=\"skrv-testimonial-text\">\"In order to provide our employees with the necessary language skills for them to perform their work, we have been cooperating with the Sk\u0159iv\u00e1nek language agency since 2006. We are happy with the quality of their language courses, which is confirmed by the fact that we have expanded English language teaching over the past few years with new courses. Our cooperation has been problem-free and, therefore, we plan to continue using their services in the future.\"<\/blockquote>\n          <h6 class=\"skrv-testimonial-client\">Zeelandia, spol. s r.o., Mal\u0161ice<\/h6>\n        <\/div>\n      <\/div>\n        <\/div>\n\n    <a class=\"carousel-control-prev\" href=\"#0\" data-bs-target=\"#skrv-testimonial\" role=\"button\" data-bs-slide=\"prev\">\n      <span class=\"carousel-control-prev-icon\" aria-hidden=\"true\"><\/span>\n      <span class=\"sr-only\">Previous<\/span>\n    <\/a>\n    <a class=\"carousel-control-next\" href=\"#0\" data-bs-target=\"#skrv-testimonial\" role=\"button\" data-bs-slide=\"next\">\n      <span class=\"carousel-control-next-icon\" aria-hidden=\"true\"><\/span>\n      <span class=\"sr-only\">Next<\/span>\n    <\/a>\n\n    <ol class=\"carousel-indicators hidden\">\n                <li data-bs-target=\"#skrv-testimonial\" data-bs-slide-to=\"0\" class=\"active\"><\/li>\n                <li data-bs-target=\"#skrv-testimonial\" data-bs-slide-to=\"1\" class=\"\"><\/li>\n                <li data-bs-target=\"#skrv-testimonial\" data-bs-slide-to=\"2\" class=\"\"><\/li>\n                <li data-bs-target=\"#skrv-testimonial\" data-bs-slide-to=\"3\" class=\"\"><\/li>\n                <li data-bs-target=\"#skrv-testimonial\" data-bs-slide-to=\"4\" class=\"\"><\/li>\n        <\/ol>\n  <\/div>\n\n<\/div>\n\n<\/div><\/div><\/div><\/div><\/div><\/div><\/div><\/div><\/div><\/div><div id=\"pg-5133-3\"  class=\"panel-grid panel-no-style\" ><div id=\"pgc-5133-3-0\"  class=\"panel-grid-cell\" ><div id=\"panel-5133-3-0-0\" class=\"so-panel widget widget_wpa9-card-s panel-first-child panel-last-child\" data-index=\"3\" ><div\n\t\t\t\n\t\t\tclass=\"so-widget-wpa9-card-s so-widget-wpa9-card-s-default-c93e1481a745-5133\"\n\t\t\t\n\t\t><div class=\"wpa9-card wpa9-card-s narrow positive\">\n\n\t<div class=\"wpa9-card-wrapper container\">\n\n\t\t<div class=\"wpa9-card-text\">\n\t\t\t<h2 class=\"wpa9-card-title\">Do you need an interpreter? <\/h2>\n\t\t\t<div class=\"wpa9-card-content\"><p style=\"text-align: center\">We will create a quote for\u00a0you<\/p>\n<\/div>\t\t<\/div>\n\n\t\t\t\t<div class=\"meta meta-buttons d-flex flex-row justify-content-center\">\n\t\t\t\t\t\t\t<a class=\"btn btn-negative show-inquiry-form\" href=\"https:\/\/dev.skrivanek.sk\/dopyt\/\" title=\"Send order\">Send order<\/a>\n\t\t\t\t<\/div>\n\t\t\n\t<\/div>\n\n<\/div>\n<\/div><\/div><\/div><\/div><\/div>","protected":false},"excerpt":{"rendered":"<p>Simultaneous interpreting Simultaneous, i.e. conference interpreting, will be provided simultaneously with the speaker\u2019s speech without delays. As this is the most demanding form of interpreting, it is essential to use at least two interpreters who will take turns regularly\u00a0. Years of experience and professional interpreters for interpreting in a combination of 40 languages. Immediately and [&hellip;]<\/p>\n","protected":false},"author":1,"featured_media":0,"parent":5151,"menu_order":0,"comment_status":"closed","ping_status":"closed","template":"","meta":{"_acf_changed":false,"footnotes":""},"class_list":["post-5133","page","type-page","status-publish","hentry"],"acf":[],"_links":{"self":[{"href":"https:\/\/dev.skrivanek.sk\/en\/wp-json\/wp\/v2\/pages\/5133","targetHints":{"allow":["GET"]}}],"collection":[{"href":"https:\/\/dev.skrivanek.sk\/en\/wp-json\/wp\/v2\/pages"}],"about":[{"href":"https:\/\/dev.skrivanek.sk\/en\/wp-json\/wp\/v2\/types\/page"}],"author":[{"embeddable":true,"href":"https:\/\/dev.skrivanek.sk\/en\/wp-json\/wp\/v2\/users\/1"}],"replies":[{"embeddable":true,"href":"https:\/\/dev.skrivanek.sk\/en\/wp-json\/wp\/v2\/comments?post=5133"}],"version-history":[{"count":4,"href":"https:\/\/dev.skrivanek.sk\/en\/wp-json\/wp\/v2\/pages\/5133\/revisions"}],"predecessor-version":[{"id":5990,"href":"https:\/\/dev.skrivanek.sk\/en\/wp-json\/wp\/v2\/pages\/5133\/revisions\/5990"}],"up":[{"embeddable":true,"href":"https:\/\/dev.skrivanek.sk\/en\/wp-json\/wp\/v2\/pages\/5151"}],"wp:attachment":[{"href":"https:\/\/dev.skrivanek.sk\/en\/wp-json\/wp\/v2\/media?parent=5133"}],"curies":[{"name":"wp","href":"https:\/\/api.w.org\/{rel}","templated":true}]}}