{"id":5127,"date":"2025-03-28T09:12:50","date_gmt":"2025-03-28T08:12:50","guid":{"rendered":"https:\/\/skrivanek.sk\/about-us\/"},"modified":"2025-03-28T09:14:17","modified_gmt":"2025-03-28T08:14:17","slug":"about-us","status":"publish","type":"page","link":"https:\/\/dev.skrivanek.sk\/en\/about-us\/","title":{"rendered":"About us"},"content":{"rendered":"<div id=\"pl-5127\"  class=\"panel-layout\" ><div id=\"pg-5127-0\"  class=\"panel-grid panel-has-style\" ><div class=\"siteorigin-panels-stretch panel-row-style panel-row-style-for-5127-0\" data-stretch-type=\"full\" ><div id=\"pgc-5127-0-0\"  class=\"panel-grid-cell\" ><div id=\"panel-5127-0-0-0\" class=\"so-panel widget widget_wpa9-card-m panel-first-child panel-last-child\" data-index=\"0\" ><div\n\t\t\t\n\t\t\tclass=\"so-widget-wpa9-card-m so-widget-wpa9-card-m-default-c93e1481a745-5127\"\n\t\t\t\n\t\t>\n\n<section class=\"wpa9-card wpa9-card-m-container d-flex flex-wrap justify-content-center RACTj1\">\n\n\t\n\t\t\n\t\t\t\n\t<article class=\"wpa9-card-m-panel wpa9-panel \">\n\t<div class=\"rounded\">\n\t\t\t\t<header class=\"d-block flex-wrap pb-4\">\n\t\t\t\t\t\t\t<span class=\"wpa9-card-icon icon d-none\" style=\"background-image: url('https:\/\/dev.skrivanek.sk\/wp-content\/uploads\/2021\/03\/icon-circle.svg')\"><\/span>\n\t\t\t\t<span class=\"wpa9-card-icon icon\" style=\"mask-image: url(https:\/\/dev.skrivanek.sk\/wp-content\/uploads\/2021\/03\/icon-circle.svg); -webkit-mask-image: url(https:\/\/dev.skrivanek.sk\/wp-content\/uploads\/2021\/03\/icon-circle.svg);\"><\/span>\n\t\t\t\n\t\t\t\t\t\t\t\t<h2 class=\"wpa9-card-title\">More than 20 years of experience<\/h2>\n\t\t\t\t<\/header>\n\n\t\t\t\t<main class=\"wpa9-card-content\"><p>with language courses, translations and interpreting. We have been in business since\u00a01994.<\/p>\n<\/main>\n\t\t\n\t<\/div>\t<\/article>\n\t\t\n\t\t\t\n\t<article class=\"wpa9-card-m-panel wpa9-panel \">\n\t<div class=\"rounded\">\n\t\t\t\t<header class=\"d-block flex-wrap pb-4\">\n\t\t\t\t\t\t\t<span class=\"wpa9-card-icon icon d-none\" style=\"background-image: url('https:\/\/dev.skrivanek.sk\/wp-content\/uploads\/2021\/03\/icon-circle.svg')\"><\/span>\n\t\t\t\t<span class=\"wpa9-card-icon icon\" style=\"mask-image: url(https:\/\/dev.skrivanek.sk\/wp-content\/uploads\/2021\/03\/icon-circle.svg); -webkit-mask-image: url(https:\/\/dev.skrivanek.sk\/wp-content\/uploads\/2021\/03\/icon-circle.svg);\"><\/span>\n\t\t\t\n\t\t\t\t\t\t\t\t<h2 class=\"wpa9-card-title\">Branches in 15 countries<\/h2>\n\t\t\t\t<\/header>\n\n\t\t\t\t<main class=\"wpa9-card-content\"><p>You can find Skrivanek\u00a0in Germany, in the UK or even in the <span class=\"caps\">USA<\/span>, for example. So you can work with us from all over the\u00a0world.<\/p>\n<\/main>\n\t\t\n\t<\/div>\t<\/article>\n\t\t\n\t\t\t\n\t<article class=\"wpa9-card-m-panel wpa9-panel \">\n\t<div class=\"rounded\">\n\t\t\t\t<header class=\"d-block flex-wrap pb-4\">\n\t\t\t\t\t\t\t<span class=\"wpa9-card-icon icon d-none\" style=\"background-image: url('https:\/\/dev.skrivanek.sk\/wp-content\/uploads\/2021\/03\/icon-circle.svg')\"><\/span>\n\t\t\t\t<span class=\"wpa9-card-icon icon\" style=\"mask-image: url(https:\/\/dev.skrivanek.sk\/wp-content\/uploads\/2021\/03\/icon-circle.svg); -webkit-mask-image: url(https:\/\/dev.skrivanek.sk\/wp-content\/uploads\/2021\/03\/icon-circle.svg);\"><\/span>\n\t\t\t\n\t\t\t\t\t\t\t\t<h2 class=\"wpa9-card-title\">Certified company<\/h2>\n\t\t\t\t<\/header>\n\n\t\t\t\t<main class=\"wpa9-card-content\"><p>Our activities are subject to various <a title=\"Company certification\" href=\"https:\/\/www.skrivanek.sk\/sk\/certifikacia-spolocnosti\" data-entity-substitution=\"canonical\" data-entity-type=\"node\" data-entity-uuid=\"a959a105-0edd-41da-a051-9b522d30d402\">certifications<\/a>, ensuring a high level of service\u00a0.<\/p>\n<\/main>\n\t\t\n\t<\/div>\t<\/article>\n\t\t\n\n\t\t\n\t\n<\/section>\n<\/div><\/div><\/div><\/div><\/div><div id=\"pg-5127-1\"  class=\"panel-grid panel-no-style\" ><div id=\"pgc-5127-1-0\"  class=\"panel-grid-cell panel-grid-cell-empty\" ><\/div><\/div><div id=\"pg-5127-2\"  class=\"panel-grid panel-has-style\" ><div class=\"siteorigin-panels-stretch panel-row-style panel-row-style-for-5127-2\" data-stretch-type=\"full\" ><div id=\"pgc-5127-2-0\"  class=\"panel-grid-cell\" ><div id=\"panel-5127-2-0-0\" class=\"so-panel widget widget_wpa9-buttons-group panel-first-child panel-last-child\" data-index=\"1\" ><div\n\t\t\t\n\t\t\tclass=\"so-widget-wpa9-buttons-group so-widget-wpa9-buttons-group-default-7f91da832e02-5127\"\n\t\t\t\n\t\t>\n<h3 class=\"wpa9-buttons-group-title widget-title layout-negative\">We will arrange for you<\/h3>\n<div class=\"wpa9-buttons-group-wrapper\">\n\n\t<div class=\"wpa9-buttons-group d-flex flex-wrap justify-content-center\">\n\n\t\n\t\t\n\t\t<a class=\"wpa9-buttons-group-button btn btn-size-s btn-negative d-flex flex-row justify-content-center disabled \" href=\"#0\" id=\"wpa9-buttons-group-panel-corporate-language-courses\" title=\"Corporate language courses\"><span class=\"align-self-center\">Corporate language courses<\/span><\/a>\n\n\t\n\t\t\n\t\t<a class=\"wpa9-buttons-group-button btn btn-size-s btn-negative d-flex flex-row justify-content-center disabled \" href=\"#0\" id=\"wpa9-buttons-group-panel-online-lessons\" title=\"Online lessons\"><span class=\"align-self-center\">Online lessons<\/span><\/a>\n\n\t\n\t\t\n\t\t<a class=\"wpa9-buttons-group-button btn btn-size-s btn-negative d-flex flex-row justify-content-center \" href=\"https:\/\/dev.skrivanek.sk\/preklady\/\" id=\"wpa9-buttons-group-panel-translation-and-proofreading\" title=\"Translation and proofreading\"><span class=\"align-self-center\">Translation and proofreading<\/span><\/a>\n\n\t\n\t\t\n\t\t<a class=\"wpa9-buttons-group-button btn btn-size-s btn-negative d-flex flex-row justify-content-center \" href=\"https:\/\/dev.skrivanek.sk\/tlmocenie\/\" id=\"wpa9-buttons-group-panel-interpreting-at-all-types-of-events\" title=\"Interpreting at all types of events\"><span class=\"align-self-center\">Interpreting at all types of events<\/span><\/a>\n\n\t\n\t<\/div>\n\n<\/div>\n<\/div><\/div><\/div><\/div><\/div><div id=\"pg-5127-3\"  class=\"panel-grid panel-no-style\" ><div id=\"pgc-5127-3-0\"  class=\"panel-grid-cell\" ><div id=\"panel-5127-3-0-0\" class=\"so-panel widget widget_wpa9-card-l panel-first-child panel-last-child\" data-index=\"2\" ><div\n\t\t\t\n\t\t\tclass=\"so-widget-wpa9-card-l so-widget-wpa9-card-l-default-c93e1481a745-5127\"\n\t\t\t\n\t\t>\n\n<div class=\"wpa9-card wpa9-card-l-container d-flex flex-wrap wpa9-columns-3\">\n\n\t\n\t\t\n\t<div class=\"wpa9-card-l-panel wpa9-panel shadow rounded d-flex flex-column justify-content-between\">\n\n\t\t<div>\n\t\t\t\t\t\t\t<span class=\"wpa9-panel-icon icon\" style=\"display: none; background-image: url('https:\/\/dev.skrivanek.sk\/wp-content\/uploads\/2023\/02\/high-res-10-consec-years.png')\"><\/span>\n\t\t\t<span class=\"wpa9-panel-icon icon\" style=\"mask-image: url(https:\/\/dev.skrivanek.sk\/wp-content\/uploads\/2023\/02\/high-res-10-consec-years-948x520.png); -webkit-mask-image: url(https:\/\/dev.skrivanek.sk\/wp-content\/uploads\/2023\/02\/high-res-10-consec-years-948x520.png);\"><\/span>\n\t\t\n\t\t\t\t\t\t\t\t<h2 class=\"wpa9-panel-title\">Recognition<\/h2>\n\t\t\n\t\t\t\t\t\t\t\t<figure>\n\t\t\t\t<img decoding=\"async\" src=\"https:\/\/dev.skrivanek.sk\/wp-content\/uploads\/2023\/02\/high-res-10-consec-years-948x520.png\" alt=\"Recognition\" class=\"img-responsive\" style=\"width:80%\"\/>\n\t\t\t<\/figure>\n\t\t\t\t\t\t\t<div class=\"wpa9-panel-content\"><p>In\u00a02021, CSA Research ranked us among the Top 100 Global Language Providers.<\/p>\n<\/div>\n\t\t\t\t<\/div>\n\n\t\t\n\t<\/div>\n\n\t\t\n\t<div class=\"wpa9-card-l-panel wpa9-panel shadow rounded d-flex flex-column justify-content-between\">\n\n\t\t<div>\n\t\t\t\t\n\t\t\t\t\t\t\t\t<h2 class=\"wpa9-panel-title\">Company certification<\/h2>\n\t\t\n\t\t\t\t\t\t\t<div class=\"wpa9-panel-content\"><p>In 2002, we were one of the first in the industry to introduce a quality management system according to <span class=\"caps\">EN<\/span> <span class=\"caps\">ISO<\/span> 9001. We have also successfully implemented the latest industry standard <span class=\"caps\">EN<\/span> 17100. The Skrivanek Language School is a preparation centre for various types of language exams, including the Cambridge English Language Assessment. See what other\u00a0certificates we hold.<\/p>\n<\/div>\n\t\t\t\t<\/div>\n\n\t\t\t\t<div class=\"meta meta-buttons d-flex flex-column flex-sm-row justify-content-centre\">\n\t\t\t\t\t<a class=\"btn \" href=\"https:\/\/dev.skrivanek.sk\/o-nas\/certifikacia-spolocnosti\/\" title=\"More\">More<\/a>\n\t\t\t\t\t\t<\/div>\n\t\t\n\t<\/div>\n\n\t\t\n\t<div class=\"wpa9-card-l-panel wpa9-panel shadow rounded d-flex flex-column justify-content-between\">\n\n\t\t<div>\n\t\t\t\t\n\t\t\t\t\t\t\t\t<h2 class=\"wpa9-panel-title\">Our policies and objectives<\/h2>\n\t\t\n\t\t\t\t\t\t\t\t<figure>\n\t\t\t\t<img decoding=\"async\" src=\"https:\/\/dev.skrivanek.sk\/wp-content\/uploads\/2021\/02\/bezpecnostni-politika-informaci-nahled-v3.jpg\" alt=\"Our policies and objectives\" class=\"img-responsive\" style=\"width:100%\"\/>\n\t\t\t<\/figure>\n\t\t\t\t\t\t\t<div class=\"wpa9-panel-content\"><p>Company policies and objectives unite everyone at our company \u2013 owners, management and employees. They are the foundation of our success.<\/p>\n<\/div>\n\t\t\t\t<\/div>\n\n\t\t\t\t<div class=\"meta meta-buttons d-flex flex-column flex-sm-row justify-content-centre\">\n\t\t\t\t\t<a class=\"btn \" href=\"#0\" title=\"More\">More<\/a>\n\t\t\t\t\t\t<\/div>\n\t\t\n\t<\/div>\n\n\t\t\n\t\n<\/div>\n<\/div><\/div><\/div><\/div><div id=\"pg-5127-4\"  class=\"panel-grid panel-has-style\" ><div class=\"siteorigin-panels-stretch panel-row-style panel-row-style-for-5127-4\" data-stretch-type=\"full\" ><div id=\"pgc-5127-4-0\"  class=\"panel-grid-cell\" ><div id=\"panel-5127-4-0-0\" class=\"so-panel widget widget_skrv-incl-widget panel-first-child panel-last-child\" data-index=\"3\" ><div\n\t\t\t\n\t\t\tclass=\"so-widget-skrv-incl-widget so-widget-skrv-incl-widget-default-c93e1481a745-5127\"\n\t\t\t\n\t\t><div id=\"pl-1749\"  class=\"panel-layout\" ><div id=\"pg-1749-0\"  class=\"panel-grid panel-no-style\" ><div id=\"pgc-1749-0-0\"  class=\"panel-grid-cell\" ><div id=\"panel-1749-0-0-0\" class=\"so-panel widget widget_wpa9-card-s panel-first-child panel-last-child\" data-index=\"0\" ><div\n\t\t\t\n\t\t\tclass=\"so-widget-wpa9-card-s so-widget-wpa9-card-s-default-c93e1481a745-5127\"\n\t\t\t\n\t\t><div class=\"wpa9-card wpa9-card-s narrow positive\">\n\n\t<div class=\"wpa9-card-wrapper container\">\n\n\t\t<div class=\"wpa9-card-text\">\n\t\t\t<h2 class=\"wpa9-card-title\">Potrebujete preklad? H\u013ead\u00e1te tlmo\u010dn\u00edka alebo jazykov\u00fd kurz?<\/h2>\n\t\t\t<div class=\"wpa9-card-content\"><p style=\"text-align: center\">Vytvor\u00edme v\u00e1m cenov\u00fa ponuku na mieru.<\/p>\n<p>&nbsp;<\/p>\n<\/div>\t\t<\/div>\n\n\t\t\t\t<div class=\"meta meta-buttons d-flex flex-row justify-content-center\">\n\t\t\t\t\t\t\t<a class=\"btn btn-negative show-inquiry-form\" href=\"https:\/\/dev.skrivanek.sk\/dopyt\/\" title=\"Zasla\u0165 objedn\u00e1vku\">Zasla\u0165 objedn\u00e1vku<\/a>\n\t\t\t\t<\/div>\n\t\t\n\t<\/div>\n\n<\/div>\n<\/div><\/div><\/div><\/div><\/div><\/div><\/div><\/div><\/div><\/div><\/div>","protected":false},"excerpt":{"rendered":"<p>More than 20 years of experience with language courses, translations and interpreting. We have been in business since\u00a01994. Branches in 15 countries You can find Skrivanek\u00a0in Germany, in the UK or even in the USA, for example. So you can work with us from all over the\u00a0world. Certified company Our activities are subject to various [&hellip;]<\/p>\n","protected":false},"author":1,"featured_media":0,"parent":0,"menu_order":0,"comment_status":"closed","ping_status":"closed","template":"","meta":{"_acf_changed":false,"footnotes":""},"class_list":["post-5127","page","type-page","status-publish","hentry"],"acf":[],"_links":{"self":[{"href":"https:\/\/dev.skrivanek.sk\/en\/wp-json\/wp\/v2\/pages\/5127","targetHints":{"allow":["GET"]}}],"collection":[{"href":"https:\/\/dev.skrivanek.sk\/en\/wp-json\/wp\/v2\/pages"}],"about":[{"href":"https:\/\/dev.skrivanek.sk\/en\/wp-json\/wp\/v2\/types\/page"}],"author":[{"embeddable":true,"href":"https:\/\/dev.skrivanek.sk\/en\/wp-json\/wp\/v2\/users\/1"}],"replies":[{"embeddable":true,"href":"https:\/\/dev.skrivanek.sk\/en\/wp-json\/wp\/v2\/comments?post=5127"}],"version-history":[{"count":1,"href":"https:\/\/dev.skrivanek.sk\/en\/wp-json\/wp\/v2\/pages\/5127\/revisions"}],"predecessor-version":[{"id":5128,"href":"https:\/\/dev.skrivanek.sk\/en\/wp-json\/wp\/v2\/pages\/5127\/revisions\/5128"}],"wp:attachment":[{"href":"https:\/\/dev.skrivanek.sk\/en\/wp-json\/wp\/v2\/media?parent=5127"}],"curies":[{"name":"wp","href":"https:\/\/api.w.org\/{rel}","templated":true}]}}