{"id":5125,"date":"2025-03-28T09:12:51","date_gmt":"2025-03-28T08:12:51","guid":{"rendered":"https:\/\/skrivanek.sk\/contact\/"},"modified":"2025-03-28T09:14:17","modified_gmt":"2025-03-28T08:14:17","slug":"contact","status":"publish","type":"page","link":"https:\/\/dev.skrivanek.sk\/en\/contact\/","title":{"rendered":"Contact"},"content":{"rendered":"<div id=\"pl-5125\"  class=\"panel-layout\" ><div id=\"pg-5125-0\"  class=\"panel-grid panel-has-style\" ><div class=\"siteorigin-panels-stretch panel-row-style panel-row-style-for-5125-0\" id=\"all-branches\" data-stretch-type=\"full\" ><div id=\"pgc-5125-0-0\"  class=\"panel-grid-cell\" ><div id=\"panel-5125-0-0-0\" class=\"so-panel widget widget_siteorigin-panels-postloop panel-first-child panel-last-child\" data-index=\"0\" ><h3 class=\"widget-title\">Our branches<\/h3>\n\n  <!-- .posts -->\n  <div class=\"loop-places row\">\n\n\t  \n    <!-- article -->\n    <article class=\"col-12 col-md-6 shadow rounded post-6005 skrv-place type-skrv-place status-publish has-post-thumbnail hentry\" id=\"post-6005\">\n\n      <div class=\"entry-container\">\n\n        <header class=\"place-header\">\n          <span class=\"icon icon-location icon-outline\"><\/span><h3 class=\"post-title place-title f-general\">Bratislava<\/h3>\n        <\/header>\n\n        <address class=\"place-gm-info\"><p><span class=\"address-line1\">Jaro\u0161ova 1<\/span><br \/>\n<span class=\"postal-code\">831 03<\/span> <span class=\"locality\">Bratislava<\/span><br \/>\n<span class=\"country\">Slovensko<\/span><\/p>\n<p><strong>Language school<\/strong><br \/>\nE-mail: <a href=\"javascript:secureDecryptAndNavigate('tkMvPD3EbxexRU7X2cUGHjJGVkwVjr4Ec5jSWSnnuD4IVM71hPzYi8zEuRMdK8Z0q4D0Bq\/u5cATf3NW+Qf0JCCBk0w6iAiXuF39ka\/lVp9vkaFK', '7b1a4fcbd15cdc4ff298d45c643aedac25b9f5dfd3b401621c50aebc320da748')\">&#98;&#114;a&#116;isla&#118;a&#64;s&#107;ol&#97;.s&#107;r&#105;&#118;anek&#46;sk<\/a><br \/>\n<span class=\"caps\">GSM<\/span>: +421 910 584 184<\/p>\n<p><strong>Translation and interpreting<\/strong><br \/>\nE-mail: <a href=\"javascript:secureDecryptAndNavigate('2feGp\/r+LRl10YSQpf+yBaZ7McOxEt6l5ej1aoQ1dxPugWYbaMGkEptZRcmHDmlD8pf6LMdJ+MG6ab6B9+2m\/2ctyrXqzFid4oY\/Xw==', '7b1a4fcbd15cdc4ff298d45c643aedac25b9f5dfd3b401621c50aebc320da748')\">pr&#101;k&#108;&#97;d&#121;&#64;&#115;kr&#105;v&#97;&#110;&#101;k.&#115;k<\/a><br \/>\n<span class=\"caps\">GSM<\/span>: +421 910 584 184<\/p>\n<p><strong>Director Slovakia<\/strong><br \/>\nIng. Katar\u00edna Tk\u00e1\u010dov\u00e1<br \/>\nE-mail:\u00a0<a href=\"javascript:secureDecryptAndNavigate('y8vjY+t+rBhLdq4v3aqMKnE6PfYF1ANbxtzNtwUj6Ge2BvhBsazF7PM\/vlSQMNaMVM\/nVPihXhkFml1j46xumAon2Z\/PA\/8LpoZet3WloI6oFp2v', '7b1a4fcbd15cdc4ff298d45c643aedac25b9f5dfd3b401621c50aebc320da748')\">kata&#114;ina.tk&#97;c&#111;v&#97;&#64;&#115;&#107;riv&#97;&#110;e&#107;&#46;&#115;k<\/a><br \/>\n<span class=\"caps\">GSM<\/span>: +421 902\u00a0904\u00a0149<\/p>\n<\/address>\n\n        \n        \n        <figure class=\"thumbnail\">\n          <a href=\"https:\/\/dev.skrivanek.sk\/en\/office\/bratislava\/\" class=\"\" title=\"Bratislava\">\n            <img decoding=\"async\" src=\"https:\/\/dev.skrivanek.sk\/wp-content\/uploads\/2021\/02\/jarosova-slider-3-1-512x340.jpg\" alt=\"jarosova-slider-3\" \/>\n            <span class=\"btn btn-light\">Details<\/span>\n          <\/a>\n        <\/figure>\n\n        \n      <\/div>\n\n    <\/article>\n    <!-- \/article -->\n\n    \n    <!-- article -->\n    <article class=\"col-12 col-md-6 shadow rounded post-6007 skrv-place type-skrv-place status-publish has-post-thumbnail hentry\" id=\"post-6007\">\n\n      <div class=\"entry-container\">\n\n        <header class=\"place-header\">\n          <span class=\"icon icon-location icon-outline\"><\/span><h3 class=\"post-title place-title f-general\">Ko\u0161ice<\/h3>\n        <\/header>\n\n        <address class=\"place-gm-info\"><p>Werferova 1<br \/>\n<span class=\"postal-code\">040 11<\/span> <span class=\"locality\">Ko\u0161ice<\/span><br \/>\n<span class=\"country\">Slovensko<\/span><\/p>\n<p><strong>Language school<\/strong><br \/>\nEmail: <a href=\"javascript:secureDecryptAndNavigate('eljVrBURcsbCrIrxA2j3Br0Bp3aBHC1cd9jmvyL4KJIpSNNcVAUEcGOzF1utkYnpqUeGk9eJrPYngDcCSE+ITlvZ8WWQnFVVwRvUsfp1p2M=', '7b1a4fcbd15cdc4ff298d45c643aedac25b9f5dfd3b401621c50aebc320da748')\">k&#111;s&#105;ce&#64;&#115;&#107;ol&#97;&#46;skriv&#97;&#110;ek.s&#107;<\/a> <\/a><br \/>\n<span class=\"caps\">GSM<\/span>: +421 910 584\u00a0184<\/p>\n<p><strong>Translation and interpreting<\/strong><br \/>\nEmail: <a href=\"javascript:secureDecryptAndNavigate('6CS\/+qpbTB05RHEiw2zLK0D2XmLSSSHkhEgc8716QwsO3uchplgURXnPOBdw+zCas\/ameCymzR33ILnEN+XpaKkn5ix7AP4mhkxNjQ==', '7b1a4fcbd15cdc4ff298d45c643aedac25b9f5dfd3b401621c50aebc320da748')\">&#112;&#114;&#101;k&#108;a&#100;&#121;&#64;s&#107;&#114;&#105;v&#97;ne&#107;&#46;&#115;k<\/a><br \/>\n<span class=\"caps\">GSM<\/span>: +421 910 584 184<\/p>\n<p><strong>Director Slovakia<\/strong><br \/>\nIng. Katar\u00edna Tk\u00e1\u010dov\u00e1<br \/>\nE-mail:\u00a0<a href=\"javascript:secureDecryptAndNavigate('zSz+XPyw45c\/L6iJ2eXLV9zynBd\/yAltBdfEP+qrgqhTobD3+PRc7CFek+d15Krprk4rjasQ7XxC1f90edoWPAVN5ht3RoesF8zxxIc+ZL\/WPJmT', '7b1a4fcbd15cdc4ff298d45c643aedac25b9f5dfd3b401621c50aebc320da748')\">&#107;&#97;t&#97;&#114;in&#97;&#46;t&#107;a&#99;&#111;va&#64;s&#107;r&#105;van&#101;&#107;.&#115;&#107;<\/a><br \/>\n<span class=\"caps\">GSM<\/span>: +421 902 904\u00a0149<\/p>\n<\/address>\n\n        \n        \n        <figure class=\"thumbnail\">\n          <a href=\"https:\/\/dev.skrivanek.sk\/en\/office\/kosice\/\" class=\"\" title=\"Ko\u0161ice\">\n            <img decoding=\"async\" src=\"https:\/\/dev.skrivanek.sk\/wp-content\/uploads\/2021\/02\/aston-512x340.jpg\" alt=\"aston\" \/>\n            <span class=\"btn btn-light\">Details<\/span>\n          <\/a>\n        <\/figure>\n\n        \n      <\/div>\n\n    <\/article>\n    <!-- \/article -->\n\n    \n    \n  <\/div>\n  <!-- \/posts -->\n\n<\/div><\/div><\/div><\/div><\/div>","protected":false},"excerpt":{"rendered":"<p>Our branches Bratislava Jaro\u0161ova 1 831 03 Bratislava Slovensko Language school E-mail: bra&#116;&#105;&#115;&#108;&#97;&#118;a&#64;skola&#46;&#115;&#107;ri&#118;&#97;&#110;ek&#46;&#115;k GSM: +421 910 584 184 Translation and interpreting E-mail: pr&#101;kl&#97;d&#121;&#64;s&#107;r&#105;&#118;a&#110;ek.sk GSM: +421 910 584 184 Director Slovakia Ing. Katar\u00edna Tk\u00e1\u010dov\u00e1 E-mail:\u00a0ka&#116;&#97;ri&#110;a&#46;t&#107;&#97;&#99;o&#118;&#97;&#64;s&#107;&#114;&#105;vanek.sk GSM: +421 902\u00a0904\u00a0149 Details Ko\u0161ice Werferova 1 040 11 Ko\u0161ice Slovensko Language school Email: k&#111;sic&#101;&#64;&#115;kol&#97;&#46;s&#107;r&#105;&#118;a&#110;e&#107;.&#115;&#107; GSM: +421 910 584\u00a0184 Translation and [&hellip;]<\/p>\n","protected":false},"author":1,"featured_media":0,"parent":0,"menu_order":0,"comment_status":"closed","ping_status":"closed","template":"template-parts\/page-template__contact.php","meta":{"_acf_changed":false,"footnotes":""},"class_list":["post-5125","page","type-page","status-publish","hentry"],"acf":[],"_links":{"self":[{"href":"https:\/\/dev.skrivanek.sk\/en\/wp-json\/wp\/v2\/pages\/5125","targetHints":{"allow":["GET"]}}],"collection":[{"href":"https:\/\/dev.skrivanek.sk\/en\/wp-json\/wp\/v2\/pages"}],"about":[{"href":"https:\/\/dev.skrivanek.sk\/en\/wp-json\/wp\/v2\/types\/page"}],"author":[{"embeddable":true,"href":"https:\/\/dev.skrivanek.sk\/en\/wp-json\/wp\/v2\/users\/1"}],"replies":[{"embeddable":true,"href":"https:\/\/dev.skrivanek.sk\/en\/wp-json\/wp\/v2\/comments?post=5125"}],"version-history":[{"count":4,"href":"https:\/\/dev.skrivanek.sk\/en\/wp-json\/wp\/v2\/pages\/5125\/revisions"}],"predecessor-version":[{"id":5915,"href":"https:\/\/dev.skrivanek.sk\/en\/wp-json\/wp\/v2\/pages\/5125\/revisions\/5915"}],"wp:attachment":[{"href":"https:\/\/dev.skrivanek.sk\/en\/wp-json\/wp\/v2\/media?parent=5125"}],"curies":[{"name":"wp","href":"https:\/\/api.w.org\/{rel}","templated":true}]}}