{"id":5123,"date":"2025-03-28T09:12:51","date_gmt":"2025-03-28T08:12:51","guid":{"rendered":"https:\/\/skrivanek.sk\/company-management\/"},"modified":"2025-03-28T11:35:49","modified_gmt":"2025-03-28T10:35:49","slug":"company-management","status":"publish","type":"page","link":"https:\/\/dev.skrivanek.sk\/en\/about-us\/company-management\/","title":{"rendered":"Company management"},"content":{"rendered":"<div id=\"pl-5123\"  class=\"panel-layout\" ><div id=\"pg-5123-0\"  class=\"panel-grid panel-has-style\" ><div class=\"panel-row-style panel-row-style-for-5123-0\" ><div id=\"pgc-5123-0-0\"  class=\"panel-grid-cell\" ><div id=\"panel-5123-0-0-0\" class=\"so-panel widget widget_wpa9-editor-ext panel-first-child panel-last-child\" data-index=\"0\" ><div\n\t\t\t\n\t\t\tclass=\"so-widget-wpa9-editor-ext so-widget-wpa9-editor-ext-default-c93e1481a745-5123\"\n\t\t\t\n\t\t>\n<div class=\"siteorigin-widget-tinymce textwidget\">\n\t<h4 class=\"wpa9-icon d-flex flex-row\" style=\"margin-bottom:20px\"><span class=\"icon icon-location icon-xxl icon-outline\"><\/span><span class=\"wpa9-icon-content\">Adresa<\/span><\/h4>\n<p>SKRIVANEK SLOVENSKO, s.r.o.<br \/>\n<span class=\"address-line1\">Mlynsk\u00e1 22<\/span><br \/>\n<span class=\"postal-code\">040 01<\/span> <span class=\"locality\">Ko\u0161ice<\/span><br \/>\n<span class=\"country\">Slovakia<\/span><\/p>\n<p><a href=\"https:\/\/www.google.cz\/maps\/place\/Skrivanek+Slovensko\/@48.7214339,21.2591032,17z\/data=!3m1!4b1!4m5!3m4!1s0x473ee07ad80c2201:0x7ae6957a958b48c4!8m2!3d48.7214339!4d21.2612919\" target=\"_blank\" rel=\"noopener\">48.7214858N, 21.2612781E<\/a><\/p>\n<\/div>\n<\/div><\/div><\/div><div id=\"pgc-5123-0-1\"  class=\"panel-grid-cell\" ><div id=\"panel-5123-0-1-0\" class=\"so-panel widget widget_wpa9-editor-ext panel-first-child panel-last-child\" data-index=\"1\" ><div\n\t\t\t\n\t\t\tclass=\"so-widget-wpa9-editor-ext so-widget-wpa9-editor-ext-default-c93e1481a745-5123\"\n\t\t\t\n\t\t>\n<div class=\"siteorigin-widget-tinymce textwidget\">\n\t<h4 class=\"wpa9-icon d-flex flex-row\" style=\"margin-bottom:20px\"><span class=\"icon icon-location icon-xxl icon-outline\"><\/span><span class=\"wpa9-icon-content\">Kontakt<\/span><\/h4>\n<p><a href=\"javascript:secureDecryptAndNavigate('NvUxAYbAYYmgRWPhSslILrIKG6CF5uOYUvS63BDtITK8iSlvYZ4SqTX8jOHEvRObh7awApVBUnUu2QW\/F5KJXPeEKShiSM3MECqKPw7a7lw7o9yQ', '7b1a4fcbd15cdc4ff298d45c643aedac25b9f5dfd3b401621c50aebc320da748')\" target=\"_blank\" rel=\"noopener\">kat&#97;r&#105;na.tk&#97;c&#111;&#118;&#97;&#64;&#115;&#107;&#114;i&#118;&#97;nek&#46;sk<\/a><\/p>\n<p>\u00a0<\/p>\n<\/div>\n<\/div><\/div><\/div><div id=\"pgc-5123-0-2\"  class=\"panel-grid-cell\" ><div id=\"panel-5123-0-2-0\" class=\"so-panel widget widget_wpa9-editor-ext panel-first-child panel-last-child\" data-index=\"2\" ><div\n\t\t\t\n\t\t\tclass=\"so-widget-wpa9-editor-ext so-widget-wpa9-editor-ext-default-c93e1481a745-5123\"\n\t\t\t\n\t\t>\n<div class=\"siteorigin-widget-tinymce textwidget\">\n\t<h4 class=\"wpa9-icon d-flex flex-row\" style=\"margin-bottom:20px\"><span class=\"icon icon-location icon-xxl icon-outline\"><\/span><span class=\"wpa9-icon-content\">Faktura\u010dn\u00e9 \u00fadaje<\/span><\/h4>\n<p>SKRIVANEK SLOVENSKO, s.r.o.<br \/>\n<span class=\"address-line1\">Mlynsk\u00e1 22<\/span><br \/>\n<span class=\"postal-code\">040 01<\/span> <span class=\"locality\">Ko\u0161ice<\/span><br \/>\n<span class=\"country\">Slovakia<\/span><\/p>\n<p>ID: 36 409 812<br \/>\nVAT ID: SK2020107958<\/p>\n<p>Company registered in the Commercial Register of the Ko\u0161ice I District Court, section: Sro, insert no.: 39425\/V.<\/p>\n<\/div>\n<\/div><\/div><\/div><\/div><\/div><div id=\"pg-5123-1\"  class=\"panel-grid panel-has-style\" ><div class=\"siteorigin-panels-stretch panel-row-style panel-row-style-for-5123-1\" data-stretch-type=\"full\" ><div id=\"pgc-5123-1-0\"  class=\"panel-grid-cell\" ><div id=\"panel-5123-1-0-0\" class=\"so-panel widget widget_wpa9-team-members panel-first-child panel-last-child\" data-index=\"3\" ><div\n\t\t\t\n\t\t\tclass=\"so-widget-wpa9-team-members so-widget-wpa9-team-members-default-c93e1481a745-5123\"\n\t\t\t\n\t\t>\n\n<h3 class=\"widget-title\">Management<\/h3>\n<div class=\"wpa9-team-members row\">\n\n\t\n\t\t\n\t\t\n\t\t\t<div class=\"wpa9-team-members-panel col-12 col-md-6\">\n\n\t\t\t\t\t\t\t<figure class=\"wpa9-team-members-image\">\n\t\t\t\t\t<img alt=\"pavel-skrivanek\" decoding=\"async\" src=\"https:\/\/dev.skrivanek.sk\/wp-content\/uploads\/2021\/02\/pavel-skrivanek.png\" alt=\"\" class=\"img-responsive\" \/>\n\t\t\t\t<\/figure>\n\n\t\t\t\t<h4 class=\"wpa9-team-members-name\">Ing. Pavel Sk\u0159iv\u00e1nek<\/h4>\n\n\t\t\t\t<div class=\"wpa9-team-members-position\">Company owner<\/div>\n\t\t\t\t<div class=\"wpa9-team-members-email\"><a href=\"javascript:secureDecryptAndNavigate('wqBxyVvppBVJCLybGSrITv4QTcumyxMWfBNYYV6zo3nqKxo8RQi1e9S27RKc7f8A7Y4xFSchy+DhgdTqYb39kuXRTUeibqP3uQyljcK90dXMkA4=', '7b1a4fcbd15cdc4ff298d45c643aedac25b9f5dfd3b401621c50aebc320da748')\" title=\"Send e-mail to Ing. Pavel Sk\u0159iv\u00e1nek\">&#112;a&#118;e&#108;&#46;s&#107;r&#105;&#118;&#97;&#110;ek&#64;s&#107;rivanek.&#99;z<\/a><\/div>\n\t\t\t\t<div class=\"wpa9-team-members-phone\"><\/div>\n\t\t\t\t<div class=\"wpa9-team-members-description\"><\/div>\n\n\t\t\t<\/div>\n\n\t\t\n\t\t\t<div class=\"wpa9-team-members-panel col-12 col-md-6\">\n\n\t\t\t\t\t\t\t<figure class=\"wpa9-team-members-image\">\n\t\t\t\t\t<img alt=\"ab-00696-948x520\" decoding=\"async\" src=\"https:\/\/dev.skrivanek.sk\/wp-content\/uploads\/2024\/06\/ab-00696-948x520.jpg\" alt=\"\" class=\"img-responsive\" \/>\n\t\t\t\t<\/figure>\n\n\t\t\t\t<h4 class=\"wpa9-team-members-name\">Ing. Katar\u00edna Tk\u00e1\u010dov\u00e1<\/h4>\n\n\t\t\t\t<div class=\"wpa9-team-members-position\">Director for Slovakia<\/div>\n\t\t\t\t<div class=\"wpa9-team-members-email\"><a href=\"javascript:secureDecryptAndNavigate('vhWEpqkrv90CtHbnzelum3ziUtvoBOx3oKCWtXMV6YYJLKI+79IBIwJn2KCASYgURt8Yx\/sS\/TK9b9WKkoRTeC3qkVfXIjuNQRh8u8xOv3xNZo1m', '7b1a4fcbd15cdc4ff298d45c643aedac25b9f5dfd3b401621c50aebc320da748')\" title=\"Send e-mail to Ing. Katar\u00edna Tk\u00e1\u010dov\u00e1\">k&#97;&#116;&#97;&#114;i&#110;a&#46;&#116;&#107;&#97;c&#111;&#118;a&#64;s&#107;&#114;i&#118;&#97;ne&#107;.&#115;k<\/a><\/div>\n\t\t\t\t<div class=\"wpa9-team-members-phone\"><\/div>\n\t\t\t\t<div class=\"wpa9-team-members-description\"><\/div>\n\n\t\t\t<\/div>\n\n\t\t\n\t\n<\/div>\n<\/div><\/div><\/div><\/div><\/div><div id=\"pg-5123-2\"  class=\"panel-grid panel-no-style\" ><div id=\"pgc-5123-2-0\"  class=\"panel-grid-cell\" ><div id=\"panel-5123-2-0-0\" class=\"so-panel widget widget_wpa9-card-s panel-first-child panel-last-child\" data-index=\"4\" ><div\n\t\t\t\n\t\t\tclass=\"so-widget-wpa9-card-s so-widget-wpa9-card-s-default-c93e1481a745-5123\"\n\t\t\t\n\t\t><div class=\"wpa9-card wpa9-card-s narrow positive\">\n\n\t<div class=\"wpa9-card-wrapper container\">\n\n\t\t<div class=\"wpa9-card-text\">\n\t\t\t<h2 class=\"wpa9-card-title\">Need help with translations, interpreting or language courses?<\/h2>\n\t\t\t<div class=\"wpa9-card-content\"><p style=\"text-align: center\">Contact our branch representatives.<\/p>\n<\/div>\t\t<\/div>\n\n\t\t\t\t<div class=\"meta meta-buttons d-flex flex-row justify-content-center\">\n\t\t\t\t\t<a class=\"btn \" href=\"https:\/\/dev.skrivanek.sk\/kontakt\/\" title=\"Select a branch\">Select a branch<\/a>\n\t\t\t\t\t\t<\/div>\n\t\t\n\t<\/div>\n\n<\/div>\n<\/div><\/div><\/div><\/div><\/div>","protected":false},"excerpt":{"rendered":"<p>Adresa SKRIVANEK SLOVENSKO, s.r.o. Mlynsk\u00e1 22 040 01 Ko\u0161ice Slovakia 48.7214858N, 21.2612781E Kontakt k&#97;ta&#114;ina.tk&#97;cov&#97;&#64;&#115;k&#114;&#105;v&#97;n&#101;&#107;.&#115;&#107; \u00a0 Faktura\u010dn\u00e9 \u00fadaje SKRIVANEK SLOVENSKO, s.r.o. Mlynsk\u00e1 22 040 01 Ko\u0161ice Slovakia ID: 36 409 812 VAT ID: SK2020107958 Company registered in the Commercial Register of the Ko\u0161ice I District Court, section: Sro, insert no.: 39425\/V. Management Ing. Pavel Sk\u0159iv\u00e1nek Company [&hellip;]<\/p>\n","protected":false},"author":1,"featured_media":0,"parent":5127,"menu_order":0,"comment_status":"closed","ping_status":"closed","template":"","meta":{"_acf_changed":false,"footnotes":""},"class_list":["post-5123","page","type-page","status-publish","hentry"],"acf":[],"_links":{"self":[{"href":"https:\/\/dev.skrivanek.sk\/en\/wp-json\/wp\/v2\/pages\/5123","targetHints":{"allow":["GET"]}}],"collection":[{"href":"https:\/\/dev.skrivanek.sk\/en\/wp-json\/wp\/v2\/pages"}],"about":[{"href":"https:\/\/dev.skrivanek.sk\/en\/wp-json\/wp\/v2\/types\/page"}],"author":[{"embeddable":true,"href":"https:\/\/dev.skrivanek.sk\/en\/wp-json\/wp\/v2\/users\/1"}],"replies":[{"embeddable":true,"href":"https:\/\/dev.skrivanek.sk\/en\/wp-json\/wp\/v2\/comments?post=5123"}],"version-history":[{"count":3,"href":"https:\/\/dev.skrivanek.sk\/en\/wp-json\/wp\/v2\/pages\/5123\/revisions"}],"predecessor-version":[{"id":6038,"href":"https:\/\/dev.skrivanek.sk\/en\/wp-json\/wp\/v2\/pages\/5123\/revisions\/6038"}],"up":[{"embeddable":true,"href":"https:\/\/dev.skrivanek.sk\/en\/wp-json\/wp\/v2\/pages\/5127"}],"wp:attachment":[{"href":"https:\/\/dev.skrivanek.sk\/en\/wp-json\/wp\/v2\/media?parent=5123"}],"curies":[{"name":"wp","href":"https:\/\/api.w.org\/{rel}","templated":true}]}}