{"id":5103,"date":"2025-03-28T09:13:05","date_gmt":"2025-03-28T08:13:05","guid":{"rendered":"https:\/\/skrivanek.sk\/remote-interpreting\/"},"modified":"2025-03-28T10:01:52","modified_gmt":"2025-03-28T09:01:52","slug":"remote-interpreting","status":"publish","type":"page","link":"https:\/\/dev.skrivanek.sk\/en\/interpretation\/remote-interpreting\/","title":{"rendered":"Remote interpreting"},"content":{"rendered":"<div id=\"pl-5103\"  class=\"panel-layout\" ><div id=\"pg-5103-0\"  class=\"panel-grid panel-has-style\" ><div class=\"siteorigin-panels-stretch panel-row-style panel-row-style-for-5103-0\" data-stretch-type=\"full\" ><div id=\"pgc-5103-0-0\"  class=\"panel-grid-cell\" ><div id=\"panel-5103-0-0-0\" class=\"so-panel widget widget_wpa9-card-l panel-first-child panel-last-child\" data-index=\"0\" ><div\n\t\t\t\n\t\t\tclass=\"so-widget-wpa9-card-l so-widget-wpa9-card-l-default-c93e1481a745-5103\"\n\t\t\t\n\t\t>\n\n<div class=\"wpa9-card wpa9-card-l-container d-flex flex-wrap wpa9-columns-2\">\n\n\t\n\t\t\n\t<div class=\"wpa9-card-l-panel wpa9-panel shadow rounded d-flex flex-column justify-content-between\">\n\n\t\t<div>\n\t\t\t\t\t\t\t<span class=\"wpa9-panel-icon icon\" style=\"display: none; background-image: url('https:\/\/dev.skrivanek.sk\/wp-content\/uploads\/2021\/01\/ico-bublina.svg')\"><\/span>\n\t\t\t<span class=\"wpa9-panel-icon icon\" style=\"mask-image: url(https:\/\/dev.skrivanek.sk\/wp-content\/uploads\/2021\/01\/ico-bublina.svg); -webkit-mask-image: url(https:\/\/dev.skrivanek.sk\/wp-content\/uploads\/2021\/01\/ico-bublina.svg);\"><\/span>\n\t\t\n\t\t\t\t\t\t\t\t<h2 class=\"wpa9-panel-title\">Online interpreting<\/h2>\n\t\t\n\t\t\t\t\t\t\t<div class=\"wpa9-panel-content\"><div>Do you have a meeting, interview or negotiation with business partners in a language that you or one of the participants does not speak? Then you need an interpreter. Try online interpreting with us and discover the benefits of this great alternative to traditional interpreting from the comfort of your office or home without the need to travel.<\/div>\n<div><\/div>\n<div>What will online interpreting bring you and what should you prepare for?<\/div>\n<div><\/div>\n<div>\u2022 Saving time and money \u2013 no need to travel for the interpreter or other interpreting participants, and in the case of full-day or long-term interpreting, no need to pay for meals and accommodation.<\/div>\n<div><\/div>\n<div>\u2022 Time flexibility \u2013 we flexibly adapt to your requirements for the timing of online interpreting with your overseas partners in all world time zones.<\/div>\n<div><\/div>\n<div>\u2022 Efficient selection of the most suitable interpreter, taking into account the narrow specialisation of the interpreting subject \u2013 when selecting an interpreter, we are not limited by the travel costs of specialists living too far from the interpreting location.<\/div>\n<div><\/div>\n<div>\u2022 Easy accessibility (all you need is a PC\/mobile phone, internet connection and voice devices \u2013 microphone\/speaker or headphones or webcam).<\/div>\n<div><\/div>\n<div>\u2022 The possibility to share screens (viewing texts, tables, charts, screenshots or videos that you want to discuss with the other online meeting participants).<\/div>\n<div><\/div>\n<div>\u2022 Choosing the platform that suits you best \u2013 we will adapt to the type of conference connection you are used to communicating in, or recommend and arrange online interpretation through the platform that best suits your needs.<\/div>\n<div><\/div>\n<div>\u2022 Recording option \u2013 you can later share the recording of the online interpretation with colleagues who were unable to attend the meeting.<\/div>\n<div><\/div>\n<div>\u2022 Technical support \u2013 if you leave the choice of the online interpreting platform to us, we will check that everything works as it should before the event starts, or we will train the user in advance.<\/div>\n<div><\/div>\n<div>\u2022 At least minimum PC and internet skills required.<\/div>\n<div><\/div>\n<div>\u2022 Lack of personal contact with the interpreter \u2013 however, at the client\u2019s request, visual contact with the interpreter can be provided through a webcam.<\/div>\n<\/div>\n\t\t\t\t<\/div>\n\n\t\t\t\t<div class=\"meta meta-buttons d-flex flex-column flex-sm-row justify-content-start\">\n\t\t\t\t\t\t\t<a class=\"btn btn-negative show-inquiry-form\" href=\"https:\/\/dev.skrivanek.sk\/dopyt\/\" title=\"Send order\">Send order<\/a>\n\t\t\t\t<\/div>\n\t\t\n\t<\/div>\n\n\t\t\n\t<div class=\"wpa9-card-l-panel wpa9-panel shadow rounded d-flex flex-column justify-content-between\">\n\n\t\t<div>\n\t\t\t\t\t\t\t<span class=\"wpa9-panel-icon icon\" style=\"display: none; background-image: url('https:\/\/dev.skrivanek.sk\/wp-content\/uploads\/2021\/01\/ico-obecnypreklad.svg')\"><\/span>\n\t\t\t<span class=\"wpa9-panel-icon icon\" style=\"mask-image: url(https:\/\/dev.skrivanek.sk\/wp-content\/uploads\/2021\/01\/ico-obecnypreklad.svg); -webkit-mask-image: url(https:\/\/dev.skrivanek.sk\/wp-content\/uploads\/2021\/01\/ico-obecnypreklad.svg);\"><\/span>\n\t\t\n\t\t\t\t\t\t\t\t<h2 class=\"wpa9-panel-title\">Telephone interpreting<\/h2>\n\t\t\n\t\t\t\t\t\t\t<div class=\"wpa9-panel-content\"><div>We can interpret a hospital appointment, a meeting with the police, a complaint or other situations from a language you don\u2019t understand when you need to act immediately and without delays.<\/div>\n<div><\/div>\n<div>\u2022 Saving time and money \u2013 no need to travel for the interpreter or other interpreting participants, and in the case of full-day or long-term interpreting, no need to pay for meals and accommodation.<\/div>\n<div><\/div>\n<div>\u2022 Time flexibility \u2013 we flexibly adapt to your requirements for the timing of interpreting with your overseas partners in all world time zones.<\/div>\n<div><\/div>\n<div>\u2022 Efficient selection of the most suitable interpreter, taking into account the narrow specialisation of the interpreting subject \u2013 when selecting an interpreter, we are not limited by the travel costs of specialists living too far from the interpreting location.<\/div>\n<div><\/div>\n<div>\u2022 Easy accessibility (you only need a phone).<\/div>\n<div><\/div>\n<div>\u2022 Lack of personal contact with the interpreter.<\/div>\n<\/div>\n\t\t\t\t<\/div>\n\n\t\t\t\t<div class=\"meta meta-buttons d-flex flex-column flex-sm-row justify-content-start\">\n\t\t\t\t\t\t\t<a class=\"btn btn-negative show-inquiry-form\" href=\"https:\/\/dev.skrivanek.sk\/dopyt\/\" title=\"Send order\">Send order<\/a>\n\t\t\t\t<\/div>\n\t\t\n\t<\/div>\n\n\t\t\n\t<div class=\"wpa9-card-l-panel wpa9-panel shadow rounded d-flex flex-column justify-content-between\">\n\n\t\t<div>\n\t\t\t\t\t\t\t<span class=\"wpa9-panel-icon icon\" style=\"display: none; background-image: url('https:\/\/dev.skrivanek.sk\/wp-content\/uploads\/2021\/01\/ico-lokalizace.svg')\"><\/span>\n\t\t\t<span class=\"wpa9-panel-icon icon\" style=\"mask-image: url(https:\/\/dev.skrivanek.sk\/wp-content\/uploads\/2021\/01\/ico-lokalizace.svg); -webkit-mask-image: url(https:\/\/dev.skrivanek.sk\/wp-content\/uploads\/2021\/01\/ico-lokalizace.svg);\"><\/span>\n\t\t\n\t\t\t\t\t\t\t\t<h2 class=\"wpa9-panel-title\">How does interpreting work?<\/h2>\n\t\t\n\t\t\t\t\t\t\t<div class=\"wpa9-panel-content\"><p>Remote interpreting is a form of <strong>consecutive interpreting<\/strong>. The interpreter speaks after the speaker has finished speaking in the source language. The speech must therefore be divided into shorter sections \u2013 the speaker expresses some of his\/her thoughts and after a few sentences he\/she must pause and give the interpreter time to translate the speech into the other\u00a0language.<\/p>\n<p>Consecutive interpreting is used for business meetings, company meetings and\u00a0training sessions.<\/p>\n<p><img decoding=\"async\" src=\"https:\/\/www.skrivanek.sk\/sites\/default\/files\/inline-images\/2_0.png\" alt=\"consecutive interpreting\" data-entity-type=\"file\" data-entity-uuid=\"d6da6a35-dcbf-421e-a6ad-c6bff9466eb8\" \/><\/p>\n<p><a href=\"https:\/\/www.skrivanek.sk\/sk\/kontakt\">Email us<\/a>with the event you wish to be interpreted and we will recommend a suitable\u00a0interpreter.<\/p>\n<\/div>\n\t\t\t\t<\/div>\n\n\t\t\t\t<div class=\"meta meta-buttons d-flex flex-column flex-sm-row justify-content-start\">\n\t\t\t\t\t\t\t<a class=\"btn btn-negative show-inquiry-form\" href=\"https:\/\/dev.skrivanek.sk\/dopyt\/\" title=\"Send order\">Send order<\/a>\n\t\t\t\t<\/div>\n\t\t\n\t<\/div>\n\n\t\t\n\t<div class=\"wpa9-card-l-panel wpa9-panel shadow rounded d-flex flex-column justify-content-between\">\n\n\t\t<div>\n\t\t\t\t\t\t\t<span class=\"wpa9-panel-icon icon\" style=\"display: none; background-image: url('https:\/\/dev.skrivanek.sk\/wp-content\/uploads\/2021\/01\/ico-obecnypreklad.svg')\"><\/span>\n\t\t\t<span class=\"wpa9-panel-icon icon\" style=\"mask-image: url(https:\/\/dev.skrivanek.sk\/wp-content\/uploads\/2021\/01\/ico-obecnypreklad.svg); -webkit-mask-image: url(https:\/\/dev.skrivanek.sk\/wp-content\/uploads\/2021\/01\/ico-obecnypreklad.svg);\"><\/span>\n\t\t\n\t\t\t\t\t\t\t\t<h2 class=\"wpa9-panel-title\">Call interpretation<\/h2>\n\t\t\n\t\t\t\t\t\t\t<div class=\"wpa9-panel-content\"><p>We can handle a telephone complaint, interpret a presentation or video conference from a language you don't understand\u00a0.<\/p>\n<ul>\n<li>Years of experience and professionals for interpreting in a combination of 40\u00a0languages.<\/li>\n<li>Immediately and without\u00a0delays.<\/li>\n<li>Accurate interpreting in terms of language and\u00a0expertise.<\/li>\n<\/ul>\n<\/div>\n\t\t\t\t<\/div>\n\n\t\t\t\t<div class=\"meta meta-buttons d-flex flex-column flex-sm-row justify-content-start\">\n\t\t\t\t\t\t\t<a class=\"btn btn-negative show-inquiry-form\" href=\"https:\/\/dev.skrivanek.sk\/dopyt\/\" title=\"Send order\">Send order<\/a>\n\t\t\t\t<\/div>\n\t\t\n\t<\/div>\n\n\t\t\n\t\n<\/div>\n<\/div><\/div><\/div><\/div><\/div><div id=\"pg-5103-1\"  class=\"panel-grid panel-no-style\" ><div id=\"pgc-5103-1-0\"  class=\"panel-grid-cell\" ><div id=\"panel-5103-1-0-0\" class=\"so-panel widget widget_skrv-incl-widget panel-first-child panel-last-child\" data-index=\"1\" ><div\n\t\t\t\n\t\t\tclass=\"so-widget-skrv-incl-widget so-widget-skrv-incl-widget-default-c93e1481a745-5103\"\n\t\t\t\n\t\t><div id=\"pl-5956\"  class=\"panel-layout\" ><div id=\"pg-5956-0\"  class=\"panel-grid panel-no-style\" ><div id=\"pgc-5956-0-0\"  class=\"panel-grid-cell\" ><div id=\"panel-5956-0-0-0\" class=\"so-panel widget widget_wpa9-accordion panel-first-child panel-last-child\" data-index=\"0\" ><div\n\t\t\t\n\t\t\tclass=\"so-widget-wpa9-accordion so-widget-wpa9-accordion-default-c93e1481a745-5103\"\n\t\t\t\n\t\t><h3 class=\"widget-title\">FAQs<\/h3><div class=\"wpa9-accordion\">\n\t<div class=\"wpa9-accordion-panel\" id=\"wpa9-accordion-panel-what-types-of-interpreting-do-you-offer\">\n\n\t\t<div class=\"wpa9-accordion-toggler d-flex\" data-panel=\"what-types-of-interpreting-do-you-offer\" role=\"button\" aria-controls=\"wpa9-accordion-panel-what-types-of-interpreting-do-you-offer\" aria-expanded=\"false\">\n\n\t\t\t<div class=\"wpa9-accordion-icon wpa9-accordion-icon-open\"><\/div>\n\n\t\t\t<div class=\"wpa9-accordion-title\">What types of interpreting do you offer?<\/div>\n\n\t\t<\/div>\n\n\t\t<div class=\"wpa9-accordion-content\" role=\"region\">\n\t\t\t<p>We interpret in combinations of up to 40 languages. This most often involves court interpreting, interpreting at conferences, interpreting at meetings or remote interpreting.<\/p>\n\t\t<\/div>\n\n\t<\/div>\n\t<div class=\"wpa9-accordion-panel\" id=\"wpa9-accordion-panel-may-i-choose-an-interpreter-with-whom-i-have-already-cooperated\">\n\n\t\t<div class=\"wpa9-accordion-toggler d-flex\" data-panel=\"may-i-choose-an-interpreter-with-whom-i-have-already-cooperated\" role=\"button\" aria-controls=\"wpa9-accordion-panel-may-i-choose-an-interpreter-with-whom-i-have-already-cooperated\" aria-expanded=\"false\">\n\n\t\t\t<div class=\"wpa9-accordion-icon wpa9-accordion-icon-open\"><\/div>\n\n\t\t\t<div class=\"wpa9-accordion-title\">May I choose an interpreter with whom I have already cooperated?<\/div>\n\n\t\t<\/div>\n\n\t\t<div class=\"wpa9-accordion-content\" role=\"region\">\n\t\t\t<p>Yes, if you are satisfied with a specific interpreter and he is available at the given time, we will be happy to arrange cooperation with him\/her again.<\/p>\n\t\t<\/div>\n\n\t<\/div>\n\t<div class=\"wpa9-accordion-panel\" id=\"wpa9-accordion-panel-how-much-time-will-the-interpreter-spend-with-me\">\n\n\t\t<div class=\"wpa9-accordion-toggler d-flex\" data-panel=\"how-much-time-will-the-interpreter-spend-with-me\" role=\"button\" aria-controls=\"wpa9-accordion-panel-how-much-time-will-the-interpreter-spend-with-me\" aria-expanded=\"false\">\n\n\t\t\t<div class=\"wpa9-accordion-icon wpa9-accordion-icon-open\"><\/div>\n\n\t\t\t<div class=\"wpa9-accordion-title\">How much time will the interpreter spend with me?<\/div>\n\n\t\t<\/div>\n\n\t\t<div class=\"wpa9-accordion-content\" role=\"region\">\n\t\t\t<p>Everything will depend on the specific agreement and your requirements. You alone will determine how much time the interpreter will spend with you.<\/p>\n\t\t<\/div>\n\n\t<\/div>\n<\/div>\n<\/div><\/div><\/div><\/div><\/div><\/div><\/div><\/div><\/div><div id=\"pg-5103-2\"  class=\"panel-grid panel-has-style\" ><div class=\"siteorigin-panels-stretch panel-row-style panel-row-style-for-5103-2\" data-stretch-type=\"full\" ><div id=\"pgc-5103-2-0\"  class=\"panel-grid-cell\" ><div id=\"panel-5103-2-0-0\" class=\"so-panel widget widget_skrv-incl-widget panel-first-child panel-last-child\" data-index=\"2\" ><div\n\t\t\t\n\t\t\tclass=\"so-widget-skrv-incl-widget so-widget-skrv-incl-widget-default-c93e1481a745-5103\"\n\t\t\t\n\t\t><div id=\"pl-5987\"  class=\"panel-layout\" ><div id=\"pg-5987-0\"  class=\"panel-grid panel-has-style\" ><div class=\"siteorigin-panels-stretch panel-row-style panel-row-style-for-5987-0\" data-stretch-type=\"full\" ><div id=\"pgc-5987-0-0\"  class=\"panel-grid-cell\" ><div id=\"panel-5987-0-0-0\" class=\"widget_text so-panel widget widget_custom_html panel-first-child panel-last-child\" data-index=\"0\" ><div class=\"textwidget custom-html-widget\"><div class=\"wpa9-cta-box-ext\">\n\t<div class=\"wpa9-cta-box-ext-header\">\n\t\t<h2>In Skrivanek we have <br \/>more than 30 years of experience<\/h2>\n<p>\n\tThis enables us to easily select the best specialist for your texts.\n<\/p>\n\t<\/div>\n\n<div class=\"wpa9-cta-box-ext-content\">\n\t<div class=\"advantage-section counter-section\">\n\t\t<span class=\"h1\"><span class=\"value\" data-counter-duration=\"3000\">80<\/span>+<\/span><br \/>languages in various combinations\n\t<\/div>\n\t<div class=\"advantage-section\">\n\t\t<span class=\"h1\"><span class=\"value\" data-counter-duration=\"750\">4<\/span> billion<\/span><br \/>words translated since 1994\n\t<\/div>\n\t<div class=\"advantage-section\">\n\t\t<span class=\"h1\"><span class=\"value\" data-counter-duration=\"3000\">96<\/span><\/span><br \/>specialisations\n\t<\/div>\n<\/div>\n\t<script>\n\t\t(function($) {\n\t\t\t\n\t\t\t$(document).ready(function() {\n\t\t\t\/* ****** Animation counting of numbers ****** *\/\n\n      var section = document.querySelector('.counter-section');\n      var hasEntered = false;\n\n      window.addEventListener('scroll', (e) => {\n      \tvar shouldAnimate = (window.scrollY + window.innerHeight) >= section.offsetTop;\n\n      \tif (shouldAnimate && !hasEntered) {\n        \thasEntered = true;\n\n          $('.value').each(function () {\n            var duration = $(this).data('counter-duration');\n          \t$(this).prop('Counter',0).animate({\n              Counter: $(this).text()\n          \t}, {\n              duration: duration,\n              easing: 'linear',\n              step: function (now) {\n                  $(this).text(Math.ceil(now));\n              }\n         \t\t});\n          });\n\n        }\n \u00a0 \u00a0  });\n\t\t\t\t\n\t\t\t});\n\t\t})(jQuery);\n\t\n\t<\/script>\n\t<\/div><\/div><\/div><\/div><\/div><\/div><\/div><\/div><\/div><\/div><\/div><\/div><div id=\"pg-5103-3\"  class=\"panel-grid panel-no-style\" ><div id=\"pgc-5103-3-0\"  class=\"panel-grid-cell\" ><div id=\"panel-5103-3-0-0\" class=\"so-panel widget widget_skrv-incl-widget panel-first-child panel-last-child\" data-index=\"3\" ><div\n\t\t\t\n\t\t\tclass=\"so-widget-skrv-incl-widget so-widget-skrv-incl-widget-default-c93e1481a745-5103\"\n\t\t\t\n\t\t><div id=\"pl-5962\"  class=\"panel-layout\" ><div id=\"pg-5962-0\"  class=\"panel-grid panel-has-style\" ><div class=\"siteorigin-panels-stretch panel-row-style panel-row-style-for-5962-0\" data-stretch-type=\"full\" ><div id=\"pgc-5962-0-0\"  class=\"panel-grid-cell\" ><div id=\"panel-5962-0-0-0\" class=\"so-panel widget widget_skrv-testimonials panel-first-child panel-last-child\" data-index=\"0\" ><div\n\t\t\t\n\t\t\tclass=\"so-widget-skrv-testimonials so-widget-skrv-testimonials-default-c93e1481a745-5103\"\n\t\t\t\n\t\t>\n\n<div class=\"skrv-testimonials\">\n\n    \n  <h3 class=\"widget-title\"><span class=\"title-wrapper\"><span class=\"title_bg_character\" style=\"color:#ffffff\">\u201d<\/span><span class=\"title\">Reliability, speed and quality of services<\/span><\/span><\/h3>\n  <div id=\"skrv-testimonial\" class=\"carousel slide\" data-bs-interval=\"4000\" data-bs-ride=\"carousel\" data-bs-touch=\"true\">\n    <div class=\"carousel-inner\">\n                <div class=\"skrv-testimonial-item carousel-item active\">\n        <div class=\"d-block\">\n                    <blockquote class=\"skrv-testimonial-text\">\"Skriv\u00e1nek s.r.o. is a long-standing supplier of translations of our tourist guides and multilingual books. We are very content with the comprehensive nature and quality of the provided services.\"<\/blockquote>\n          <h6 class=\"skrv-testimonial-client\">Vydavatelstv\u00ed MCU s.r.o., \u010cesk\u00fd Krumlov<\/h6>\n        <\/div>\n      <\/div>\n                <div class=\"skrv-testimonial-item carousel-item\">\n        <div class=\"d-block\">\n                    <blockquote class=\"skrv-testimonial-text\">\"We are very pleased with the services Sk\u0159iv\u00e1nek s.r.o. provides. Above all, we appreciate the professional standard of its teachers and the prompt handling of all our requests.\"<\/blockquote>\n          <h6 class=\"skrv-testimonial-client\">LANNUTTI CZECH, s.r.o., Louka u Litv\u00ednova<\/h6>\n        <\/div>\n      <\/div>\n                <div class=\"skrv-testimonial-item carousel-item\">\n        <div class=\"d-block\">\n                    <blockquote class=\"skrv-testimonial-text\">\"The language teaching services of Skriv\u00e1nek s.r.o. were provided punctually, properly and professionally.\"<\/blockquote>\n          <h6 class=\"skrv-testimonial-client\">MICONEX, s.r.o., Liberec<\/h6>\n        <\/div>\n      <\/div>\n                <div class=\"skrv-testimonial-item carousel-item\">\n        <div class=\"d-block\">\n                    <blockquote class=\"skrv-testimonial-text\">\"We are very happy not only with the translations of technical texts, such as manuals and operating instructions for machinery, but also with the communication and compliance with deadlines. We can definitely recommend cooperation with Sk\u0159iv\u00e1nek s r.o.\"<\/blockquote>\n          <h6 class=\"skrv-testimonial-client\">ALPLA, spol. s.r.o., Byst\u0159ice<\/h6>\n        <\/div>\n      <\/div>\n                <div class=\"skrv-testimonial-item carousel-item\">\n        <div class=\"d-block\">\n                    <blockquote class=\"skrv-testimonial-text\">\"In order to provide our employees with the necessary language skills for them to perform their work, we have been cooperating with the Sk\u0159iv\u00e1nek language agency since 2006. We are happy with the quality of their language courses, which is confirmed by the fact that we have expanded English language teaching over the past few years with new courses. Our cooperation has been problem-free and, therefore, we plan to continue using their services in the future.\"<\/blockquote>\n          <h6 class=\"skrv-testimonial-client\">Zeelandia, spol. s r.o., Mal\u0161ice<\/h6>\n        <\/div>\n      <\/div>\n        <\/div>\n\n    <a class=\"carousel-control-prev\" href=\"#0\" data-bs-target=\"#skrv-testimonial\" role=\"button\" data-bs-slide=\"prev\">\n      <span class=\"carousel-control-prev-icon\" aria-hidden=\"true\"><\/span>\n      <span class=\"sr-only\">Previous<\/span>\n    <\/a>\n    <a class=\"carousel-control-next\" href=\"#0\" data-bs-target=\"#skrv-testimonial\" role=\"button\" data-bs-slide=\"next\">\n      <span class=\"carousel-control-next-icon\" aria-hidden=\"true\"><\/span>\n      <span class=\"sr-only\">Next<\/span>\n    <\/a>\n\n    <ol class=\"carousel-indicators hidden\">\n                <li data-bs-target=\"#skrv-testimonial\" data-bs-slide-to=\"0\" class=\"active\"><\/li>\n                <li data-bs-target=\"#skrv-testimonial\" data-bs-slide-to=\"1\" class=\"\"><\/li>\n                <li data-bs-target=\"#skrv-testimonial\" data-bs-slide-to=\"2\" class=\"\"><\/li>\n                <li data-bs-target=\"#skrv-testimonial\" data-bs-slide-to=\"3\" class=\"\"><\/li>\n                <li data-bs-target=\"#skrv-testimonial\" data-bs-slide-to=\"4\" class=\"\"><\/li>\n        <\/ol>\n  <\/div>\n\n<\/div>\n\n<\/div><\/div><\/div><\/div><\/div><\/div><\/div><\/div><\/div><\/div><div id=\"pg-5103-4\"  class=\"panel-grid panel-no-style\" ><div id=\"pgc-5103-4-0\"  class=\"panel-grid-cell\" ><div id=\"panel-5103-4-0-0\" class=\"so-panel widget widget_wpa9-card-s panel-first-child panel-last-child\" data-index=\"4\" ><div\n\t\t\t\n\t\t\tclass=\"so-widget-wpa9-card-s so-widget-wpa9-card-s-default-c93e1481a745-5103\"\n\t\t\t\n\t\t><div class=\"wpa9-card wpa9-card-s narrow positive\">\n\n\t<div class=\"wpa9-card-wrapper container\">\n\n\t\t<div class=\"wpa9-card-text\">\n\t\t\t<h2 class=\"wpa9-card-title\"> Do you need interpretation?<\/h2>\n\t\t\t<div class=\"wpa9-card-content\"><p style=\"text-align: center\">You will get the price in advance<\/p>\n<\/div>\t\t<\/div>\n\n\t\t\t\t<div class=\"meta meta-buttons d-flex flex-row justify-content-center\">\n\t\t\t\t\t\t\t<a class=\"btn btn-negative show-inquiry-form\" href=\"https:\/\/dev.skrivanek.sk\/dopyt\/\" title=\"Send order\">Send order<\/a>\n\t\t\t\t<\/div>\n\t\t\n\t<\/div>\n\n<\/div>\n<\/div><\/div><\/div><\/div><\/div>","protected":false},"excerpt":{"rendered":"<p>Online interpreting Do you have a meeting, interview or negotiation with business partners in a language that you or one of the participants does not speak? Then you need an interpreter. Try online interpreting with us and discover the benefits of this great alternative to traditional interpreting from the comfort of your office or home [&hellip;]<\/p>\n","protected":false},"author":1,"featured_media":0,"parent":5151,"menu_order":0,"comment_status":"closed","ping_status":"closed","template":"","meta":{"_acf_changed":false,"footnotes":""},"class_list":["post-5103","page","type-page","status-publish","hentry"],"acf":[],"_links":{"self":[{"href":"https:\/\/dev.skrivanek.sk\/en\/wp-json\/wp\/v2\/pages\/5103","targetHints":{"allow":["GET"]}}],"collection":[{"href":"https:\/\/dev.skrivanek.sk\/en\/wp-json\/wp\/v2\/pages"}],"about":[{"href":"https:\/\/dev.skrivanek.sk\/en\/wp-json\/wp\/v2\/types\/page"}],"author":[{"embeddable":true,"href":"https:\/\/dev.skrivanek.sk\/en\/wp-json\/wp\/v2\/users\/1"}],"replies":[{"embeddable":true,"href":"https:\/\/dev.skrivanek.sk\/en\/wp-json\/wp\/v2\/comments?post=5103"}],"version-history":[{"count":4,"href":"https:\/\/dev.skrivanek.sk\/en\/wp-json\/wp\/v2\/pages\/5103\/revisions"}],"predecessor-version":[{"id":5993,"href":"https:\/\/dev.skrivanek.sk\/en\/wp-json\/wp\/v2\/pages\/5103\/revisions\/5993"}],"up":[{"embeddable":true,"href":"https:\/\/dev.skrivanek.sk\/en\/wp-json\/wp\/v2\/pages\/5151"}],"wp:attachment":[{"href":"https:\/\/dev.skrivanek.sk\/en\/wp-json\/wp\/v2\/media?parent=5103"}],"curies":[{"name":"wp","href":"https:\/\/api.w.org\/{rel}","templated":true}]}}